{"id":985,"date":"2015-06-04T14:17:39","date_gmt":"2015-06-04T14:17:39","guid":{"rendered":"http:\/\/www.mairie-volonne.fr\/?page_id=985"},"modified":"2016-10-22T18:45:03","modified_gmt":"2016-10-22T16:45:03","slug":"espace-info-energie","status":"publish","type":"page","link":"https:\/\/www.mairie-volonne.fr\/index.php\/espace-info-energie\/","title":{"rendered":"Espace Info \u00c9nergie"},"content":{"rendered":"<div class=\"csc-textpic-imagewrap\">\n<div class=\"csc-textpic-center-outer\">\n<div class=\"csc-textpic-center-inner\">\n<figure class=\"csc-textpic-image csc-textpic-last\"><img decoding=\"async\" class=\" aligncenter\" src=\"http:\/\/www.renover-plus-en-pays-dignois.energissime.fr\/typo3temp\/pics\/16e9d23ca2.jpg\" alt=\"\" width=\"120\" height=\"128\" \/><\/figure>\n<\/div>\n<\/div>\n<\/div>\n<div class=\"csc-textpic-text\">\n<div class=\"typo3-rte\">\n<p class=\"align-justify\">Depuis 2001, les Espaces Info \u00c9nergie &#8211; r\u00e9seau national d\u2019information de proximit\u00e9 &#8211; \u00a0informent et conseillent les particuliers, les artisans ainsi que les petites collectivit\u00e9s et les entreprises sur la ma\u00eetrise de l\u2019\u00e9nergie et les \u00e9nergies renouvelables. Le Conseiller Info \u00c9nergie vous accompagne dans votre projet afin d\u2019\u00e9tudier ensemble les solutions de travaux et de financement adapt\u00e9es \u00e0 votre situation. Il vous apportera les conseils neutres, gratuits et ind\u00e9pendants dont vous avez besoin, et r\u00e9pondra \u00e0 toutes vos interrogations sur les questions li\u00e9es \u00e0 l\u2019\u00e9nergie dans le logement afin de consommer moins et mieux pour un m\u00eame confort (isolation, chauffage, production d\u2019eau chaude, \u00e9nergies renouvelables, \u00e9quipements, gestes du quotidien, dispositifs financiers\u2026).<\/p>\n<p class=\"bodytext\"><strong>L&rsquo;Espace Info Energie : un lieu de conseil gratuit<\/strong><\/p>\n<p class=\"bodytext\">Vous n\u2019avez pas encore de projet de construction ou de r\u00e9novation bien pr\u00e9cis mais vous avez le souhait de faire des \u00e9conomies d\u2019\u00e9nergie\u00a0?<\/p>\n<p class=\"bodytext\">L\u2019Espace Info Energie vous apporte des conseils et informations techniques gratuites sur l\u2019isolation, les syst\u00e8mes de chauffage, les diff\u00e9rentes sources d\u2019\u00e9nergie, les \u00e9quipements de votre logement,\u00a0 mais \u00e9galement les dispositifs financiers afin de vous orienter et de vous aider dans vos choix de travaux.<\/p>\n<p class=\"bodytext\">Vous avez un projet de construction ou de r\u00e9novation pr\u00e9cis, recherchez des financements mais ne rentrez pas dans les plafonds de ressources d\u00e9finis par l\u2019ANAH\u00a0?<\/p>\n<p class=\"bodytext\">L\u2019Espace Info Energie vous informe et vous oriente gratuitement sur les diff\u00e9rentes possibilit\u00e9s financi\u00e8res pour la r\u00e9alisation de votre projet.<\/p>\n<p class=\"bodytext\"><span class=\"name-of-person\"><strong>Contact<br \/>\n<\/strong><\/span>Association PACT 04<br \/>\nEspace Info Energie<br \/>\n15, All\u00e9e des Fontainiers<br \/>\n04000 Digne les Bains<br \/>\nT\u00e9l. :\u00a004 92 36 08 16<br \/>\nE-mail :\u00a0<span style=\"color: #339966;\"><a style=\"color: #339966;\" href=\"mailto:espace-info-energie@pact04.org\">espace-info-energie(at)pact04.org<\/a><\/span><\/p>\n<p class=\"bodytext\">&#8212;&#8212;&#8212;&#8212;&#8212;&#8212;&#8212;&#8212;&#8212;&#8212;&#8212;&#8212;&#8212;&#8212;&#8212;&#8212;&#8212;&#8212;-<\/p>\n<p class=\"bodytext\">Autre info:\u00a0 <strong>10 ampoules Led gratuites!<\/strong> comment \u00e7a marche: Clic sur&#8230;<\/p>\n<p><strong><a href=\"https:\/\/www.mesampoulesgratuites.fr\/\">https:\/\/www.mesampoulesgratuites.fr\/\u00a0 <\/a><\/strong><\/p>\n<p class=\"bodytext\">\n<\/div>\n<\/div>\n","protected":false},"excerpt":{"rendered":"<p>Depuis 2001, les Espaces Info \u00c9nergie &#8211; r\u00e9seau national d\u2019information de proximit\u00e9 &#8211; \u00a0informent et conseillent les particuliers, les artisans ainsi que les petites collectivit\u00e9s et les entreprises sur la ma\u00eetrise de l\u2019\u00e9nergie et les \u00e9nergies renouvelables. Le Conseiller Info \u00c9nergie vous accompagne dans votre projet afin d\u2019\u00e9tudier ensemble les solutions de travaux et de [&#8230;]<\/p>\n","protected":false},"author":7,"featured_media":0,"parent":0,"menu_order":0,"comment_status":"closed","ping_status":"closed","template":"","meta":{"_EventAllDay":false,"_EventTimezone":"","_EventStartDate":"","_EventEndDate":"","_EventStartDateUTC":"","_EventEndDateUTC":"","_EventShowMap":false,"_EventShowMapLink":false,"_EventURL":"","_EventCost":"","_EventCostDescription":"","_EventCurrencySymbol":"","_EventCurrencyCode":"","_EventCurrencyPosition":"","_EventDateTimeSeparator":"","_EventTimeRangeSeparator":"","_EventOrganizerID":[],"_EventVenueID":[],"_OrganizerEmail":"","_OrganizerPhone":"","_OrganizerWebsite":"","_VenueAddress":"","_VenueCity":"","_VenueCountry":"","_VenueProvince":"","_VenueState":"","_VenueZip":"","_VenuePhone":"","_VenueURL":"","_VenueStateProvince":"","_VenueLat":"","_VenueLng":"","_VenueShowMap":false,"_VenueShowMapLink":false,"footnotes":""},"class_list":["post-985","page","type-page","status-publish","hentry"],"jetpack_shortlink":"https:\/\/wp.me\/P6fN6B-fT","jetpack_sharing_enabled":true,"_links":{"self":[{"href":"https:\/\/www.mairie-volonne.fr\/index.php\/wp-json\/wp\/v2\/pages\/985","targetHints":{"allow":["GET"]}}],"collection":[{"href":"https:\/\/www.mairie-volonne.fr\/index.php\/wp-json\/wp\/v2\/pages"}],"about":[{"href":"https:\/\/www.mairie-volonne.fr\/index.php\/wp-json\/wp\/v2\/types\/page"}],"author":[{"embeddable":true,"href":"https:\/\/www.mairie-volonne.fr\/index.php\/wp-json\/wp\/v2\/users\/7"}],"replies":[{"embeddable":true,"href":"https:\/\/www.mairie-volonne.fr\/index.php\/wp-json\/wp\/v2\/comments?post=985"}],"version-history":[{"count":6,"href":"https:\/\/www.mairie-volonne.fr\/index.php\/wp-json\/wp\/v2\/pages\/985\/revisions"}],"predecessor-version":[{"id":2010,"href":"https:\/\/www.mairie-volonne.fr\/index.php\/wp-json\/wp\/v2\/pages\/985\/revisions\/2010"}],"wp:attachment":[{"href":"https:\/\/www.mairie-volonne.fr\/index.php\/wp-json\/wp\/v2\/media?parent=985"}],"curies":[{"name":"wp","href":"https:\/\/api.w.org\/{rel}","templated":true}]}}