{"id":983,"date":"2015-06-04T14:13:52","date_gmt":"2015-06-04T14:13:52","guid":{"rendered":"http:\/\/www.mairie-volonne.fr\/?page_id=983"},"modified":"2021-04-25T22:00:53","modified_gmt":"2021-04-25T20:00:53","slug":"gestion-des-espaces-verts","status":"publish","type":"page","link":"https:\/\/www.mairie-volonne.fr\/index.php\/gestion-des-espaces-verts\/","title":{"rendered":"SOS Oiseaux en d\u00e9tresse&#8230;"},"content":{"rendered":"<p>\u00ab\u00a0La ligue pour la protection des oiseaux\u00a0\u00bb est une association de protection de l&rsquo;environnement qui accompagne<\/p>\n<p>les particuliers et les collectivit\u00e9s \u00e0 agir pour la biodiversit\u00e9.<\/p>\n<p><strong>\u00ab D&rsquo;avril \u00e0 septembre, les nich\u00e9es de jeunes oiseaux commencent \u00e0 mettre leur nez dehors. \u00bb <\/strong><\/p>\n<p><strong>Si vous trouvez un oisillon par terre et que vous souhaitez l&rsquo;aider\/le sauver, consultez les fiches conseils de la LPO:<\/strong><\/p>\n<h3><strong><span style=\"color: #008000;\"><a style=\"color: #008000;\" href=\"https:\/\/www.mairie-volonne.fr\/wp-content\/uploads\/2021\/04\/fiche_conseils_hirondelle.pdf\" target=\"_blank\" rel=\"noopener\">Fiche conseils hirondelle<\/a><\/span><\/strong><\/h3>\n<h3><strong><span style=\"color: #008000;\"><a style=\"color: #008000;\" href=\"https:\/\/www.mairie-volonne.fr\/wp-content\/uploads\/2021\/04\/fiche_conseils_pigeons_tourterelles.pdf\" target=\"_blank\" rel=\"noopener\">Fiche_conseils_pigeons_tourterelles<\/a><\/span><\/strong><\/h3>\n<h3><strong><span style=\"color: #008000;\"><a style=\"color: #008000;\" href=\"https:\/\/www.mairie-volonne.fr\/wp-content\/uploads\/2021\/04\/fiche_conseils_jeune_oiseau_jardins.pdf\" target=\"_blank\" rel=\"noopener\">Fiche_conseils_jeune_oiseau_jardins<\/a><\/span><\/strong><\/h3>\n<h3><strong><span style=\"color: #008000;\"><a style=\"color: #008000;\" href=\"https:\/\/www.mairie-volonne.fr\/wp-content\/uploads\/2021\/04\/fiche_conseils_jeune_rapace_diurne.pdf\" target=\"_blank\" rel=\"noopener\">Fiche_conseils_jeune_rapace_diurne<\/a><\/span><\/strong><\/h3>\n<h3><strong><span style=\"color: #008000;\"><a style=\"color: #008000;\" href=\"https:\/\/www.mairie-volonne.fr\/wp-content\/uploads\/2021\/04\/fiche_conseils_oiseaux_des_jardins.pdf\" target=\"_blank\" rel=\"noopener\">Fiche_conseils_oiseaux_des_jardins<\/a><\/span><\/strong><\/h3>\n<p><strong>Vous trouverez d&rsquo;autres fiches conseils sur:<\/strong><\/p>\n<h3><strong><span style=\"color: #008000;\"><a style=\"color: #008000;\" href=\"https:\/\/paca.lpo.fr\/soins-animaux\/conseiller\/fiches-conseils\" target=\"_blank\" rel=\"noopener\">Conna\u00eetre les missions de la LPO et consulter ses fiches-conseils<\/a><\/span><\/strong><\/h3>\n<h3><strong style=\"font-size: 16px;\">Ci-dessous les bons gestes si vous trou<\/strong><strong style=\"font-size: 16px;\">vez un oiseau au sol:<\/strong><\/h3>\n<p><strong><span style=\"color: #ff6600;\">Merci de participer \u00e0 la sauvegarde de la biodiversit\u00e9<\/span><\/strong><\/p>\n<p><img decoding=\"async\" class=\"size-full wp-image-11126 alignleft\" src=\"https:\/\/www.mairie-volonne.fr\/wp-content\/uploads\/2021\/04\/Conseil-jeune-oiseau-au-sol-LPO-ANJOU.png\" alt=\"\" width=\"890\" height=\"1145\" srcset=\"https:\/\/www.mairie-volonne.fr\/wp-content\/uploads\/2021\/04\/Conseil-jeune-oiseau-au-sol-LPO-ANJOU-200x257.png 200w, https:\/\/www.mairie-volonne.fr\/wp-content\/uploads\/2021\/04\/Conseil-jeune-oiseau-au-sol-LPO-ANJOU-233x300.png 233w, https:\/\/www.mairie-volonne.fr\/wp-content\/uploads\/2021\/04\/Conseil-jeune-oiseau-au-sol-LPO-ANJOU-400x515.png 400w, https:\/\/www.mairie-volonne.fr\/wp-content\/uploads\/2021\/04\/Conseil-jeune-oiseau-au-sol-LPO-ANJOU-600x772.png 600w, https:\/\/www.mairie-volonne.fr\/wp-content\/uploads\/2021\/04\/Conseil-jeune-oiseau-au-sol-LPO-ANJOU-768x988.png 768w, https:\/\/www.mairie-volonne.fr\/wp-content\/uploads\/2021\/04\/Conseil-jeune-oiseau-au-sol-LPO-ANJOU-796x1024.png 796w, https:\/\/www.mairie-volonne.fr\/wp-content\/uploads\/2021\/04\/Conseil-jeune-oiseau-au-sol-LPO-ANJOU-800x1029.png 800w, https:\/\/www.mairie-volonne.fr\/wp-content\/uploads\/2021\/04\/Conseil-jeune-oiseau-au-sol-LPO-ANJOU.png 890w\" sizes=\"(max-width: 890px) 100vw, 890px\" \/><\/p>\n","protected":false},"excerpt":{"rendered":"<p>\u00ab\u00a0La ligue pour la protection des oiseaux\u00a0\u00bb est une association de protection de l&rsquo;environnement qui accompagne les particuliers et les collectivit\u00e9s \u00e0 agir pour la biodiversit\u00e9. \u00ab D&rsquo;avril \u00e0 septembre, les nich\u00e9es de jeunes oiseaux commencent \u00e0 mettre leur nez dehors. \u00bb Si vous trouvez un oisillon par terre et que vous souhaitez l&rsquo;aider\/le sauver, [&#8230;]<\/p>\n","protected":false},"author":7,"featured_media":0,"parent":0,"menu_order":0,"comment_status":"closed","ping_status":"closed","template":"","meta":{"_EventAllDay":false,"_EventTimezone":"","_EventStartDate":"","_EventEndDate":"","_EventStartDateUTC":"","_EventEndDateUTC":"","_EventShowMap":false,"_EventShowMapLink":false,"_EventURL":"","_EventCost":"","_EventCostDescription":"","_EventCurrencySymbol":"","_EventCurrencyCode":"","_EventCurrencyPosition":"","_EventDateTimeSeparator":"","_EventTimeRangeSeparator":"","_EventOrganizerID":[],"_EventVenueID":[],"_OrganizerEmail":"","_OrganizerPhone":"","_OrganizerWebsite":"","_VenueAddress":"","_VenueCity":"","_VenueCountry":"","_VenueProvince":"","_VenueState":"","_VenueZip":"","_VenuePhone":"","_VenueURL":"","_VenueStateProvince":"","_VenueLat":"","_VenueLng":"","_VenueShowMap":false,"_VenueShowMapLink":false,"jetpack_post_was_ever_published":false,"footnotes":""},"class_list":["post-983","page","type-page","status-publish","hentry"],"jetpack_shortlink":"https:\/\/wp.me\/P6fN6B-fR","jetpack_sharing_enabled":true,"_links":{"self":[{"href":"https:\/\/www.mairie-volonne.fr\/index.php\/wp-json\/wp\/v2\/pages\/983","targetHints":{"allow":["GET"]}}],"collection":[{"href":"https:\/\/www.mairie-volonne.fr\/index.php\/wp-json\/wp\/v2\/pages"}],"about":[{"href":"https:\/\/www.mairie-volonne.fr\/index.php\/wp-json\/wp\/v2\/types\/page"}],"author":[{"embeddable":true,"href":"https:\/\/www.mairie-volonne.fr\/index.php\/wp-json\/wp\/v2\/users\/7"}],"replies":[{"embeddable":true,"href":"https:\/\/www.mairie-volonne.fr\/index.php\/wp-json\/wp\/v2\/comments?post=983"}],"version-history":[{"count":10,"href":"https:\/\/www.mairie-volonne.fr\/index.php\/wp-json\/wp\/v2\/pages\/983\/revisions"}],"predecessor-version":[{"id":11183,"href":"https:\/\/www.mairie-volonne.fr\/index.php\/wp-json\/wp\/v2\/pages\/983\/revisions\/11183"}],"wp:attachment":[{"href":"https:\/\/www.mairie-volonne.fr\/index.php\/wp-json\/wp\/v2\/media?parent=983"}],"curies":[{"name":"wp","href":"https:\/\/api.w.org\/{rel}","templated":true}]}}