{"id":69,"date":"2015-03-18T12:14:00","date_gmt":"2015-03-18T11:14:00","guid":{"rendered":"https:\/\/vourouno.wordpress.com\/?page_id=69"},"modified":"2026-03-17T14:42:49","modified_gmt":"2026-03-17T13:42:49","slug":"formulaires-a-telecharger","status":"publish","type":"page","link":"https:\/\/www.mairie-volonne.fr\/index.php\/formulaires-a-telecharger\/","title":{"rendered":"Formulaires \u00e0 t\u00e9l\u00e9charger"},"content":{"rendered":"<h1 style=\"text-align: center;\"><strong>Les formulaires d&rsquo;urbanisme \u00e0 t\u00e9l\u00e9charger\u00a0<\/strong><\/h1>\n<h3>Les formulaires d&rsquo;urbanisme sont \u00e0 t\u00e9l\u00e9charger directement <span style=\"color: #008000;\"><a style=\"color: #008000;\" href=\"https:\/\/www.service-public.fr\/particuliers\/vosdroits\/N319\"><strong>ici<\/strong> <\/a><\/span>et \u00e0 d\u00e9poser sur le site de d\u00e9mat\u00e9rialisation de la mairie <span style=\"color: #008000;\"><strong><a style=\"color: #008000;\" href=\"https:\/\/sitmahp.geosphere.fr\/guichet-unique\/Login\/Particulier\">ici.<\/a><\/strong><\/span><\/h3>\n<p>&nbsp;<\/p>\n<p>&nbsp;<\/p>\n","protected":false},"excerpt":{"rendered":"<p>Les formulaires d&rsquo;urbanisme \u00e0 t\u00e9l\u00e9charger\u00a0 Les formulaires d&rsquo;urbanisme sont \u00e0 t\u00e9l\u00e9charger directement ici et \u00e0 d\u00e9poser sur le site de d\u00e9mat\u00e9rialisation de la mairie ici. &nbsp; &nbsp;<\/p>\n","protected":false},"author":7,"featured_media":0,"parent":0,"menu_order":0,"comment_status":"closed","ping_status":"closed","template":"","meta":{"_EventAllDay":false,"_EventTimezone":"","_EventStartDate":"","_EventEndDate":"","_EventStartDateUTC":"","_EventEndDateUTC":"","_EventShowMap":false,"_EventShowMapLink":false,"_EventURL":"","_EventCost":"","_EventCostDescription":"","_EventCurrencySymbol":"","_EventCurrencyCode":"","_EventCurrencyPosition":"","_EventDateTimeSeparator":"","_EventTimeRangeSeparator":"","_EventOrganizerID":[],"_EventVenueID":[],"_OrganizerEmail":"","_OrganizerPhone":"","_OrganizerWebsite":"","_VenueAddress":"","_VenueCity":"","_VenueCountry":"","_VenueProvince":"","_VenueState":"","_VenueZip":"","_VenuePhone":"","_VenueURL":"","_VenueStateProvince":"","_VenueLat":"","_VenueLng":"","_VenueShowMap":false,"_VenueShowMapLink":false,"jetpack_post_was_ever_published":false,"footnotes":""},"class_list":["post-69","page","type-page","status-publish","hentry"],"jetpack_shortlink":"https:\/\/wp.me\/P6fN6B-17","jetpack_sharing_enabled":true,"_links":{"self":[{"href":"https:\/\/www.mairie-volonne.fr\/index.php\/wp-json\/wp\/v2\/pages\/69","targetHints":{"allow":["GET"]}}],"collection":[{"href":"https:\/\/www.mairie-volonne.fr\/index.php\/wp-json\/wp\/v2\/pages"}],"about":[{"href":"https:\/\/www.mairie-volonne.fr\/index.php\/wp-json\/wp\/v2\/types\/page"}],"author":[{"embeddable":true,"href":"https:\/\/www.mairie-volonne.fr\/index.php\/wp-json\/wp\/v2\/users\/7"}],"replies":[{"embeddable":true,"href":"https:\/\/www.mairie-volonne.fr\/index.php\/wp-json\/wp\/v2\/comments?post=69"}],"version-history":[{"count":13,"href":"https:\/\/www.mairie-volonne.fr\/index.php\/wp-json\/wp\/v2\/pages\/69\/revisions"}],"predecessor-version":[{"id":14729,"href":"https:\/\/www.mairie-volonne.fr\/index.php\/wp-json\/wp\/v2\/pages\/69\/revisions\/14729"}],"wp:attachment":[{"href":"https:\/\/www.mairie-volonne.fr\/index.php\/wp-json\/wp\/v2\/media?parent=69"}],"curies":[{"name":"wp","href":"https:\/\/api.w.org\/{rel}","templated":true}]}}