{"id":67,"date":"2015-03-18T12:13:24","date_gmt":"2015-03-18T11:13:24","guid":{"rendered":"https:\/\/vourouno.wordpress.com\/?page_id=67"},"modified":"2026-03-10T14:07:47","modified_gmt":"2026-03-10T13:07:47","slug":"documents-plu","status":"publish","type":"page","link":"https:\/\/www.mairie-volonne.fr\/index.php\/documents-plu\/","title":{"rendered":"Documents PLU"},"content":{"rendered":"<h1 style=\"text-align: center;\"><strong>Extrait\u00a0du dossier du Plan Local d&rsquo;Urbanisme (P.L.U.)<strong>\u00a0<\/strong><\/strong><\/h1>\n<p>&nbsp;<\/p>\n<p><strong>EN COURS DE CONSTRUCTION<\/strong><\/p>\n<p>Le PLU de la Commune de Volonne sert de base \u00e0 l&rsquo;instruction des diff\u00e9rentes demandes d&rsquo;urbanisme (permis de construire, d\u00e9claration pr\u00e9alable, certificat d&rsquo;urbanisme,\u00a0etc.).<br \/>\nPar\u00a0<span style=\"text-decoration: underline;\">\u200b<\/span><span style=\"color: #339966;\"><a style=\"color: #339966;\" href=\"http:\/\/www.mairie-volonne.fr\/wp-content\/uploads\/2015\/04\/vol-plu-deliberation-conseil-20-06-13-1.pdf\" target=\"_blank\" rel=\"noopener\">d\u00e9lib\u00e9ration du Conseil Municipal du 20\u00a0juin 2013<\/a><\/span>,\u00a0le conseil municipal a approuv\u00e9 le Plan local d&rsquo;urbanisme.<\/p>\n<p>Il est compos\u00e9 de diff\u00e9rentes pi\u00e8ces conform\u00e9ment \u00e0 l&rsquo;article L.123-1 du Code de l&rsquo;Urbanisme. Le dossier complet est consultable en Mairie aux heures ouvrables.<\/p>\n<p><span style=\"text-decoration: underline;\">Les principales pi\u00e8ces qui composent le dossier de P.L.U.\u00a0sont propos\u00e9es en t\u00e9l\u00e9chargement, soit :<\/span><\/p>\n<h4><span style=\"color: #0000ff;\"><a style=\"color: #0000ff;\" href=\"https:\/\/www.mairie-volonne.fr\/wp-content\/uploads\/2026\/03\/0-PDG_SOMMAIRE.pdf\">0-PDG_SOMMAIRE<\/a><\/span><\/h4>\n<h4><span style=\"color: #0000ff;\"><a style=\"color: #0000ff;\" href=\"https:\/\/www.mairie-volonne.fr\/wp-content\/uploads\/2025\/09\/1-RAPPORT_DE_PRESENTATION-1.pdf\">1-RAPPORT_DE_PRESENTATION<\/a><\/span><\/p>\n<p><span style=\"color: #0000ff;\"><a style=\"color: #0000ff;\" href=\"https:\/\/www.mairie-volonne.fr\/wp-content\/uploads\/2025\/09\/2-B_OAP-1.pdf\">2-B_OAP<\/a><\/span><br \/>\n<span style=\"color: #0000ff;\"><a style=\"color: #0000ff;\" href=\"https:\/\/www.mairie-volonne.fr\/wp-content\/uploads\/2025\/09\/3-REGLEMENT_ECRIT-1.pdf\">3-R\u00e8glement \u00e9crit<\/a><\/span><br \/>\n<span style=\"color: #0000ff;\"><a style=\"color: #0000ff;\" href=\"https:\/\/www.mairie-volonne.fr\/wp-content\/uploads\/2025\/09\/4-REGLEMENT_GRAPHIQUE-1.pdf\">4-R\u00e8glement Graphique<\/a><\/span><\/h4>\n<h4><span style=\"color: #0000ff;\"><a style=\"color: #0000ff;\" href=\"https:\/\/www.mairie-volonne.fr\/wp-content\/uploads\/2025\/09\/5-PRESCRIPTIONS-SPECIALES-1.pdf\">5-PRESCRIPTIONS SPECIALES<\/a><a style=\"color: #0000ff;\" href=\"http:\/\/www.mairie-volonne.fr\/wp-content\/uploads\/2015\/04\/13-06-03-plu-volonne-prescriptions-sp1.pdf\" target=\"_blank\" rel=\"noopener\">\u200b<\/a><\/span><br \/>\n<span style=\"color: #0000ff;\"><a style=\"color: #0000ff;\" href=\"https:\/\/www.mairie-volonne.fr\/wp-content\/uploads\/2025\/09\/6-ANNEXES-1.pdf\">6-ANNEXES<\/a><\/span><\/h4>\n<h4><span style=\"color: #0000ff;\"><a style=\"color: #0000ff;\" href=\"http:\/\/www.mairie-volonne.fr\/wp-content\/uploads\/2015\/04\/12-02-27-plu-volonne-amenagement-dd.pdf\" target=\"_blank\" rel=\"noopener\">\u200bLe projet d&rsquo;am\u00e9nagement et de d\u00e9veloppement durable<\/a>,<\/span><\/h4>\n<p>&nbsp;<\/p>\n<p>&nbsp;<\/p>\n","protected":false},"excerpt":{"rendered":"<p>Extrait\u00a0du dossier du Plan Local d&rsquo;Urbanisme (P.L.U.)\u00a0 &nbsp; EN COURS DE CONSTRUCTION Le PLU de la Commune de Volonne sert de base \u00e0 l&rsquo;instruction des diff\u00e9rentes demandes d&rsquo;urbanisme (permis de construire, d\u00e9claration pr\u00e9alable, certificat d&rsquo;urbanisme,\u00a0etc.). Par\u00a0\u200bd\u00e9lib\u00e9ration du Conseil Municipal du 20\u00a0juin 2013,\u00a0le conseil municipal a approuv\u00e9 le Plan local d&rsquo;urbanisme. Il est compos\u00e9 de diff\u00e9rentes [&#8230;]<\/p>\n","protected":false},"author":7,"featured_media":0,"parent":0,"menu_order":0,"comment_status":"closed","ping_status":"closed","template":"","meta":{"_EventAllDay":false,"_EventTimezone":"","_EventStartDate":"","_EventEndDate":"","_EventStartDateUTC":"","_EventEndDateUTC":"","_EventShowMap":false,"_EventShowMapLink":false,"_EventURL":"","_EventCost":"","_EventCostDescription":"","_EventCurrencySymbol":"","_EventCurrencyCode":"","_EventCurrencyPosition":"","_EventDateTimeSeparator":"","_EventTimeRangeSeparator":"","_EventOrganizerID":[],"_EventVenueID":[],"_OrganizerEmail":"","_OrganizerPhone":"","_OrganizerWebsite":"","_VenueAddress":"","_VenueCity":"","_VenueCountry":"","_VenueProvince":"","_VenueState":"","_VenueZip":"","_VenuePhone":"","_VenueURL":"","_VenueStateProvince":"","_VenueLat":"","_VenueLng":"","_VenueShowMap":false,"_VenueShowMapLink":false,"jetpack_post_was_ever_published":false,"footnotes":""},"class_list":["post-67","page","type-page","status-publish","hentry"],"jetpack_shortlink":"https:\/\/wp.me\/P6fN6B-15","jetpack_sharing_enabled":true,"_links":{"self":[{"href":"https:\/\/www.mairie-volonne.fr\/index.php\/wp-json\/wp\/v2\/pages\/67","targetHints":{"allow":["GET"]}}],"collection":[{"href":"https:\/\/www.mairie-volonne.fr\/index.php\/wp-json\/wp\/v2\/pages"}],"about":[{"href":"https:\/\/www.mairie-volonne.fr\/index.php\/wp-json\/wp\/v2\/types\/page"}],"author":[{"embeddable":true,"href":"https:\/\/www.mairie-volonne.fr\/index.php\/wp-json\/wp\/v2\/users\/7"}],"replies":[{"embeddable":true,"href":"https:\/\/www.mairie-volonne.fr\/index.php\/wp-json\/wp\/v2\/comments?post=67"}],"version-history":[{"count":7,"href":"https:\/\/www.mairie-volonne.fr\/index.php\/wp-json\/wp\/v2\/pages\/67\/revisions"}],"predecessor-version":[{"id":14707,"href":"https:\/\/www.mairie-volonne.fr\/index.php\/wp-json\/wp\/v2\/pages\/67\/revisions\/14707"}],"wp:attachment":[{"href":"https:\/\/www.mairie-volonne.fr\/index.php\/wp-json\/wp\/v2\/media?parent=67"}],"curies":[{"name":"wp","href":"https:\/\/api.w.org\/{rel}","templated":true}]}}