{"id":59,"date":"2015-03-18T12:11:50","date_gmt":"2015-03-18T11:11:50","guid":{"rendered":"https:\/\/vourouno.wordpress.com\/?page_id=59"},"modified":"2016-10-22T18:45:04","modified_gmt":"2016-10-22T16:45:04","slug":"adresses-culture","status":"publish","type":"page","link":"https:\/\/www.mairie-volonne.fr\/index.php\/adresses-culture\/","title":{"rendered":"Adresses"},"content":{"rendered":"<p style=\"text-align: center;\"><span style=\"color: #003300;\"><a style=\"color: #003300;\" href=\"#bib\">Biblioth\u00e8que<\/a><\/span>\u00a0|\u00a0<span style=\"color: #003300;\"><a style=\"color: #003300;\" href=\"#med\">M\u00e9diath\u00e8que<\/a><\/span>\u00a0|\u00a0<span style=\"color: #003300;\"><a style=\"color: #003300;\" href=\"#cin\u00e9\">Cin\u00e9ma<\/a><\/span>\u00a0|\u00a0<span style=\"color: #003300;\"><a style=\"color: #003300;\" href=\"#thea\">Th\u00e9\u00e2tre<\/a>\u00a0<\/span>| <span style=\"color: #003300;\"><a style=\"color: #003300;\" href=\"#mjc\">MJC<\/a><\/span><\/p>\n<h1 style=\"text-align: center;\"><strong><a name=\"bib\"><\/a>La biblioth\u00e8que du Ch\u00e2teau \u00e0 Volonne<\/strong><\/h1>\n<p>La biblioth\u00e8que du ch\u00e2teau vous accueille avec une nouvelle configuration.<br \/>\nPour vous, la biblioth\u00e8que a fait de nouvelles acquisitions : des parutions r\u00e9centes, des romans, des policiers, des documentaires et des livres \u00ab\u00a0jeunesse\u00a0\u00bb.<br \/>\nLa biblioth\u00e8que d\u00e9partementale de pr\u00eat nous offre la possibilit\u00e9 d&#8217;emprunter des ouvrages pour une p\u00e9riode de 3 \u00e0 4 mois, ainsi, pr\u00e8s de 600 livres vont rejoindre nos \u00e9tag\u00e8res ; plus 300 romans, 150 documentaires sur des th\u00e8mes divers, un nouveau rayon \u00ab\u00a0large vision\u00a0\u00bb pour les personnes ayant des probl\u00e8mes de vue, des bandes dessin\u00e9es \u00e0 un public adolescent et adulte, et \u00e9galement, quelques titres de science-fiction ou de litt\u00e9rature dite fantasy. Pour les enfants, de nombreux albums, un rayon \u00ab\u00a0petit roman\u00a0\u00bb tr\u00e8s agrandi, de nouveaux documentaires sur diff\u00e9rents sujets et une nouvelle collection \u00ab\u00a0ainsi va la vie\u00a0\u00bb, une s\u00e9rie de petits ouvrages qui aident les enfants \u00e0 grandir.<br \/>\nL&rsquo;adh\u00e9sion \u00e0 la biblioth\u00e8que vous permet \u00e9galement l&#8217;emprunt d&rsquo;ouvrages \u00e0 la M\u00e9diath\u00e8que de Ch\u00e2teau-Arnoux\/St. Auban.<\/p>\n<p><img decoding=\"async\" class=\" size-medium wp-image-966 alignright\" src=\"http:\/\/www.mairie-volonne.fr\/wp-content\/uploads\/2015\/03\/Heure_du_Conte-300x200.jpg\" alt=\"Heure_du_Conte\" width=\"300\" height=\"200\" srcset=\"https:\/\/www.mairie-volonne.fr\/wp-content\/uploads\/2015\/03\/Heure_du_Conte-300x200.jpg 300w, https:\/\/www.mairie-volonne.fr\/wp-content\/uploads\/2015\/03\/Heure_du_Conte-330x220.jpg 330w, https:\/\/www.mairie-volonne.fr\/wp-content\/uploads\/2015\/03\/Heure_du_Conte-1024x683.jpg 1024w, https:\/\/www.mairie-volonne.fr\/wp-content\/uploads\/2015\/03\/Heure_du_Conte.jpg 3456w\" sizes=\"(max-width: 300px) 100vw, 300px\" \/>Toutes les deux semaines, la biblioth\u00e8que organise L&rsquo;Heure du Conte, un rendez-vous lecture pour les enfants volonnais.<\/p>\n<p><strong>Adresse<\/strong><br \/>\nPlace du Ch\u00e2teau<br \/>\n04290 VOLONNE<\/p>\n<p><strong>Horaires d&rsquo;ouverture<\/strong><br \/>\nLe mardi de 9h00 \u00e0 12h00 et de 16h00 \u00e0 18h30,<br \/>\nLe mercredi de 14h00 \u00e0 18h00,<br \/>\nLe vendredi de 8H45 \u00e0 11h30.<\/p>\n<p>T\u00e9l\u00e9phone : 04.92.37.27.13.<br \/>\nSite web : <span style=\"color: #339966;\"><a style=\"color: #339966;\" href=\"www.bibchato.fr\" target=\"_blank\">www.bibchato.fr<\/a><\/span><\/p>\n<hr \/>\n<h1 style=\"text-align: center;\"><strong><a name=\"med\"><\/a>M\u00e9diath\u00e8que Louis-Joseph\u00a0\u00e0 Ch\u00e2teau-Arnoux<\/strong><\/h1>\n<p>A 400 m\u00e8tres d&rsquo;altitude, jouissant d&rsquo;un climat exceptionnel, la Communaut\u00e9 de communes de Moyenne Durance regroupe les huit communes suivantes (qui totalisent 13.500 habitants) : Ch\u00e2teau-Arnoux\/Saint-Auban (5.102 habitants), Volonne, L&rsquo;Escale, Malijai, Peipin, Mallefougasse, Peyruis, Ganagobie. Situ\u00e9 sur la rive droite de la Durance, Ch\u00e2teau-Arnoux\/Saint-Auban se trouve \u00e0 120 km au nord de Marseille et \u00e0 150 km au sud de Grenoble.<\/p>\n<p><span style=\"text-decoration: underline;\">Adresse<\/span> :<br \/>\nCOMMUNAUTE DE COMMUNES MOYENNE DURANCE<br \/>\nCentre culturel Simone-Signoret<br \/>\n04160 CHATEAU-ARNOUX<\/p>\n<p><span style=\"text-decoration: underline;\">Horaires d&rsquo;ouverture<\/span> :<br \/>\nLe lundi de 15h00 \u00e0 18h30,<br \/>\nLe mardi de 15h00 \u00e0 18h30,<br \/>\nLe mercredi de 9h00 \u00e0 12h00 et de 14h30 \u00e0 18h30,<br \/>\nLe vendredi de 15h00 \u00e0 18h30,<br \/>\nLe samedi de 9h00 \u00e0 12h00.<\/p>\n<p>T\u00e9l\u00e9phone : 04.92.64.44.12<br \/>\nMel : <span style=\"color: #339966;\"><a style=\"color: #339966;\" href=\"mailto:mediatheque-chateau@ccmd04.fr\">mediatheque-chateau@ccmd04.fr<\/a><\/span><br \/>\nT\u00e9l\u00e9copie : 04.92.64.28.15<br \/>\nSite web : <span style=\"color: #339966;\"><a style=\"color: #339966;\" href=\"www.bibchato.fr\" target=\"_blank\">www.bibchato.fr<\/a><\/span><\/p>\n<hr \/>\n<h1 style=\"text-align: center;\"><strong><a name=\"cin\u00e9\"><\/a>Le cin\u00e9matographe<\/strong><\/h1>\n<p>3 salles class\u00e9es art &amp; essai, labels jeune public, recherche d\u00e9couverte, patrimoine pour votre plus grand plaisir du cin\u00e9ma.<\/p>\n<p><strong>Contact<br \/>\n<\/strong>Adresse :\u00a0Centre culturel \u00ab\u00a0Simone-Signoret\u00a0\u00bb<br \/>\n04190 Ch\u00e2teau-Arnoux\/St. Auban<br \/>\nT\u00e9l\u00e9phone : 04.92.64.41.24<br \/>\nN\u00b0 \u00e0 tarif sp\u00e9cial\u00a0 : 08.92.68.01.28<br \/>\nSite Internet : <span style=\"color: #339966;\"><a style=\"color: #339966;\" href=\"http:\/\/www.le-cinematographe.fr\/\">http:\/\/www.le-cinematographe.fr\/<\/a><\/span><\/p>\n<hr \/>\n<h1 style=\"text-align: center;\"><strong><a name=\"thea\"><\/a>Th\u00e9\u00e2tre Durance<\/strong><\/h1>\n<p>Le Th\u00e9\u00e2tre est accessible aux personnes \u00e0 mobilit\u00e9 r\u00e9duite : pour vous accueillir dans les meilleures conditions, organiser votre accueil et\/ou demander l&rsquo;assistance de notre \u00e9quipe, il est important de nous pr\u00e9venir lors de votre r\u00e9servation.<\/p>\n<p><strong>Contact<\/strong><br \/>\nTh\u00e9\u00e2tre Durance<br \/>\nLes Lauzi\u00e8res<br \/>\n04160 Ch\u00e2teau-Arnoux\/St. Auban<br \/>\nT\u00e9l\u00e9phone : 04 92 64 27 34<br \/>\nSite Internet : <span style=\"color: #339966;\"><a style=\"color: #339966;\" href=\"http:\/\/www.theatredurance.fr\/\" target=\"_blank\">http:\/\/www.theatredurance.fr\/<\/a><\/span><\/p>\n<hr \/>\n<p>&nbsp;<\/p>\n<h1 style=\"text-align: center;\"><strong><a name=\"mjc\"><\/a>MJC Ch\u00e2teau-Arnoux\/St. Auban<\/strong><\/h1>\n<p style=\"text-align: left;\">La MJC de Ch\u00e2teau-Arnoux\/St. Auban propose de nombreuses activit\u00e9s pour les jeunes du Val de Durance (guitare, th\u00e9\u00e2tre, peinture, etc.), et met en place diff\u00e9rents projets.<\/p>\n<p><strong>Contact<\/strong><br \/>\n<span class=\"font_medium\">Adresse :\u00a0<\/span><span class=\"font_medium\">Maison des Associations &#8211; Route Nationale 96 &#8211; BP10 &#8211;\u00a0<\/span><span class=\"font_medium\">04600\u00a0Ch\u00e2teaux-Arnoux\/St. Auban<br \/>\n<\/span><span class=\"font_medium\">Tel : 04.92.64.17.24<br \/>\nMail :\u00a0<\/span><span class=\"font_medium\"><a href=\"mailto:mjccasa@gmail.com\"><span style=\"color: #339966;\">mjccasa@gmail.com<\/span><br \/>\n<\/a>Site Internet :\u00a0<span style=\"color: #339966;\"><a style=\"color: #339966;\" href=\"http:\/\/www.mjccasa.sitew.com\/\" target=\"_blank\">http:\/\/www.mjccasa.sitew.com\/<\/a><\/span><a href=\"mailto:mjccasa@gmail.com\"><br \/>\n<\/a><\/span><span class=\"font_medium\">Facebook :\u00a0<\/span><span class=\"font_medium\" style=\"color: #339966;\"><a style=\"color: #339966;\" href=\"https:\/\/www.facebook.com\/mjc.saintauban\" target=\"_blank\">https:\/\/www.facebook.com\/mjc.saintauban<\/a><\/span><\/p>\n<p><strong>Carrefour des cultures<\/strong><br \/>\nE-mail :\u00a0<span style=\"color: #339966;\"><a style=\"color: #339966;\" href=\"mailto:carrefourdescultures.mjc@gmail.com\" target=\"_blank\">carrefourdescultures.mjc@gmail.com<\/a><\/span><br \/>\nSite Internet :\u00a0<span style=\"color: #339966;\"><a style=\"color: #339966;\" href=\"http:\/\/www.carrefourdesculturesmjc.org\/\" target=\"_blank\">http:\/\/www.carrefourdesculturesmjc.org\/<\/a><\/span><\/p>\n<p style=\"text-align: center;\"><span style=\"color: #003300;\"><a style=\"color: #003300;\" href=\"#bib\">Biblioth\u00e8que<\/a><\/span>\u00a0|\u00a0<span style=\"color: #003300;\"><a style=\"color: #003300;\" href=\"#med\">M\u00e9diath\u00e8que<\/a><\/span>\u00a0|\u00a0<span style=\"color: #003300;\"><a style=\"color: #003300;\" href=\"#cc\">Centre culturel<\/a><\/span>\u00a0|\u00a0<span style=\"color: #003300;\"><a style=\"color: #003300;\" href=\"#thea\">Th\u00e9\u00e2tre<\/a><\/span>| <span style=\"color: #003300;\"><a style=\"color: #003300;\" href=\"#mjc\">MJC<\/a><\/span><\/p>\n","protected":false},"excerpt":{"rendered":"<p>Biblioth\u00e8que\u00a0|\u00a0M\u00e9diath\u00e8que\u00a0|\u00a0Cin\u00e9ma\u00a0|\u00a0Th\u00e9\u00e2tre\u00a0| MJC La biblioth\u00e8que du Ch\u00e2teau \u00e0 Volonne La biblioth\u00e8que du ch\u00e2teau vous accueille avec une nouvelle configuration. Pour vous, la biblioth\u00e8que a fait de nouvelles acquisitions : des parutions r\u00e9centes, des romans, des policiers, des documentaires et des livres \u00ab\u00a0jeunesse\u00a0\u00bb. La biblioth\u00e8que d\u00e9partementale de pr\u00eat nous offre la possibilit\u00e9 d&#8217;emprunter des ouvrages pour une [&#8230;]<\/p>\n","protected":false},"author":7,"featured_media":0,"parent":0,"menu_order":0,"comment_status":"closed","ping_status":"closed","template":"","meta":{"_EventAllDay":false,"_EventTimezone":"","_EventStartDate":"","_EventEndDate":"","_EventStartDateUTC":"","_EventEndDateUTC":"","_EventShowMap":false,"_EventShowMapLink":false,"_EventURL":"","_EventCost":"","_EventCostDescription":"","_EventCurrencySymbol":"","_EventCurrencyCode":"","_EventCurrencyPosition":"","_EventDateTimeSeparator":"","_EventTimeRangeSeparator":"","_EventOrganizerID":[],"_EventVenueID":[],"_OrganizerEmail":"","_OrganizerPhone":"","_OrganizerWebsite":"","_VenueAddress":"","_VenueCity":"","_VenueCountry":"","_VenueProvince":"","_VenueState":"","_VenueZip":"","_VenuePhone":"","_VenueURL":"","_VenueStateProvince":"","_VenueLat":"","_VenueLng":"","_VenueShowMap":false,"_VenueShowMapLink":false,"jetpack_post_was_ever_published":false,"footnotes":""},"class_list":["post-59","page","type-page","status-publish","hentry"],"jetpack_shortlink":"https:\/\/wp.me\/P6fN6B-X","jetpack_sharing_enabled":true,"_links":{"self":[{"href":"https:\/\/www.mairie-volonne.fr\/index.php\/wp-json\/wp\/v2\/pages\/59","targetHints":{"allow":["GET"]}}],"collection":[{"href":"https:\/\/www.mairie-volonne.fr\/index.php\/wp-json\/wp\/v2\/pages"}],"about":[{"href":"https:\/\/www.mairie-volonne.fr\/index.php\/wp-json\/wp\/v2\/types\/page"}],"author":[{"embeddable":true,"href":"https:\/\/www.mairie-volonne.fr\/index.php\/wp-json\/wp\/v2\/users\/7"}],"replies":[{"embeddable":true,"href":"https:\/\/www.mairie-volonne.fr\/index.php\/wp-json\/wp\/v2\/comments?post=59"}],"version-history":[{"count":9,"href":"https:\/\/www.mairie-volonne.fr\/index.php\/wp-json\/wp\/v2\/pages\/59\/revisions"}],"predecessor-version":[{"id":967,"href":"https:\/\/www.mairie-volonne.fr\/index.php\/wp-json\/wp\/v2\/pages\/59\/revisions\/967"}],"wp:attachment":[{"href":"https:\/\/www.mairie-volonne.fr\/index.php\/wp-json\/wp\/v2\/media?parent=59"}],"curies":[{"name":"wp","href":"https:\/\/api.w.org\/{rel}","templated":true}]}}