{"id":558,"date":"2015-04-24T16:10:18","date_gmt":"2015-04-24T15:10:18","guid":{"rendered":"https:\/\/vourouno.wordpress.com\/?page_id=558"},"modified":"2024-07-11T16:23:57","modified_gmt":"2024-07-11T14:23:57","slug":"evenements","status":"publish","type":"page","link":"https:\/\/www.mairie-volonne.fr\/index.php\/evenements\/","title":{"rendered":"\u00c9v\u00e9nements"},"content":{"rendered":"<h1 style=\"text-align: center;\"><img decoding=\"async\" class=\"alignnone wp-image-13319\" src=\"https:\/\/www.mairie-volonne.fr\/wp-content\/uploads\/2024\/07\/journees-Du-Patrimoine-7-e1720707491392-300x120.png\" alt=\"\" width=\"565\" height=\"226\" srcset=\"https:\/\/www.mairie-volonne.fr\/wp-content\/uploads\/2024\/07\/journees-Du-Patrimoine-7-e1720707491392-200x80.png 200w, https:\/\/www.mairie-volonne.fr\/wp-content\/uploads\/2024\/07\/journees-Du-Patrimoine-7-e1720707491392-300x120.png 300w, https:\/\/www.mairie-volonne.fr\/wp-content\/uploads\/2024\/07\/journees-Du-Patrimoine-7-e1720707491392-400x159.png 400w, https:\/\/www.mairie-volonne.fr\/wp-content\/uploads\/2024\/07\/journees-Du-Patrimoine-7-e1720707491392-600x239.png 600w, https:\/\/www.mairie-volonne.fr\/wp-content\/uploads\/2024\/07\/journees-Du-Patrimoine-7-e1720707491392-768x306.png 768w, https:\/\/www.mairie-volonne.fr\/wp-content\/uploads\/2024\/07\/journees-Du-Patrimoine-7-e1720707491392-800x319.png 800w, https:\/\/www.mairie-volonne.fr\/wp-content\/uploads\/2024\/07\/journees-Du-Patrimoine-7-e1720707491392-1024x408.png 1024w, https:\/\/www.mairie-volonne.fr\/wp-content\/uploads\/2024\/07\/journees-Du-Patrimoine-7-e1720707491392-1200x478.png 1200w, https:\/\/www.mairie-volonne.fr\/wp-content\/uploads\/2024\/07\/journees-Du-Patrimoine-7-e1720707491392-1320x526.png 1320w, https:\/\/www.mairie-volonne.fr\/wp-content\/uploads\/2024\/07\/journees-Du-Patrimoine-7-e1720707491392-1536x612.png 1536w, https:\/\/www.mairie-volonne.fr\/wp-content\/uploads\/2024\/07\/journees-Du-Patrimoine-7-e1720707491392.png 1586w\" sizes=\"(max-width: 565px) 100vw, 565px\" \/><\/h1>\n<h4><\/h4>\n<h3>Deux fois par an\u00a0 les journ\u00e9es du patrimoine\u00a0 sont organis\u00e9es \u00e0 Volonne. Elles sont cal\u00e9es sur le planning des journ\u00e9es europ\u00e9ennes du patrimoine.<\/h3>\n<ul style=\"list-style-type: circle;\">\n<li>\n<h3>Dimanche 16 Juillet 2024 : <strong>Journ\u00e9e Guinguette ann\u00e9es 60, en tenue Y\u00c9Y\u00c9 !<\/strong><\/h3>\n<\/li>\n<li>\n<h3>Samedi 21 et Dimanche 22 Septembre 2024 : <strong>Journ\u00e9e Europ\u00e9ennes du Patrimoine :<\/strong><\/h3>\n<\/li>\n<\/ul>\n<table style=\"border-collapse: collapse; width: 87.9634%; height: 50px;\">\n<tbody>\n<tr style=\"height: 23px;\">\n<td style=\"width: 100%; height: 23px; text-align: center;\">\n<h4><span style=\"font-size: 14pt;\">&#8211; Samedi : de 9h30 \u00e0 12h30 et de 15h00 \u00e0 18h00 &#8211; Animations &#8211; Accueil au Moulin<\/span><\/h4>\n<h4><span style=\"font-size: 14pt;\">&#8211; Dimanche : d\u00e9s 10h00 Randonn\u00e9e sur la \u00ab\u00a0Route Napol\u00e9on\u00a0\u00bb et pose d&rsquo;une statue Napol\u00e9on au Taravon.<\/span><\/h4>\n<\/td>\n<\/tr>\n<tr style=\"height: 24px;\">\n<td style=\"width: 100%; height: 24px;\"><\/td>\n<\/tr>\n<\/tbody>\n<\/table>\n<hr \/>\n<h1 style=\"text-align: center;\"><strong>Artistes en libert\u00e9<\/strong><\/h1>\n<p>Chaque \u00e9t\u00e9, \u00e0 cheval entre juillet et ao\u00fbt, l&rsquo;exposition Artistes en libert\u00e9 est organis\u00e9e par Volonne Initiatives \u00e0 l&rsquo;Espace Notre-Dame.<\/p>\n<p>&nbsp;<\/p>\n<p>&nbsp;<\/p>\n<hr \/>\n<h1 style=\"text-align: center;\"><strong>Carnaval<\/strong><\/h1>\n<p><img decoding=\"async\" class=\" size-medium wp-image-616 alignleft\" src=\"https:\/\/vourouno.files.wordpress.com\/2015\/04\/11160625_567677403372241_5586973252974245269_o.jpg?w=288\" alt=\"carnaval 2015\" width=\"288\" height=\"300\" \/>Le carnaval est organis\u00e9 chaque ann\u00e9e au mois de f\u00e9vrier ou mars par le Comit\u00e9 des f\u00eates de Volonne.\u00a0Une occasion pour les Volonnais de partager un bon moment, de se d\u00e9guiser et&#8230;r\u00e9gler\u00a0son compte \u00e0 Caramantran !<\/p>\n<p><strong>Consulter l&rsquo;\u00e9v\u00e8nementiel de la commune pour plus de pr\u00e9cisions de date.<br \/>\n<\/strong><\/p>\n<p>&nbsp;<\/p>\n<p><em>Photo du carnaval 2015.<br \/>\n\u00a9 Jean-Marie Plume<br \/>\n<\/em><\/p>\n<hr \/>\n<h1 style=\"text-align: center;\"><strong>F\u00eate\u00a0votive<\/strong><\/h1>\n<p>F\u00eate du village organis\u00e9e par le Comit\u00e9 des f\u00eate en partenariat avec la commune, ainsi que diff\u00e9rents commer\u00e7ants et associations du village\u00a0lors du dernier week-end de juin. Quatre jours de festivit\u00e9s, de concours de toutes sortes et de spectacles pour d\u00e9marrer l&rsquo;\u00e9t\u00e9 !<\/p>\n<p><strong>Elle a lieu g\u00e9n\u00e9ralement toutes les ann\u00e9es dernier Week-End de juin.<br \/>\n<\/strong><\/p>\n<hr \/>\n<h1 style=\"text-align: center;\">\u00a0<strong>F\u00eate m\u00e9di\u00e9vale biennale<br \/>\n<\/strong><\/h1>\n<p>La f\u00eate m\u00e9di\u00e9vale de Volonne existe depuis une vingtaine d&rsquo;ann\u00e9es et est organis\u00e9e par Volonne Initiatives. Un week-end complet pour d\u00e9couvrir la vie au Moyen-\u00c2ge&#8230;<\/p>\n<p><strong>La prochaine \u00e9dition aura lieu le 31 juillet et le 1er ao\u00fbt 2021.<\/strong><\/p>\n<p>Pour participer \u00e0 cette f\u00eate en tant qu&rsquo;artisans exposants,<\/p>\n<h3><strong><span style=\"color: #008000;\"><a style=\"color: #008000;\" href=\"https:\/\/www.mairie-volonne.fr\/wp-content\/uploads\/2021\/04\/courrier-des-artisans-exposants.pdf\" target=\"_blank\" rel=\"noopener\">T\u00e9l\u00e9charger ici le bulletin de participation 2021.<\/a><\/span><\/strong><\/h3>\n<h1 style=\"text-align: center;\"><strong>March\u00e9 nocturne biennal<br \/>\n<\/strong><\/h1>\n<p>Le march\u00e9 nocturne a lieu au c\u0153ur de l&rsquo;\u00e9t\u00e9 et est organis\u00e9 tous les deux ans par Volonne Initiatives dans le centre du\u00a0village, de 17h30 \u00e0 minuit. De nombreux producteurs, artisans et artistes viennent y exposer leurs produits et cr\u00e9ations.<\/p>\n<p><strong>La prochaine \u00e9dition aura lieu en juillet 2022.<\/strong><\/p>\n<p><span style=\"border-radius: 2px; text-indent: 20px; width: auto; padding: 0px 4px 0px 0px; text-align: center; font: bold 11px\/20px 'Helvetica Neue',Helvetica,sans-serif; color: #ffffff; background: #bd081c no-repeat scroll 3px 50% \/ 14px 14px; position: absolute; opacity: 1; z-index: 8675309; display: none; cursor: pointer; top: 316px; left: 20px;\">Enregistrer<\/span><\/p>\n<p><span style=\"border-radius: 2px; text-indent: 20px; width: auto; padding: 0px 4px 0px 0px; text-align: center; font: bold 11px\/20px 'Helvetica Neue',Helvetica,sans-serif; color: #ffffff; background: #bd081c no-repeat scroll 3px 50% \/ 14px 14px; position: absolute; opacity: 1; z-index: 8675309; display: none; cursor: pointer;\">Enregistrer<\/span><\/p>\n<p><span style=\"border-radius: 2px; text-indent: 20px; width: auto; padding: 0px 4px 0px 0px; text-align: center; font: bold 11px\/20px 'Helvetica Neue',Helvetica,sans-serif; color: #ffffff; background: #bd081c no-repeat scroll 3px 50% \/ 14px 14px; position: absolute; opacity: 1; z-index: 8675309; display: none; cursor: pointer; top: 471px; left: 20px;\">Enregistrer<\/span><\/p>\n<p><span style=\"border-radius: 2px; text-indent: 20px; width: auto; padding: 0px 4px 0px 0px; text-align: center; font: bold 11px\/20px 'Helvetica Neue',Helvetica,sans-serif; color: #ffffff; background: #bd081c no-repeat scroll 3px 50% \/ 14px 14px; position: absolute; opacity: 1; z-index: 8675309; display: none; cursor: pointer;\">Enregistrer<\/span><\/p>\n<p><span style=\"border-radius: 2px; text-indent: 20px; width: auto; padding: 0px 4px 0px 0px; text-align: center; font: bold 11px\/20px 'Helvetica Neue',Helvetica,sans-serif; color: #ffffff; background: #bd081c no-repeat scroll 3px 50% \/ 14px 14px; position: absolute; opacity: 1; z-index: 8675309; display: none; cursor: pointer;\">Enregistrer<\/span><\/p>\n<p><span style=\"border-radius: 2px; text-indent: 20px; width: auto; padding: 0px 4px 0px 0px; text-align: center; font: bold 11px\/20px 'Helvetica Neue',Helvetica,sans-serif; color: #ffffff; background: #bd081c no-repeat scroll 3px 50% \/ 14px 14px; position: absolute; opacity: 1; z-index: 8675309; display: none; cursor: pointer;\">Enregistrer<\/span><\/p>\n<p><span style=\"border-radius: 2px; text-indent: 20px; width: auto; padding: 0px 4px 0px 0px; text-align: center; font: bold 11px\/20px 'Helvetica Neue',Helvetica,sans-serif; color: #ffffff; background: #bd081c no-repeat scroll 3px 50% \/ 14px 14px; position: absolute; opacity: 1; z-index: 8675309; display: none; cursor: pointer;\">Enregistrer<\/span><\/p>\n<p><span style=\"border-radius: 2px; text-indent: 20px; width: auto; padding: 0px 4px 0px 0px; text-align: center; font: bold 11px\/20px 'Helvetica Neue',Helvetica,sans-serif; color: #ffffff; background: #bd081c no-repeat scroll 3px 50% \/ 14px 14px; position: absolute; opacity: 1; z-index: 8675309; display: none; cursor: pointer;\">Enregistrer<\/span><\/p>\n","protected":false},"excerpt":{"rendered":"<p>Deux fois par an\u00a0 les journ\u00e9es du patrimoine\u00a0 sont organis\u00e9es \u00e0 Volonne. Elles sont cal\u00e9es sur le planning des journ\u00e9es europ\u00e9ennes du patrimoine. Dimanche 16 Juillet 2024 : Journ\u00e9e Guinguette ann\u00e9es 60, en tenue Y\u00c9Y\u00c9 ! Samedi 21 et Dimanche 22 Septembre 2024 : Journ\u00e9e Europ\u00e9ennes du Patrimoine : &#8211; Samedi : de 9h30 \u00e0 [&#8230;]<\/p>\n","protected":false},"author":7,"featured_media":0,"parent":0,"menu_order":0,"comment_status":"closed","ping_status":"closed","template":"","meta":{"_EventAllDay":false,"_EventTimezone":"","_EventStartDate":"","_EventEndDate":"","_EventStartDateUTC":"","_EventEndDateUTC":"","_EventShowMap":false,"_EventShowMapLink":false,"_EventURL":"","_EventCost":"","_EventCostDescription":"","_EventCurrencySymbol":"","_EventCurrencyCode":"","_EventCurrencyPosition":"","_EventDateTimeSeparator":"","_EventTimeRangeSeparator":"","_EventOrganizerID":[],"_EventVenueID":[],"_OrganizerEmail":"","_OrganizerPhone":"","_OrganizerWebsite":"","_VenueAddress":"","_VenueCity":"","_VenueCountry":"","_VenueProvince":"","_VenueState":"","_VenueZip":"","_VenuePhone":"","_VenueURL":"","_VenueStateProvince":"","_VenueLat":"","_VenueLng":"","_VenueShowMap":false,"_VenueShowMapLink":false,"jetpack_post_was_ever_published":false,"footnotes":""},"class_list":["post-558","page","type-page","status-publish","hentry"],"jetpack_shortlink":"https:\/\/wp.me\/P6fN6B-90","jetpack_sharing_enabled":true,"_links":{"self":[{"href":"https:\/\/www.mairie-volonne.fr\/index.php\/wp-json\/wp\/v2\/pages\/558","targetHints":{"allow":["GET"]}}],"collection":[{"href":"https:\/\/www.mairie-volonne.fr\/index.php\/wp-json\/wp\/v2\/pages"}],"about":[{"href":"https:\/\/www.mairie-volonne.fr\/index.php\/wp-json\/wp\/v2\/types\/page"}],"author":[{"embeddable":true,"href":"https:\/\/www.mairie-volonne.fr\/index.php\/wp-json\/wp\/v2\/users\/7"}],"replies":[{"embeddable":true,"href":"https:\/\/www.mairie-volonne.fr\/index.php\/wp-json\/wp\/v2\/comments?post=558"}],"version-history":[{"count":24,"href":"https:\/\/www.mairie-volonne.fr\/index.php\/wp-json\/wp\/v2\/pages\/558\/revisions"}],"predecessor-version":[{"id":13322,"href":"https:\/\/www.mairie-volonne.fr\/index.php\/wp-json\/wp\/v2\/pages\/558\/revisions\/13322"}],"wp:attachment":[{"href":"https:\/\/www.mairie-volonne.fr\/index.php\/wp-json\/wp\/v2\/media?parent=558"}],"curies":[{"name":"wp","href":"https:\/\/api.w.org\/{rel}","templated":true}]}}