{"id":539,"date":"2015-04-24T15:56:57","date_gmt":"2015-04-24T14:56:57","guid":{"rendered":"https:\/\/vourouno.wordpress.com\/?page_id=539"},"modified":"2016-10-22T18:45:03","modified_gmt":"2016-10-22T16:45:03","slug":"jardins-pedagogiques","status":"publish","type":"page","link":"https:\/\/www.mairie-volonne.fr\/index.php\/jardins-pedagogiques\/","title":{"rendered":"Jardins p\u00e9dagogiques"},"content":{"rendered":"<p><strong>Un jardin p\u00e9dagogique c\u2019est quoi ?<\/strong><\/p>\n<p>Le jardin rec\u00e8le d\u2019une multitude de facettes qui permet l\u2019\u00e9ducation de nos enfants. De nombreuses valeurs sont enseign\u00e9es gr\u00e2ce \u00e0 cet outil tel que le partage, l\u2019entraide, la patience, la collaboration. Au-del\u00e0 de ces valeurs, cette activit\u00e9 permet l\u2018apprentissage des techniques de jardinage, l\u2019entretien des plants et celui du mat\u00e9riel.<br \/>\nUn jardin p\u00e9dagogique se pr\u00e9sente sous forme de petits bacs \u00e0 hauteur des enfants, remplis de terre qui permettront la culture de diff\u00e9rentes vari\u00e9t\u00e9s de l\u00e9gumes.<br \/>\nPr\u00e8s de ces bacs se tiendra un compost (bac permettant la fermentation des mati\u00e8res organiques jusqu\u2019\u00e0 leur retour \u00e0 \u00e9tat de terreau), cela offrira aux enfants une vision compl\u00e8te du cycle de l\u2019alimentation.<br \/>\nLa culture du l\u00e9gume, la consommation de ce l\u00e9gume, et les restes au compost qui formeront bient\u00f4t un terreau qui alimentera les cultures.<\/p>\n<p><a href=\"http:\/\/www.mairie-volonne.fr\/wp-content\/uploads\/2015\/04\/jardins-pedagogiques.jpg\"><img decoding=\"async\" class=\"  wp-image-806 alignleft\" src=\"http:\/\/www.mairie-volonne.fr\/wp-content\/uploads\/2015\/04\/jardins-pedagogiques.jpg\" alt=\"jardins pedagogiques\" width=\"361\" height=\"363\" srcset=\"https:\/\/www.mairie-volonne.fr\/wp-content\/uploads\/2015\/04\/jardins-pedagogiques-90x90.jpg 90w, https:\/\/www.mairie-volonne.fr\/wp-content\/uploads\/2015\/04\/jardins-pedagogiques-150x150.jpg 150w, https:\/\/www.mairie-volonne.fr\/wp-content\/uploads\/2015\/04\/jardins-pedagogiques-219x220.jpg 219w, https:\/\/www.mairie-volonne.fr\/wp-content\/uploads\/2015\/04\/jardins-pedagogiques-298x300.jpg 298w, https:\/\/www.mairie-volonne.fr\/wp-content\/uploads\/2015\/04\/jardins-pedagogiques.jpg 594w\" sizes=\"(max-width: 361px) 100vw, 361px\" \/><\/a><\/p>\n<p>Ces jardins p\u00e9dagogiques se situeraient au nord de la cantine, en contrebas du parking et de la\u00a0plateforme d\u2019entr\u00e9e commune P\u00f4le Enfance.<br \/>\nL\u2019objectif de l\u2019am\u00e9nagement de ce lieu, outre d\u2019offrir un espace de qualit\u00e9, est de l\u2019int\u00e9grer dans une\u00a0d\u00e9marche p\u00e9dagogique et de d\u00e9veloppement durable. Ainsi, on retrouvera des jardins p\u00e9dagogiques\u00a0pour les Temps d\u2019Activit\u00e9s P\u00e9dagogiques (TAP), une plate-forme de compostage des d\u00e9chets des\u00a0cantines, une cuve de r\u00e9cup\u00e9ration des eaux pluviales. Au niveau de la v\u00e9g\u00e9tation implant\u00e9e, on jouera sur les couleurs, les senteurs et le go\u00fbt.<\/p>\n<p>Ce projet permet diff\u00e9rentes approches\u00a0:<\/p>\n<ul>\n<li>L\u2019approche technique (gestes et savoir)<\/li>\n<li>L\u2019approche scientifique (fonctionnement du vivant)<\/li>\n<li>L\u2019approche sensorielle (senteurs, couleurs, texture etc&#8230;)<\/li>\n<li>L\u2019approche artistique (\u00e9motions, sensibilit\u00e9, cr\u00e9ativit\u00e9)<\/li>\n<li>L\u2019approche culturelle (relation int\u00e9rioris\u00e9e au monde)<\/li>\n<li>L\u2019approche culinaire (comportements alimentaires, sant\u00e9 etc\u2026)<\/li>\n<li>L\u2019approche ludique (jardin comme espace de jeu)<\/li>\n<li>L\u2019approche mytho-po\u00e9tique (lieu d\u2019inspiration, le jardin comme muse\u00a0; jardin d\u2019Eden, jardin\u00a0de Monet)<\/li>\n<li>L\u2019approche historique (jardins li\u00e9s \u00e0 l\u2019humanit\u00e9)<\/li>\n<li>L\u2019approche physique (relation entre le corps et l\u2019espace jardin)<\/li>\n<li>L\u2019approche contemplative (relation \u00e0 l\u2019esth\u00e9tique)<\/li>\n<\/ul>\n","protected":false},"excerpt":{"rendered":"<p>Un jardin p\u00e9dagogique c\u2019est quoi ? Le jardin rec\u00e8le d\u2019une multitude de facettes qui permet l\u2019\u00e9ducation de nos enfants. De nombreuses valeurs sont enseign\u00e9es gr\u00e2ce \u00e0 cet outil tel que le partage, l\u2019entraide, la patience, la collaboration. Au-del\u00e0 de ces valeurs, cette activit\u00e9 permet l\u2018apprentissage des techniques de jardinage, l\u2019entretien des plants et celui du [&#8230;]<\/p>\n","protected":false},"author":7,"featured_media":0,"parent":0,"menu_order":0,"comment_status":"closed","ping_status":"closed","template":"","meta":{"_EventAllDay":false,"_EventTimezone":"","_EventStartDate":"","_EventEndDate":"","_EventStartDateUTC":"","_EventEndDateUTC":"","_EventShowMap":false,"_EventShowMapLink":false,"_EventURL":"","_EventCost":"","_EventCostDescription":"","_EventCurrencySymbol":"","_EventCurrencyCode":"","_EventCurrencyPosition":"","_EventDateTimeSeparator":"","_EventTimeRangeSeparator":"","_EventOrganizerID":[],"_EventVenueID":[],"_OrganizerEmail":"","_OrganizerPhone":"","_OrganizerWebsite":"","_VenueAddress":"","_VenueCity":"","_VenueCountry":"","_VenueProvince":"","_VenueState":"","_VenueZip":"","_VenuePhone":"","_VenueURL":"","_VenueStateProvince":"","_VenueLat":"","_VenueLng":"","_VenueShowMap":false,"_VenueShowMapLink":false,"jetpack_post_was_ever_published":false,"footnotes":""},"class_list":["post-539","page","type-page","status-publish","hentry"],"jetpack_shortlink":"https:\/\/wp.me\/P6fN6B-8H","jetpack_sharing_enabled":true,"_links":{"self":[{"href":"https:\/\/www.mairie-volonne.fr\/index.php\/wp-json\/wp\/v2\/pages\/539","targetHints":{"allow":["GET"]}}],"collection":[{"href":"https:\/\/www.mairie-volonne.fr\/index.php\/wp-json\/wp\/v2\/pages"}],"about":[{"href":"https:\/\/www.mairie-volonne.fr\/index.php\/wp-json\/wp\/v2\/types\/page"}],"author":[{"embeddable":true,"href":"https:\/\/www.mairie-volonne.fr\/index.php\/wp-json\/wp\/v2\/users\/7"}],"replies":[{"embeddable":true,"href":"https:\/\/www.mairie-volonne.fr\/index.php\/wp-json\/wp\/v2\/comments?post=539"}],"version-history":[{"count":2,"href":"https:\/\/www.mairie-volonne.fr\/index.php\/wp-json\/wp\/v2\/pages\/539\/revisions"}],"predecessor-version":[{"id":807,"href":"https:\/\/www.mairie-volonne.fr\/index.php\/wp-json\/wp\/v2\/pages\/539\/revisions\/807"}],"wp:attachment":[{"href":"https:\/\/www.mairie-volonne.fr\/index.php\/wp-json\/wp\/v2\/media?parent=539"}],"curies":[{"name":"wp","href":"https:\/\/api.w.org\/{rel}","templated":true}]}}