{"id":51,"date":"2015-03-18T12:09:24","date_gmt":"2015-03-18T11:09:24","guid":{"rendered":"https:\/\/vourouno.wordpress.com\/?page_id=51"},"modified":"2025-09-23T16:19:55","modified_gmt":"2025-09-23T14:19:55","slug":"eau-et-assainissement","status":"publish","type":"page","link":"https:\/\/www.mairie-volonne.fr\/index.php\/eau-et-assainissement\/","title":{"rendered":"Eau et Assainissement"},"content":{"rendered":"<p><img decoding=\"async\" class=\"alignnone size-full wp-image-14126\" src=\"https:\/\/www.mairie-volonne.fr\/wp-content\/uploads\/2025\/09\/Eau-et-Assainissement-e1757060046406.png\" alt=\"\" width=\"1586\" height=\"400\" srcset=\"https:\/\/www.mairie-volonne.fr\/wp-content\/uploads\/2025\/09\/Eau-et-Assainissement-e1757060046406-200x50.png 200w, https:\/\/www.mairie-volonne.fr\/wp-content\/uploads\/2025\/09\/Eau-et-Assainissement-e1757060046406-300x76.png 300w, https:\/\/www.mairie-volonne.fr\/wp-content\/uploads\/2025\/09\/Eau-et-Assainissement-e1757060046406-400x101.png 400w, https:\/\/www.mairie-volonne.fr\/wp-content\/uploads\/2025\/09\/Eau-et-Assainissement-e1757060046406-600x151.png 600w, https:\/\/www.mairie-volonne.fr\/wp-content\/uploads\/2025\/09\/Eau-et-Assainissement-e1757060046406-768x194.png 768w, https:\/\/www.mairie-volonne.fr\/wp-content\/uploads\/2025\/09\/Eau-et-Assainissement-e1757060046406-800x202.png 800w, https:\/\/www.mairie-volonne.fr\/wp-content\/uploads\/2025\/09\/Eau-et-Assainissement-e1757060046406-1024x258.png 1024w, https:\/\/www.mairie-volonne.fr\/wp-content\/uploads\/2025\/09\/Eau-et-Assainissement-e1757060046406-1200x303.png 1200w, https:\/\/www.mairie-volonne.fr\/wp-content\/uploads\/2025\/09\/Eau-et-Assainissement-e1757060046406-1320x333.png 1320w, https:\/\/www.mairie-volonne.fr\/wp-content\/uploads\/2025\/09\/Eau-et-Assainissement-e1757060046406-1536x387.png 1536w, https:\/\/www.mairie-volonne.fr\/wp-content\/uploads\/2025\/09\/Eau-et-Assainissement-e1757060046406.png 1586w\" sizes=\"(max-width: 1586px) 100vw, 1586px\" \/><\/p>\n<p>&nbsp;<\/p>\n<h4><span style=\"font-size: 12pt;\"><span style=\"color: #000000;\">L\u2019abonnement au service des eaux est g\u00e9r\u00e9 depuis 01\/01\/2020 par<\/span><span style=\"color: #99ccff;\"> <strong><a style=\"color: #99ccff;\" href=\"https:\/\/www.provencealpesagglo.fr\/eau-et-assainissement\/\">PAA<\/a>.<\/strong><\/span><\/span><\/h4>\n<ul style=\"list-style-type: disc;\">\n<li>\n<h4><span style=\"color: #99ccff;\"><strong><a style=\"color: #99ccff;\" href=\"https:\/\/www.mairie-volonne.fr\/wp-content\/uploads\/2020\/07\/DEM.-ABON.-EAU-ASSAINISSEMENT-PAA.pdf\" target=\"_blank\" rel=\"noopener noreferrer\">Demande\u00a0 d&rsquo;abonnement\u00a0 EAU ASSAINISSEMENT\u00a0<\/a><\/strong><\/span><\/h4>\n<\/li>\n<\/ul>\n<ul>\n<li>\n<h4><span style=\"color: #99ccff;\"><strong>Conna\u00eetre la <\/strong><a style=\"color: #99ccff;\" href=\"https:\/\/orobnat.sante.gouv.fr\/orobnat\/afficherPage.do?methode=menu&amp;usd=AEP&amp;idRegion=93\" target=\"_blank\" rel=\"noopener noreferrer\"><strong>QUALIT\u00c9 des EAUX distribu\u00e9es \u00e0 Volonne <\/strong><\/a><\/span><\/h4>\n<\/li>\n<li style=\"text-align: left;\"><span style=\"color: #99ccff;\">\u00a0<strong><a style=\"color: #99ccff;\" href=\"https:\/\/www.mairie-volonne.fr\/wp-content\/uploads\/2025\/09\/SYNTHESE-EAU-POTABLE-VOLONNE_2024.pdf\">SYNTHESE EAU POTABLE VOLONNE_2024<\/a><\/strong><\/span><\/li>\n<\/ul>\n<h4><span style=\"font-size: 12pt;\"><span style=\"color: #000000;\">Contr\u00f4le sanitaire des eaux destin\u00e9s \u00e0 la consommation Humaine<\/span><\/span><\/h4>\n<h3><span style=\"color: #3366ff;\"><a style=\"color: #3366ff;\" href=\"https:\/\/www.mairie-volonne.fr\/wp-content\/uploads\/2025\/09\/00151439.pdf\">Fromagerie Ferme des Coques<\/a><\/span><\/h3>\n<h1 style=\"text-align: left;\"><span style=\"color: #00ccff;\"><strong>\u00a0\u00a0<\/strong><\/span><\/h1>\n","protected":false},"excerpt":{"rendered":"<p>&nbsp; L\u2019abonnement au service des eaux est g\u00e9r\u00e9 depuis 01\/01\/2020 par PAA. Demande\u00a0 d&rsquo;abonnement\u00a0 EAU ASSAINISSEMENT\u00a0 Conna\u00eetre la QUALIT\u00c9 des EAUX distribu\u00e9es \u00e0 Volonne \u00a0SYNTHESE EAU POTABLE VOLONNE_2024 Contr\u00f4le sanitaire des eaux destin\u00e9s \u00e0 la consommation Humaine Fromagerie Ferme des Coques \u00a0\u00a0<\/p>\n","protected":false},"author":7,"featured_media":0,"parent":0,"menu_order":0,"comment_status":"closed","ping_status":"closed","template":"","meta":{"_EventAllDay":false,"_EventTimezone":"","_EventStartDate":"","_EventEndDate":"","_EventStartDateUTC":"","_EventEndDateUTC":"","_EventShowMap":false,"_EventShowMapLink":false,"_EventURL":"","_EventCost":"","_EventCostDescription":"","_EventCurrencySymbol":"","_EventCurrencyCode":"","_EventCurrencyPosition":"","_EventDateTimeSeparator":"","_EventTimeRangeSeparator":"","_EventOrganizerID":[],"_EventVenueID":[],"_OrganizerEmail":"","_OrganizerPhone":"","_OrganizerWebsite":"","_VenueAddress":"","_VenueCity":"","_VenueCountry":"","_VenueProvince":"","_VenueState":"","_VenueZip":"","_VenuePhone":"","_VenueURL":"","_VenueStateProvince":"","_VenueLat":"","_VenueLng":"","_VenueShowMap":false,"_VenueShowMapLink":false,"jetpack_post_was_ever_published":false,"footnotes":""},"class_list":["post-51","page","type-page","status-publish","hentry"],"jetpack_shortlink":"https:\/\/wp.me\/P6fN6B-P","jetpack_sharing_enabled":true,"_links":{"self":[{"href":"https:\/\/www.mairie-volonne.fr\/index.php\/wp-json\/wp\/v2\/pages\/51","targetHints":{"allow":["GET"]}}],"collection":[{"href":"https:\/\/www.mairie-volonne.fr\/index.php\/wp-json\/wp\/v2\/pages"}],"about":[{"href":"https:\/\/www.mairie-volonne.fr\/index.php\/wp-json\/wp\/v2\/types\/page"}],"author":[{"embeddable":true,"href":"https:\/\/www.mairie-volonne.fr\/index.php\/wp-json\/wp\/v2\/users\/7"}],"replies":[{"embeddable":true,"href":"https:\/\/www.mairie-volonne.fr\/index.php\/wp-json\/wp\/v2\/comments?post=51"}],"version-history":[{"count":57,"href":"https:\/\/www.mairie-volonne.fr\/index.php\/wp-json\/wp\/v2\/pages\/51\/revisions"}],"predecessor-version":[{"id":14182,"href":"https:\/\/www.mairie-volonne.fr\/index.php\/wp-json\/wp\/v2\/pages\/51\/revisions\/14182"}],"wp:attachment":[{"href":"https:\/\/www.mairie-volonne.fr\/index.php\/wp-json\/wp\/v2\/media?parent=51"}],"curies":[{"name":"wp","href":"https:\/\/api.w.org\/{rel}","templated":true}]}}