{"id":499,"date":"2015-04-23T16:29:10","date_gmt":"2015-04-23T15:29:10","guid":{"rendered":"https:\/\/vourouno.wordpress.com\/?page_id=499"},"modified":"2025-02-28T16:10:50","modified_gmt":"2025-02-28T15:10:50","slug":"associations-volonne","status":"publish","type":"page","link":"https:\/\/www.mairie-volonne.fr\/index.php\/associations-volonne\/","title":{"rendered":"Village participatif: Associations volonnaises"},"content":{"rendered":"<h3><img decoding=\"async\" class=\"wp-image-13672 aligncenter\" src=\"https:\/\/www.mairie-volonne.fr\/wp-content\/uploads\/2025\/02\/associations-Volonnaises.png\" alt=\"\" width=\"947\" height=\"332\" srcset=\"https:\/\/www.mairie-volonne.fr\/wp-content\/uploads\/2025\/02\/associations-Volonnaises-200x70.png 200w, https:\/\/www.mairie-volonne.fr\/wp-content\/uploads\/2025\/02\/associations-Volonnaises-300x105.png 300w, https:\/\/www.mairie-volonne.fr\/wp-content\/uploads\/2025\/02\/associations-Volonnaises-400x140.png 400w, https:\/\/www.mairie-volonne.fr\/wp-content\/uploads\/2025\/02\/associations-Volonnaises-600x211.png 600w, https:\/\/www.mairie-volonne.fr\/wp-content\/uploads\/2025\/02\/associations-Volonnaises-768x270.png 768w, https:\/\/www.mairie-volonne.fr\/wp-content\/uploads\/2025\/02\/associations-Volonnaises-800x281.png 800w, https:\/\/www.mairie-volonne.fr\/wp-content\/uploads\/2025\/02\/associations-Volonnaises-1024x359.png 1024w, https:\/\/www.mairie-volonne.fr\/wp-content\/uploads\/2025\/02\/associations-Volonnaises-1200x421.png 1200w, https:\/\/www.mairie-volonne.fr\/wp-content\/uploads\/2025\/02\/associations-Volonnaises-1320x463.png 1320w, https:\/\/www.mairie-volonne.fr\/wp-content\/uploads\/2025\/02\/associations-Volonnaises-1536x539.png 1536w, https:\/\/www.mairie-volonne.fr\/wp-content\/uploads\/2025\/02\/associations-Volonnaises.png 1587w\" sizes=\"(max-width: 947px) 100vw, 947px\" \/><\/h3>\n<h3><\/h3>\n<h3><\/h3>\n<h2 style=\"text-align: center;\">Associations Volonnaises<\/h2>\n<table class=\" aligncenter\" width=\"1090\">\n<tbody>\n<tr>\n<td width=\"263\">Nom<\/td>\n<td width=\"138\">Activit\u00e9<\/td>\n<td width=\"225\">Nom Pr\u00e9sident<\/td>\n<td width=\"221\">Adresse<\/td>\n<td width=\"243\">mail<\/td>\n<\/tr>\n<tr>\n<td>AGV &#8211; Gym volontaire<\/td>\n<td>Gym<\/td>\n<td>SCHWAB Edith<\/td>\n<td width=\"221\">979 route du Village<br \/>\n04290 VOLONNE<\/td>\n<td><a href=\"mailto:gymvolontaire04290@gmail.com\">gymvolontaire04290@gmail.com<\/a><\/td>\n<\/tr>\n<tr>\n<td>Association des Parents d&rsquo;Eleves<\/td>\n<td>Parents d&rsquo;\u00e9l\u00e8ves<\/td>\n<td>CHANA Manon<\/td>\n<td>&#8211;<\/td>\n<td><a href=\"mailto:ape.volonne@gmail.com\">ape.volonne@gmail.com<\/a><\/td>\n<\/tr>\n<tr>\n<td>Boule Volonnaise<\/td>\n<td>P\u00e9tanque<\/td>\n<td width=\"225\">Pr\u00e9sident : CELCOUX Stan<br \/>\nSecr\u00e9taire : CELCOUX Sandrine<br \/>\nTr\u00e9sorier : COMBA Tommy<\/td>\n<td width=\"221\">1, place Amiral Peyron\u00a0\u00a0\u00a0\u00a0\u00a0\u00a0\u00a0\u00a0\u00a0\u00a0\u00a0\u00a0\u00a0\u00a0\u00a0\u00a0\u00a0\u00a0\u00a0\u00a0\u00a0 04290 Volonne<\/td>\n<td width=\"243\"><a href=\"mailto:laboulevolonnaise@gmail.com\">laboulevolonnaise@gmail.com<\/a><\/td>\n<\/tr>\n<tr>\n<td>Comit\u00e9 des F\u00eates<\/td>\n<td>Festivit\u00e9s<\/td>\n<td>BRUNET Aude<\/td>\n<td width=\"221\">1 place du ch\u00e2teau<br \/>\n04290 VOLONNE<\/td>\n<td><a href=\"mailto:cdf.volonne@gmail.com\">cdf.volonne@gmail.com<\/a><\/td>\n<\/tr>\n<tr>\n<td>Football-Club Volonnais<\/td>\n<td>Foot<\/td>\n<td>RICHAUD Laurent<\/td>\n<td width=\"221\">1347 chemin du plan<br \/>\n04290 VOLONNE<\/td>\n<td width=\"243\"><a href=\"mailto:fcvolonnais@orange.fr\">fcvolonnais@orange.fr\u00a0 valo.richaud@orange.fr\u00a0<\/a><\/td>\n<\/tr>\n<tr>\n<td>Gueux de Volonne<\/td>\n<td>Animations de rue<\/td>\n<td>GERANTON Chantal et Guy<\/td>\n<td width=\"221\">rue Latil Mathieu<br \/>\n04290 VOLONNE<\/td>\n<td><a href=\"mailto:chantal.geranton04@gmail.com\">chantal.geranton04@gmail.com<\/a><\/td>\n<\/tr>\n<tr>\n<td>Hurrickane Pickle Ball &#8211; HPV<\/td>\n<td>Sport<\/td>\n<td>FERRIGNO David<\/td>\n<td>&#8211;<\/td>\n<td>&#8211;<\/td>\n<\/tr>\n<tr>\n<td>Judo Club Volonne<\/td>\n<td>Judo<\/td>\n<td>BRISSON Pascale<\/td>\n<td width=\"221\">rue de la R\u00e9publique<br \/>\n04290 VOLONNE<\/td>\n<td><a href=\"mailto:judoclubvolonne@gmail.com\">judoclubvolonne@gmail.com<\/a><\/td>\n<\/tr>\n<tr>\n<td>KRAV-MAGA<\/td>\n<td>Sport de combat<\/td>\n<td>OLLIATI Tom<\/td>\n<td>&#8211;<\/td>\n<td><a href=\"mailto:john-om@hotmail.fr\">john-om@hotmail.fr<\/a><\/td>\n<\/tr>\n<tr>\n<td>La Cistude<\/td>\n<td>Protection Nature<\/td>\n<td>&#8211;<\/td>\n<td>&#8211;<\/td>\n<td width=\"243\"><a href=\"mailto:lacistudesecretariat@yahoo.com\">lacistudesecretariat@yahoo.com<\/a><\/td>\n<\/tr>\n<tr>\n<td>Renaissance Saint-Martin<\/td>\n<td>Patrimoine<\/td>\n<td>MAUREL Christian<\/td>\n<td><\/td>\n<td>fauchet.michel@orange.fr<\/td>\n<\/tr>\n<tr>\n<td>Soci\u00e9t\u00e9 de chasse<\/td>\n<td>Chasse<\/td>\n<td>DURAND Christophe<\/td>\n<td width=\"221\">1 place du ch\u00e2teau<br \/>\n04290 VOLONNE<\/td>\n<td width=\"243\">doretephilippe04290@gmail.com<br \/>\nchris04.d@hotmail.fr<\/td>\n<\/tr>\n<tr>\n<td>Son des vall\u00e9es<\/td>\n<td>M\u00e9ditation<\/td>\n<td>PIERUCCI Nicolas<\/td>\n<td><\/td>\n<td width=\"243\"><a href=\"mailto:az.lesondesvallees@gmail.com\">az.lesondesvallees@gmail.com<\/a><\/td>\n<\/tr>\n<tr>\n<td>Vieille Pierre<\/td>\n<td>Patrimoine<\/td>\n<td>ROUX-BAILLET Cathy<\/td>\n<td width=\"221\">6 rue de la Minoterie<br \/>\n04290 VOLONNE<\/td>\n<td width=\"243\"><a href=\"mailto:catherine.roux-baillet@orange.fr\">catherine.roux-baillet@orange.fr<\/a><\/td>\n<\/tr>\n<tr>\n<td>Volonne Initiatives<\/td>\n<td>Festivit\u00e9s<\/td>\n<td>BRAVAY Jean-Philippe<\/td>\n<td><\/td>\n<td width=\"243\"><a href=\"mailto:martine.doncelle@orange.fr\">martine.doncelle@orange.fr<\/a><\/td>\n<\/tr>\n<tr>\n<td>Volumna 930<\/td>\n<td>Festivit\u00e9s<\/td>\n<td width=\"225\">R\u00e9jane CHRISTOPHE<\/td>\n<td width=\"221\">59 cours Jacques Paulon<br \/>\n04290 VOLONNE<\/td>\n<td width=\"243\"><a href=\"mailto:volumna930@gmail.com\">volumna930@gmail.com<\/a><\/td>\n<\/tr>\n<\/tbody>\n<\/table>\n<p>&nbsp;<\/p>\n<h2 style=\"text-align: center;\">Associations hors Volonne<\/h2>\n<h3 style=\"text-align: center;\"><\/h3>\n<table class=\" aligncenter\" width=\"1175\">\n<tbody>\n<tr>\n<td width=\"354\">Nom<\/td>\n<td width=\"167\">Activit\u00e9<\/td>\n<td width=\"168\">Nom Pr\u00e9sident<\/td>\n<td width=\"207\">Adresse<\/td>\n<td width=\"279\">mail<\/td>\n<\/tr>\n<tr>\n<td>Arbre Porte Soleil<\/td>\n<td>Ta\u00ef-Chi<\/td>\n<td>CORA Michelle<\/td>\n<td width=\"207\">Le village<br \/>\n04420 DRAIX<\/td>\n<td><a href=\"mailto:cora_michelle@hotmail.fr\">cora_michelle@hotmail.fr<\/a><\/td>\n<\/tr>\n<tr>\n<td>Association Sportive Coll\u00e9ge Camille Reymond<\/td>\n<td>Sport<\/td>\n<td>BORGHINI Jean-Charles<\/td>\n<td width=\"207\">Quartier de la Bastide Neuve<br \/>\n04160 CASA<\/td>\n<td><a href=\"mailto:ce0040052k@ac-aix-marseille.fr\">ce0040052k@ac-aix-marseille.fr<\/a><\/td>\n<\/tr>\n<tr>\n<td>Couleur Yoga<\/td>\n<td>Yoga<\/td>\n<td>CRAYON Anne<\/td>\n<td width=\"207\">41 plan de Gaubert<br \/>\n04000 DIGNE-LES-BAINS<\/td>\n<td><a href=\"mailto:anne.crayon@laposte.net\">anne.crayon@laposte.net<\/a><\/td>\n<\/tr>\n<tr>\n<td>Durance Ski-D\u00e9couverte<\/td>\n<td>Ski<\/td>\n<td>BONNET Jean-Luc<\/td>\n<td width=\"207\">4 rue Gabriel Faur\u00e9<br \/>\n04160 CASA<\/td>\n<td><a href=\"mailto:duranceskidecouverte@gmail.com\">duranceskidecouverte@gmail.com<\/a><\/td>\n<\/tr>\n<tr>\n<td>Elan-C<\/td>\n<td>Artiste &#8211; Culture<\/td>\n<td>&#8211;<\/td>\n<td width=\"207\">2 avenue centrale<br \/>\n04160 CASA<\/td>\n<td><a href=\"mailto:elanc04@gmail.com\">elanc04@gmail.com<\/a><\/td>\n<\/tr>\n<tr>\n<td>Karat\u00e9 USCASA<\/td>\n<td>Karat\u00e9<\/td>\n<td>LEONE Jean-Louis<\/td>\n<td width=\"207\">16 rue de la renaissance<br \/>\n04200 SISTERON<\/td>\n<td width=\"279\">leonejeanlouis@yahoo.fr<br \/>\nu.s.casakarate@gmail.com<\/td>\n<\/tr>\n<tr>\n<td>Monts et tam-tam<\/td>\n<td>Percussions<\/td>\n<td>GOUAUX F.<\/td>\n<td width=\"207\">11 rue haute Ville<br \/>\n04000 DIGNE-LES-BAINS<\/td>\n<td><a href=\"mailto:montsettamtam@gmail.com\">montsettamtam@gmail.com<\/a><\/td>\n<\/tr>\n<tr>\n<td>Peipin Folk<\/td>\n<td>Danse<\/td>\n<td>BONNET Marie-Paule<\/td>\n<td width=\"207\">Mairie de Peipin<br \/>\n04200 PEIPIN<\/td>\n<td><a href=\"mailto:peipinfolk@gmail.com\">peipinfolk@gmail.com<\/a><\/td>\n<\/tr>\n<tr>\n<td>Repair Caf\u00e9<\/td>\n<td>R\u00e9paration<\/td>\n<td>TARANTINO Damine<\/td>\n<td width=\"207\">18 bd de la R\u00e9publique<br \/>\n04190 Les MEES<\/td>\n<td><a href=\"mailto:repaircafedp@gmail.com\">repaircafedp@gmail.com<\/a><\/td>\n<\/tr>\n<tr>\n<td>Universit\u00e9 du temps libre<\/td>\n<td>Divers cours<\/td>\n<td>&#8211;<\/td>\n<td width=\"207\">3 bis place de la Mairie<br \/>\n04200 PEIPIN<\/td>\n<td><a href=\"mailto:utlduranceprovence04@gmail.com\">utlduranceprovence04@gmail.com<\/a><\/td>\n<\/tr>\n<tr>\n<td>Val Durance Hand-Ball<\/td>\n<td>Hand-Ball<\/td>\n<td>DESJARDIN Lila<\/td>\n<td width=\"207\">&#8211;<\/td>\n<td width=\"279\"><a href=\"mailto:6304004@ffhandball.net\">6304004@ffhandball.net<br \/>\nlila.desjardins@wanadoo.fr<\/a><\/td>\n<\/tr>\n<tr>\n<td>Yoga de Samara<\/td>\n<td>Yoga<\/td>\n<td>GROS Laurent<\/td>\n<td width=\"207\">139 avenue des Chaudettes<br \/>\n04200 SISTERON<\/td>\n<td style=\"text-align: center;\" width=\"279\">laurgros@gmail.com<\/td>\n<\/tr>\n<\/tbody>\n<\/table>\n<p>&nbsp;<\/p>\n<p style=\"text-align: center;\">\n","protected":false},"excerpt":{"rendered":"<p>Associations Volonnaises Nom Activit\u00e9 Nom Pr\u00e9sident Adresse mail AGV &#8211; Gym volontaire Gym SCHWAB Edith 979 route du Village 04290 VOLONNE gymvolontaire04290@gmail.com Association des Parents d&rsquo;Eleves Parents d&rsquo;\u00e9l\u00e8ves CHANA Manon &#8211; ape.volonne@gmail.com Boule Volonnaise P\u00e9tanque Pr\u00e9sident : CELCOUX Stan Secr\u00e9taire : CELCOUX Sandrine Tr\u00e9sorier : COMBA Tommy 1, place Amiral Peyron\u00a0\u00a0\u00a0\u00a0\u00a0\u00a0\u00a0\u00a0\u00a0\u00a0\u00a0\u00a0\u00a0\u00a0\u00a0\u00a0\u00a0\u00a0\u00a0\u00a0\u00a0 04290 Volonne laboulevolonnaise@gmail.com Comit\u00e9 [&#8230;]<\/p>\n","protected":false},"author":7,"featured_media":0,"parent":0,"menu_order":0,"comment_status":"closed","ping_status":"closed","template":"","meta":{"_EventAllDay":false,"_EventTimezone":"","_EventStartDate":"","_EventEndDate":"","_EventStartDateUTC":"","_EventEndDateUTC":"","_EventShowMap":false,"_EventShowMapLink":false,"_EventURL":"","_EventCost":"","_EventCostDescription":"","_EventCurrencySymbol":"","_EventCurrencyCode":"","_EventCurrencyPosition":"","_EventDateTimeSeparator":"","_EventTimeRangeSeparator":"","_EventOrganizerID":[],"_EventVenueID":[],"_OrganizerEmail":"","_OrganizerPhone":"","_OrganizerWebsite":"","_VenueAddress":"","_VenueCity":"","_VenueCountry":"","_VenueProvince":"","_VenueState":"","_VenueZip":"","_VenuePhone":"","_VenueURL":"","_VenueStateProvince":"","_VenueLat":"","_VenueLng":"","_VenueShowMap":false,"_VenueShowMapLink":false,"jetpack_post_was_ever_published":false,"footnotes":""},"class_list":["post-499","page","type-page","status-publish","hentry"],"jetpack_shortlink":"https:\/\/wp.me\/P6fN6B-83","jetpack_sharing_enabled":true,"_links":{"self":[{"href":"https:\/\/www.mairie-volonne.fr\/index.php\/wp-json\/wp\/v2\/pages\/499","targetHints":{"allow":["GET"]}}],"collection":[{"href":"https:\/\/www.mairie-volonne.fr\/index.php\/wp-json\/wp\/v2\/pages"}],"about":[{"href":"https:\/\/www.mairie-volonne.fr\/index.php\/wp-json\/wp\/v2\/types\/page"}],"author":[{"embeddable":true,"href":"https:\/\/www.mairie-volonne.fr\/index.php\/wp-json\/wp\/v2\/users\/7"}],"replies":[{"embeddable":true,"href":"https:\/\/www.mairie-volonne.fr\/index.php\/wp-json\/wp\/v2\/comments?post=499"}],"version-history":[{"count":105,"href":"https:\/\/www.mairie-volonne.fr\/index.php\/wp-json\/wp\/v2\/pages\/499\/revisions"}],"predecessor-version":[{"id":13676,"href":"https:\/\/www.mairie-volonne.fr\/index.php\/wp-json\/wp\/v2\/pages\/499\/revisions\/13676"}],"wp:attachment":[{"href":"https:\/\/www.mairie-volonne.fr\/index.php\/wp-json\/wp\/v2\/media?parent=499"}],"curies":[{"name":"wp","href":"https:\/\/api.w.org\/{rel}","templated":true}]}}