{"id":451,"date":"2015-04-23T11:13:49","date_gmt":"2015-04-23T10:13:49","guid":{"rendered":"https:\/\/vourouno.wordpress.com\/?page_id=451"},"modified":"2023-09-24T19:00:40","modified_gmt":"2023-09-24T17:00:40","slug":"encombrants","status":"publish","type":"page","link":"https:\/\/www.mairie-volonne.fr\/index.php\/encombrants\/","title":{"rendered":"Encombrants"},"content":{"rendered":"<p style=\"text-align: center;\"><span style=\"color: #003300;\">Collecte des encombrants<\/span> | <span style=\"color: #003300;\">Acc\u00e8s \u00e0 la d\u00e9chetterie<\/span><\/p>\n<h1 style=\"text-align: center;\"><strong>R\u00e8glement de collecte<\/strong><\/h1>\n<p>L&rsquo;agglom\u00e9ration pour le canton de Volonne organise une collecte des encombrants, service r\u00e9serv\u00e9 aux particuliers.<\/p>\n<p>Lors de cette collecte, <strong>seuls le mobilier et l&rsquo;\u00e9lectrom\u00e9nager sont r\u00e9cup\u00e9r\u00e9s<\/strong> et celle-ci est organis\u00e9 <strong>une fois par mois (quatri\u00e8me jeudi du mois \u00e0 Volonne)<\/strong>. Le r\u00e8glement de collecte des encombrants est <span style=\"color: #339966;\"><a style=\"color: #339966;\" href=\"http:\/\/www.mairie-volonne.fr\/wp-content\/uploads\/2015\/06\/Reglement_collecte_encombrants.pdf\" target=\"_blank\" rel=\"noopener noreferrer\">disponible ici<\/a><\/span>.<\/p>\n<h4><strong><u><span style=\"color: #ff6600;\">Pour vous inscrire aux encombrants, il faut\u00a0imp\u00e9rativement passer\u00a0 par l\u2019accueil de la mairie ou t\u00e9l. au : 04.92.64.07.57.<\/span><\/u><\/strong><\/h4>\n<p>Conditions d&rsquo;acc\u00e8s aux services : personnes \u00e2g\u00e9es ou dans l&rsquo;impossibilit\u00e9 de se rendre en d\u00e9chetterie, ainsi que encombrants volumineux et absence de v\u00e9hicule adapt\u00e9 pour le transport jusqu&rsquo;\u00e0 la d\u00e9chetterie.<\/p>\n<p>Les encombrants, d\u00e9clar\u00e9s en mairie, <strong>devront \u00eatre d\u00e9pos\u00e9s au plus t\u00f4t la veille au soir du jour de collecte dans la rue, \u00e0 l&rsquo;entr\u00e9e de la propri\u00e9t\u00e9<\/strong>. Ils ne doivent <em>en aucun cas \u00eatre d\u00e9pos\u00e9s avant, ni sur d&rsquo;autres lieux<\/em> en dehors des demandes de d\u00e9pos\u00e9es en mairie. Tout d\u00e9p\u00f4t d&rsquo;autre nature et en d&rsquo;autres lieux est assimilable \u00e0 un d\u00e9p\u00f4t sauvage, passible de poursuites au titre de l&rsquo;<span style=\"color: #339966;\"><a style=\"color: #339966;\" href=\"http:\/\/www.legifrance.gouv.fr\/affichCodeArticle.do?cidTexte=LEGITEXT000006070719&amp;idArticle=LEGIARTI000006419532&amp;dateTexte=20090326\" target=\"_blank\" rel=\"noopener noreferrer\">article R-632-1 du Code p\u00e9nal<\/a><\/span>.<\/p>\n<p>&#8230;&#8230;&#8230;&#8230;&#8230;<\/p>\n<p>A noter que des chalets \u00e0 cartons ont \u00e9t\u00e9 d\u00e9pos\u00e9s \u00e0 <strong>l&rsquo;Espace P\u00e9rona<\/strong>, au <strong>parking de la croix<\/strong>, \u00e0 <strong>c\u00f4t\u00e9 de la mairie<\/strong> et aux <strong>D\u00e9messes.<\/strong><\/p>\n<p>&#8230;&#8230;&#8230;&#8230;.<\/p>\n<p>&nbsp;<\/p>\n<hr \/>\n<h1 style=\"text-align: center;\"><strong><a name=\"dechetterie\"><\/a>D\u00e9chetterie<\/strong><\/h1>\n<p>Pour obtenir un badge pour vous rendre \u00e0 la d\u00e9chetterie, merci de remplir <span style=\"color: #339966;\"><a style=\"color: #339966;\" href=\"http:\/\/goo.gl\/forms\/IcWSI5Oq0j\" target=\"_blank\" rel=\"noopener noreferrer\">ce formulaire pour les <strong>professionnels<\/strong><\/a><\/span> et <span style=\"color: #339966;\"><a style=\"color: #339966;\" href=\"http:\/\/goo.gl\/forms\/ZPa6GpP89L\" target=\"_blank\" rel=\"noopener noreferrer\">ce formulaire pour les <strong>particuliers<\/strong><\/a><\/span>.<\/p>\n<p style=\"text-align: center;\">***<\/p>\n","protected":false},"excerpt":{"rendered":"<p>Collecte des encombrants | Acc\u00e8s \u00e0 la d\u00e9chetterie R\u00e8glement de collecte L&rsquo;agglom\u00e9ration pour le canton de Volonne organise une collecte des encombrants, service r\u00e9serv\u00e9 aux particuliers. Lors de cette collecte, seuls le mobilier et l&rsquo;\u00e9lectrom\u00e9nager sont r\u00e9cup\u00e9r\u00e9s et celle-ci est organis\u00e9 une fois par mois (quatri\u00e8me jeudi du mois \u00e0 Volonne). Le r\u00e8glement de collecte [&#8230;]<\/p>\n","protected":false},"author":7,"featured_media":0,"parent":0,"menu_order":0,"comment_status":"closed","ping_status":"closed","template":"","meta":{"_EventAllDay":false,"_EventTimezone":"","_EventStartDate":"","_EventEndDate":"","_EventStartDateUTC":"","_EventEndDateUTC":"","_EventShowMap":false,"_EventShowMapLink":false,"_EventURL":"","_EventCost":"","_EventCostDescription":"","_EventCurrencySymbol":"","_EventCurrencyCode":"","_EventCurrencyPosition":"","_EventDateTimeSeparator":"","_EventTimeRangeSeparator":"","_EventOrganizerID":[],"_EventVenueID":[],"_OrganizerEmail":"","_OrganizerPhone":"","_OrganizerWebsite":"","_VenueAddress":"","_VenueCity":"","_VenueCountry":"","_VenueProvince":"","_VenueState":"","_VenueZip":"","_VenuePhone":"","_VenueURL":"","_VenueStateProvince":"","_VenueLat":"","_VenueLng":"","_VenueShowMap":false,"_VenueShowMapLink":false,"jetpack_post_was_ever_published":false,"footnotes":""},"class_list":["post-451","page","type-page","status-publish","hentry"],"jetpack_shortlink":"https:\/\/wp.me\/P6fN6B-7h","jetpack_sharing_enabled":true,"_links":{"self":[{"href":"https:\/\/www.mairie-volonne.fr\/index.php\/wp-json\/wp\/v2\/pages\/451","targetHints":{"allow":["GET"]}}],"collection":[{"href":"https:\/\/www.mairie-volonne.fr\/index.php\/wp-json\/wp\/v2\/pages"}],"about":[{"href":"https:\/\/www.mairie-volonne.fr\/index.php\/wp-json\/wp\/v2\/types\/page"}],"author":[{"embeddable":true,"href":"https:\/\/www.mairie-volonne.fr\/index.php\/wp-json\/wp\/v2\/users\/7"}],"replies":[{"embeddable":true,"href":"https:\/\/www.mairie-volonne.fr\/index.php\/wp-json\/wp\/v2\/comments?post=451"}],"version-history":[{"count":15,"href":"https:\/\/www.mairie-volonne.fr\/index.php\/wp-json\/wp\/v2\/pages\/451\/revisions"}],"predecessor-version":[{"id":12634,"href":"https:\/\/www.mairie-volonne.fr\/index.php\/wp-json\/wp\/v2\/pages\/451\/revisions\/12634"}],"wp:attachment":[{"href":"https:\/\/www.mairie-volonne.fr\/index.php\/wp-json\/wp\/v2\/media?parent=451"}],"curies":[{"name":"wp","href":"https:\/\/api.w.org\/{rel}","templated":true}]}}