{"id":31,"date":"2015-03-18T12:04:14","date_gmt":"2015-03-18T11:04:14","guid":{"rendered":"https:\/\/vourouno.wordpress.com\/?page_id=31"},"modified":"2024-05-16T10:06:33","modified_gmt":"2024-05-16T08:06:33","slug":"petite-enfance","status":"publish","type":"page","link":"https:\/\/www.mairie-volonne.fr\/index.php\/petite-enfance\/","title":{"rendered":"Petite enfance"},"content":{"rendered":"<div class=\"fusion-fullwidth fullwidth-box fusion-builder-row-1 fusion-flex-container nonhundred-percent-fullwidth non-hundred-percent-height-scrolling\" style=\"--awb-border-radius-top-left:0px;--awb-border-radius-top-right:0px;--awb-border-radius-bottom-right:0px;--awb-border-radius-bottom-left:0px;--awb-flex-wrap:wrap;\" ><div class=\"fusion-builder-row fusion-row fusion-flex-align-items-flex-start fusion-flex-content-wrap\" style=\"max-width:1248px;margin-left: calc(-4% \/ 2 );margin-right: calc(-4% \/ 2 );\"><div class=\"fusion-layout-column fusion_builder_column fusion-builder-column-0 fusion_builder_column_1_1 1_1 fusion-flex-column\" style=\"--awb-bg-blend:overlay;--awb-bg-size:cover;--awb-width-large:100%;--awb-margin-top-large:0px;--awb-spacing-right-large:1.92%;--awb-margin-bottom-large:0px;--awb-spacing-left-large:1.92%;--awb-width-medium:100%;--awb-spacing-right-medium:1.92%;--awb-spacing-left-medium:1.92%;--awb-width-small:100%;--awb-spacing-right-small:1.92%;--awb-spacing-left-small:1.92%;\"><div class=\"fusion-column-wrapper fusion-flex-justify-content-flex-start fusion-content-layout-column\"><div class=\"fusion-text fusion-text-1\"><p style=\"text-align: center;\"><span style=\"color: #003300;\"><a style=\"color: #003300;\" href=\"#creche\">Cr\u00e8che<\/a><\/span> | <span style=\"color: #003300;\"><a style=\"color: #003300;\" href=\"#am\">Assistant(e)s maternel(le)s<\/a><\/span> | <span style=\"color: #003300;\"><a style=\"color: #003300;\" href=\"#ramip\">RAMIP<\/a><\/span><\/p>\n<h1 class=\"fusion-responsive-typography-calculated\" style=\"--fontsize: 34; line-height: 1.4;\" data-fontsize=\"34\" data-lineheight=\"47.6px\"><\/h1>\n<h1 class=\"fusion-responsive-typography-calculated\" style=\"--fontsize: 34; line-height: 1.4;\" data-fontsize=\"34\" data-lineheight=\"47.6px\"><img decoding=\"async\" class=\"alignnone size-large wp-image-12906 aligncenter\" src=\"https:\/\/www.mairie-volonne.fr\/wp-content\/uploads\/2024\/03\/Capture-decran-2024-03-29-092411-1024x158.jpg\" alt=\"\" width=\"1024\" height=\"158\" srcset=\"https:\/\/www.mairie-volonne.fr\/wp-content\/uploads\/2024\/03\/Capture-decran-2024-03-29-092411-200x31.jpg 200w, https:\/\/www.mairie-volonne.fr\/wp-content\/uploads\/2024\/03\/Capture-decran-2024-03-29-092411-300x46.jpg 300w, https:\/\/www.mairie-volonne.fr\/wp-content\/uploads\/2024\/03\/Capture-decran-2024-03-29-092411-400x62.jpg 400w, https:\/\/www.mairie-volonne.fr\/wp-content\/uploads\/2024\/03\/Capture-decran-2024-03-29-092411-600x93.jpg 600w, https:\/\/www.mairie-volonne.fr\/wp-content\/uploads\/2024\/03\/Capture-decran-2024-03-29-092411-768x118.jpg 768w, https:\/\/www.mairie-volonne.fr\/wp-content\/uploads\/2024\/03\/Capture-decran-2024-03-29-092411-800x123.jpg 800w, https:\/\/www.mairie-volonne.fr\/wp-content\/uploads\/2024\/03\/Capture-decran-2024-03-29-092411-1024x158.jpg 1024w, https:\/\/www.mairie-volonne.fr\/wp-content\/uploads\/2024\/03\/Capture-decran-2024-03-29-092411.jpg 1122w\" sizes=\"(max-width: 1024px) 100vw, 1024px\" \/><\/h1>\n<h1 class=\"fusion-responsive-typography-calculated\" style=\"text-align: center; --fontsize: 34; line-height: 1.4;\" data-fontsize=\"34\" data-lineheight=\"47.6px\"><strong><a name=\"creche\"><\/a><\/strong><\/h1>\n<h1 class=\"fusion-responsive-typography-calculated\" style=\"text-align: center; --fontsize: 34; line-height: 1.4;\" data-fontsize=\"34\" data-lineheight=\"47.6px\"><strong><img decoding=\"async\" class=\"size-large wp-image-12907 alignleft\" src=\"https:\/\/www.mairie-volonne.fr\/wp-content\/uploads\/2024\/03\/Votre-texte-de-paragraphe-1024x361.png\" alt=\"\" width=\"1024\" height=\"361\" srcset=\"https:\/\/www.mairie-volonne.fr\/wp-content\/uploads\/2024\/03\/Votre-texte-de-paragraphe-200x70.png 200w, https:\/\/www.mairie-volonne.fr\/wp-content\/uploads\/2024\/03\/Votre-texte-de-paragraphe-300x106.png 300w, https:\/\/www.mairie-volonne.fr\/wp-content\/uploads\/2024\/03\/Votre-texte-de-paragraphe-400x141.png 400w, https:\/\/www.mairie-volonne.fr\/wp-content\/uploads\/2024\/03\/Votre-texte-de-paragraphe-600x211.png 600w, https:\/\/www.mairie-volonne.fr\/wp-content\/uploads\/2024\/03\/Votre-texte-de-paragraphe-768x270.png 768w, https:\/\/www.mairie-volonne.fr\/wp-content\/uploads\/2024\/03\/Votre-texte-de-paragraphe-800x282.png 800w, https:\/\/www.mairie-volonne.fr\/wp-content\/uploads\/2024\/03\/Votre-texte-de-paragraphe-1024x361.png 1024w, https:\/\/www.mairie-volonne.fr\/wp-content\/uploads\/2024\/03\/Votre-texte-de-paragraphe-1200x423.png 1200w, https:\/\/www.mairie-volonne.fr\/wp-content\/uploads\/2024\/03\/Votre-texte-de-paragraphe-1320x465.png 1320w, https:\/\/www.mairie-volonne.fr\/wp-content\/uploads\/2024\/03\/Votre-texte-de-paragraphe.png 1366w\" sizes=\"(max-width: 1024px) 100vw, 1024px\" \/><\/strong><\/h1>\n<h4 class=\"fusion-responsive-typography-calculated\" style=\"--fontsize: 13; line-height: 1.5; --minfontsize: 13;\" data-fontsize=\"13\" data-lineheight=\"19.5px\"><\/h4>\n<h4 class=\"fusion-responsive-typography-calculated\" style=\"--fontsize: 13; line-height: 1.5; --minfontsize: 13;\" data-fontsize=\"13\" data-lineheight=\"19.5px\"><\/h4>\n<h4 class=\"fusion-responsive-typography-calculated\" style=\"--fontsize: 13; line-height: 1.5; --minfontsize: 13;\" data-fontsize=\"13\" data-lineheight=\"19.5px\"><\/h4>\n<h3 class=\"fusion-responsive-typography-calculated\" style=\"text-align: left; --fontsize: 16; line-height: 1.5; --minfontsize: 16;\" data-fontsize=\"16\" data-lineheight=\"24px\"><strong>\u00a0<\/strong><\/h3>\n<p style=\"text-align: left; --fontsize: 16; line-height: 1.5; --minfontsize: 16;\"><strong>\u00a0<\/strong><\/p>\n<p style=\"text-align: left; --fontsize: 16; line-height: 1.5; --minfontsize: 16;\"><strong>\u00a0<\/strong><\/p>\n<p style=\"text-align: left; --fontsize: 16; line-height: 1.5; --minfontsize: 16;\"><strong>\u00a0<\/strong><\/p>\n<p style=\"text-align: left; --fontsize: 16; line-height: 1.5; --minfontsize: 16;\"><strong>\u00a0<\/strong><\/p>\n<p style=\"text-align: left; --fontsize: 16; line-height: 1.5; --minfontsize: 16;\"><strong>\u00a0<\/strong><\/p>\n<p style=\"text-align: left; --fontsize: 16; line-height: 1.5; --minfontsize: 16;\"><strong>\u00a0<\/strong><\/p>\n<p style=\"text-align: left; --fontsize: 16; line-height: 1.5; --minfontsize: 16;\"><strong>\u00a0<\/strong><\/p>\n<p style=\"text-align: left; --fontsize: 16; line-height: 1.5; --minfontsize: 16;\"><strong>\u00a0<\/strong><\/p>\n<p style=\"text-align: left; --fontsize: 16; line-height: 1.5; --minfontsize: 16;\"><strong>\u00a0<\/strong><\/p>\n<p style=\"text-align: left; --fontsize: 16; line-height: 1.5; --minfontsize: 16;\"><strong style=\"color: var(--awb-text-color); font-family: var(--awb-text-font-family); font-size: var(--awb-font-size); font-style: var(--awb-text-font-style); letter-spacing: var(--awb-letter-spacing); text-transform: var(--awb-text-transform);\">Email :<\/strong> <a style=\"font-family: var(--awb-text-font-family); font-size: var(--awb-font-size); font-style: var(--awb-text-font-style); font-weight: var(--awb-text-font-weight); letter-spacing: var(--awb-letter-spacing); text-transform: var(--awb-text-transform);\" href=\"mailto:creche-canaillous@orange.fr\"><strong><span style=\"color: #339966;\">creche-canaillous@orange.fr<\/span><\/strong><\/a><\/p>\n<hr \/>\n<p><a name=\"am\"><\/a><\/p>\n<h1 class=\"fusion-responsive-typography-calculated\" style=\"text-align: center; --fontsize: 34; line-height: 1.4;\" data-fontsize=\"34\" data-lineheight=\"47.6px\"><span style=\"color: #ffcc99;\"><strong>Assistantes Maternelles<\/strong><\/span><\/h1>\n<p><img decoding=\"async\" class=\" wp-image-13135 aligncenter\" src=\"https:\/\/www.mairie-volonne.fr\/wp-content\/uploads\/2024\/05\/GIRAUD-AUDINE-Gisele-50-rte-Napoleon-04290-VOLONNE-06.38.71.67.02-e1715777107916-1024x979.png\" alt=\"\" width=\"873\" height=\"835\" srcset=\"https:\/\/www.mairie-volonne.fr\/wp-content\/uploads\/2024\/05\/GIRAUD-AUDINE-Gisele-50-rte-Napoleon-04290-VOLONNE-06.38.71.67.02-e1715777107916-200x191.png 200w, https:\/\/www.mairie-volonne.fr\/wp-content\/uploads\/2024\/05\/GIRAUD-AUDINE-Gisele-50-rte-Napoleon-04290-VOLONNE-06.38.71.67.02-e1715777107916-300x287.png 300w, https:\/\/www.mairie-volonne.fr\/wp-content\/uploads\/2024\/05\/GIRAUD-AUDINE-Gisele-50-rte-Napoleon-04290-VOLONNE-06.38.71.67.02-e1715777107916-400x382.png 400w, https:\/\/www.mairie-volonne.fr\/wp-content\/uploads\/2024\/05\/GIRAUD-AUDINE-Gisele-50-rte-Napoleon-04290-VOLONNE-06.38.71.67.02-e1715777107916-600x574.png 600w, https:\/\/www.mairie-volonne.fr\/wp-content\/uploads\/2024\/05\/GIRAUD-AUDINE-Gisele-50-rte-Napoleon-04290-VOLONNE-06.38.71.67.02-e1715777107916-768x734.png 768w, https:\/\/www.mairie-volonne.fr\/wp-content\/uploads\/2024\/05\/GIRAUD-AUDINE-Gisele-50-rte-Napoleon-04290-VOLONNE-06.38.71.67.02-e1715777107916-800x765.png 800w, https:\/\/www.mairie-volonne.fr\/wp-content\/uploads\/2024\/05\/GIRAUD-AUDINE-Gisele-50-rte-Napoleon-04290-VOLONNE-06.38.71.67.02-e1715777107916-1024x979.png 1024w, https:\/\/www.mairie-volonne.fr\/wp-content\/uploads\/2024\/05\/GIRAUD-AUDINE-Gisele-50-rte-Napoleon-04290-VOLONNE-06.38.71.67.02-e1715777107916-1200x1147.png 1200w, https:\/\/www.mairie-volonne.fr\/wp-content\/uploads\/2024\/05\/GIRAUD-AUDINE-Gisele-50-rte-Napoleon-04290-VOLONNE-06.38.71.67.02-e1715777107916-1320x1262.png 1320w, https:\/\/www.mairie-volonne.fr\/wp-content\/uploads\/2024\/05\/GIRAUD-AUDINE-Gisele-50-rte-Napoleon-04290-VOLONNE-06.38.71.67.02-e1715777107916.png 1360w\" sizes=\"(max-width: 873px) 100vw, 873px\" \/><\/p>\n<hr \/>\n<h1 class=\"fusion-responsive-typography-calculated\" style=\"text-align: center; --fontsize: 34; line-height: 1.4;\" data-fontsize=\"34\" data-lineheight=\"47.6px\"><strong><a name=\"ramip\"><\/a>RAMIP<\/strong><\/h1>\n<div>\n<div>Cr\u00e9\u00e9 en 2007 sur le carrefour Bl\u00e9one Durance, <strong>le Relais Assistant(e)s Maternel(le)s Itin\u00e9rant Parental<\/strong> (RAMIP) est un <b><\/b>lieu de ressources :<\/div>\n<ul>\n<li><b>pour les familles<\/b> \u00e0 la recherche d\u2019un mode de garde et d&rsquo;un soutien \u00e0 leur fonction d\u2019employeur,<\/li>\n<li><b>pour les assistant(e)s maternel(le)s<\/b> et les candidats \u00e0 l&rsquo;agr\u00e9ment qui recherchent des informations en rapport avec leurs pratiques professionnelles<\/li>\n<\/ul>\n<div>C\u2019est aussi un lieu d\u2019exp\u00e9rimentation, de rencontres et de jeux pour les enfants, accompagn\u00e9s de leur assistant(e) maternel(le) ou de leur parent. Des activit\u00e9s sont organis\u00e9es \u00e0 Volonne tous les 2 mois (<span style=\"color: #339966;\"><a style=\"color: #339966;\" href=\"http:\/\/assoparentalefruitsdelapassion.blogspot.fr\/\" target=\"_blank\" rel=\"noopener\">agenda du RAMIP disponible sur leur site internet<\/a><\/span>).<\/div>\n<p>Le RAMIP est anim\u00e9 par une \u00e9quipe de professionnels (\u00e9ducatrice jeunes enfants, intervenants sp\u00e9cialis\u00e9s,&#8230;).<\/p>\n<\/div>\n<div><\/div>\n<div><b>Contact<\/b><\/div>\n<div>Rue Jean Moulin<\/div>\n<div>04190 Les M\u00e9es<\/div>\n<div>T\u00e9l. : 04 92 31 50 99<\/div>\n<div>E-mail : <span style=\"color: #339966;\"><a style=\"color: #339966;\" href=\"mailto:rampassion@orange.fr\">rampassion@orange.fr<\/a><\/span><\/div>\n<div>Site Internet : <span style=\"color: #339966;\"><a style=\"color: #339966;\" href=\"http:\/\/assoparentalefruitsdelapassion.blogspot.fr\/\" target=\"_blank\" rel=\"noopener\">http:\/\/assoparentalefruitsdelapassion.blogspot.fr\/<\/a><\/span><\/div>\n<div><\/div>\n<p style=\"text-align: center;\"><span style=\"color: #003300;\"><a style=\"color: #003300;\" href=\"#creche\">Cr\u00e8che<\/a><\/span> | <span style=\"color: #003300;\"><a style=\"color: #003300;\" href=\"#am\">Assistant(e)s maternel(le)s<\/a><\/span> | <span style=\"color: #003300;\"><a style=\"color: #003300;\" href=\"#ramip\">RAMIP<\/a><\/span><\/p>\n<\/div><\/div><\/div><\/div><\/div>\n","protected":false},"excerpt":{"rendered":"","protected":false},"author":7,"featured_media":0,"parent":0,"menu_order":0,"comment_status":"closed","ping_status":"closed","template":"","meta":{"_EventAllDay":false,"_EventTimezone":"","_EventStartDate":"","_EventEndDate":"","_EventStartDateUTC":"","_EventEndDateUTC":"","_EventShowMap":false,"_EventShowMapLink":false,"_EventURL":"","_EventCost":"","_EventCostDescription":"","_EventCurrencySymbol":"","_EventCurrencyCode":"","_EventCurrencyPosition":"","_EventDateTimeSeparator":"","_EventTimeRangeSeparator":"","_EventOrganizerID":[],"_EventVenueID":[],"_OrganizerEmail":"","_OrganizerPhone":"","_OrganizerWebsite":"","_VenueAddress":"","_VenueCity":"","_VenueCountry":"","_VenueProvince":"","_VenueState":"","_VenueZip":"","_VenuePhone":"","_VenueURL":"","_VenueStateProvince":"","_VenueLat":"","_VenueLng":"","_VenueShowMap":false,"_VenueShowMapLink":false,"jetpack_post_was_ever_published":false,"footnotes":""},"class_list":["post-31","page","type-page","status-publish","hentry"],"jetpack_shortlink":"https:\/\/wp.me\/P6fN6B-v","jetpack_sharing_enabled":true,"_links":{"self":[{"href":"https:\/\/www.mairie-volonne.fr\/index.php\/wp-json\/wp\/v2\/pages\/31","targetHints":{"allow":["GET"]}}],"collection":[{"href":"https:\/\/www.mairie-volonne.fr\/index.php\/wp-json\/wp\/v2\/pages"}],"about":[{"href":"https:\/\/www.mairie-volonne.fr\/index.php\/wp-json\/wp\/v2\/types\/page"}],"author":[{"embeddable":true,"href":"https:\/\/www.mairie-volonne.fr\/index.php\/wp-json\/wp\/v2\/users\/7"}],"replies":[{"embeddable":true,"href":"https:\/\/www.mairie-volonne.fr\/index.php\/wp-json\/wp\/v2\/comments?post=31"}],"version-history":[{"count":26,"href":"https:\/\/www.mairie-volonne.fr\/index.php\/wp-json\/wp\/v2\/pages\/31\/revisions"}],"predecessor-version":[{"id":13138,"href":"https:\/\/www.mairie-volonne.fr\/index.php\/wp-json\/wp\/v2\/pages\/31\/revisions\/13138"}],"wp:attachment":[{"href":"https:\/\/www.mairie-volonne.fr\/index.php\/wp-json\/wp\/v2\/media?parent=31"}],"curies":[{"name":"wp","href":"https:\/\/api.w.org\/{rel}","templated":true}]}}