{"id":28,"date":"2015-03-18T12:06:07","date_gmt":"2015-03-18T11:06:07","guid":{"rendered":"https:\/\/vourouno.wordpress.com\/?page_id=28"},"modified":"2019-04-13T21:56:47","modified_gmt":"2019-04-13T19:56:47","slug":"ccmd-et-pays-durance-provence","status":"publish","type":"page","link":"https:\/\/www.mairie-volonne.fr\/index.php\/ccmd-et-pays-durance-provence\/","title":{"rendered":"Provence Alpes Agglom\u00e9ration"},"content":{"rendered":"<p>La <strong>Provence Alpes Agglom\u00e9ration<\/strong> \u00a0\u00e0 laquelle nous sommes rattach\u00e9es depuis le 1<sup>er<\/sup> janvier 2017, c\u2019est :<\/p>\n<p>5 communaut\u00e9s de communes fusionn\u00e9es : Asse-Bl\u00e9one-Verdon \u2013 Duyes et Bl\u00e9one \u2013 Haute-Bl\u00e9one \u2013 Moyenne Durance \u2013 Pays de Seyne \u00a0 soit\u00a0 46 communes\u00a0 &#8211; 354 agents\u00a0 &#8211; 47 716 habitants\u00a0 &#8211; 1\/3 de la population du d\u00e9partement des Alpes de Haute-Provence.\u00a0\u00a0 Son p\u00e9rim\u00e8tre:<\/p>\n<h3><strong><span style=\"color: #008000;\"><a style=\"color: #008000;\" href=\"https:\/\/www.provencealpesagglo.fr\/\" target=\"_blank\" rel=\"noopener\">Consulter ici le site de la PAA pour en savoir plus.<\/a><\/span><\/strong><\/h3>\n<p><img decoding=\"async\" class=\"size-full wp-image-3514 alignleft\" src=\"http:\/\/www.mairie-volonne.fr\/wp-content\/uploads\/2015\/03\/CARTE-PAA-01-1024x724.jpg\" alt=\"\" width=\"1024\" height=\"724\" srcset=\"https:\/\/www.mairie-volonne.fr\/wp-content\/uploads\/2015\/03\/CARTE-PAA-01-1024x724-200x141.jpg 200w, https:\/\/www.mairie-volonne.fr\/wp-content\/uploads\/2015\/03\/CARTE-PAA-01-1024x724-300x212.jpg 300w, https:\/\/www.mairie-volonne.fr\/wp-content\/uploads\/2015\/03\/CARTE-PAA-01-1024x724-400x283.jpg 400w, https:\/\/www.mairie-volonne.fr\/wp-content\/uploads\/2015\/03\/CARTE-PAA-01-1024x724-600x424.jpg 600w, https:\/\/www.mairie-volonne.fr\/wp-content\/uploads\/2015\/03\/CARTE-PAA-01-1024x724-768x543.jpg 768w, https:\/\/www.mairie-volonne.fr\/wp-content\/uploads\/2015\/03\/CARTE-PAA-01-1024x724-800x566.jpg 800w, https:\/\/www.mairie-volonne.fr\/wp-content\/uploads\/2015\/03\/CARTE-PAA-01-1024x724.jpg 1024w\" sizes=\"(max-width: 1024px) 100vw, 1024px\" \/><\/p>\n<h2><strong>Les Vice pr\u00e9sidents et leurs d\u00e9l\u00e9gations :<\/strong><\/h2>\n<ul>\n<li>Pr\u00e9sidente : Patricia Granet Brunello (Digne les Bains)<\/li>\n<li>1er Vice Pr\u00e9sident : Patrick Martellini, d\u00e9l\u00e9gu\u00e9e aux finances (maire de Ch\u00e2teau Arnoux St Auban)<\/li>\n<li>2nd Vice pr\u00e9sident : Francis Hermitte, d\u00e9l\u00e9gu\u00e9 aux strat\u00e9gies touristiques (maire de Seyne)<\/li>\n<li>3\u00e8me Vice pr\u00e9sident : Gilbert Reinaudo, d\u00e9l\u00e9gu\u00e9 aux ressources humaines\u00a0 (maire du Brusquet)<\/li>\n<li>4\u00e8me Vice pr\u00e9sident : Denis Baille, d\u00e9l\u00e9gu\u00e9e aux travaux (maire de Thoard)<\/li>\n<li>5\u00e8me Vice pr\u00e9sident : Patricia Brun, d\u00e9l\u00e9gu\u00e9e \u00e0 la gestion des services d\u2019int\u00e9r\u00eat collectif (sport et loisirs, petite enfance (maire de Moustier Sainte Marie)<\/li>\n<li>6\u00e8me Vice pr\u00e9sident : G\u00e9rard Paul, d\u00e9l\u00e9gu\u00e9 \u00e0 la collecte, traitement et valorisation des d\u00e9chets (Maire des M\u00e9es)<\/li>\n<li>7\u00e8me Vice pr\u00e9sident : Bernard Teyssier, d\u00e9l\u00e9gu\u00e9 aux espaces environnementaux et \u00e9quipements de pleine nature (\u00e9lu \u00e0 la Ville de Digne les bains)<\/li>\n<li>8\u00e8me Vice pr\u00e9sident : Emmanuelle Martin, d\u00e9l\u00e9gu\u00e9e aux transport et \u00e0 la mobilit\u00e9 (maire de Mallemoisson)<\/li>\n<li>9 \u00e8me Vice pr\u00e9sident : Philipp Nicolosi, d\u00e9l\u00e9gu\u00e9 \u00e0 la strat\u00e9gie \u00e9conomique (\u00e9lu commune de Digne les Bains)<\/li>\n<li>10\u00e8me Vice pr\u00e9sident : Claude Fiaert, d\u00e9l\u00e9gu\u00e9 \u00e0 la culture et \u00e9quipements culturels, coordination des manifestations d\u2019int\u00e9r\u00eat communautaire et communication (maire de L\u2019Escale)<\/li>\n<li>11 \u00e8me Vice pr\u00e9sident : Beno\u00eet Cazeres, d\u00e9l\u00e9gu\u00e9 \u00e0 la mutualisation, d\u00e9veloppement et \u00e9volution des comp\u00e9tences, et \u00e9valuation des politiques publiques (maire de Selonnet)<\/li>\n<li>12 \u00e8me Vice pr\u00e9sident : Bruno Acciai, d\u00e9l\u00e9gu\u00e9 \u00e0 l\u2019attractivit\u00e9 du territoire (La Robine sur Galabre)<\/li>\n<li>13 \u00e8me Vice pr\u00e9sident : Patrick Vivos, d\u00e9l\u00e9gu\u00e9 au d\u00e9veloppement durable (maire de Peyruis)<\/li>\n<li>14 \u00e8me Vice pr\u00e9sident : Gilles Chatard, d\u00e9l\u00e9gu\u00e9 \u00e0 la fabrique citoyenne et au conseil de d\u00e9veloppement (Malijai)<\/li>\n<li>15 \u00e8me Vice pr\u00e9sident : Philippe Pouleau, d\u00e9l\u00e9gu\u00e9 \u00e0 au SCOT et PLUI, Equilibre social de l\u2019habitat\u00a0 (adjoint \u00e0 la commune d\u2019Aiglun)<\/li>\n<\/ul>\n<h2><strong>Les d\u00e9l\u00e9gu\u00e9s :<\/strong><\/h2>\n<ul>\n<li>Thibault Le Corre, d\u00e9l\u00e9gu\u00e9\u00a0 Infrastructures, donn\u00e9es et usages num\u00e9riques (\u00e9lu Ville de Digne les Bains)<\/li>\n<li>G\u00e9rard Esmiol, d\u00e9l\u00e9gu\u00e9 \u00e0 la politique de la ville, CLSPD, gens du voyage (\u00e9lu Ville de Digne les Bains)<\/li>\n<li>Pierre Suzor , d\u00e9l\u00e9gu\u00e9 au thermalisme (maire de M\u00e9zel)<\/li>\n<\/ul>\n<p><strong>Sandrine Cosserat (Maire de Volonne) et Jean-Paul Maldonado (1<sup>er<\/sup> adjoint)<\/strong> sont les 2 repr\u00e9sentants de la commune de Volonne.<\/p>\n<p><span style=\"border-radius: 2px; text-indent: 20px; width: auto; padding: 0px 4px 0px 0px; text-align: center; font: bold 11px\/20px 'Helvetica Neue',Helvetica,sans-serif; color: #ffffff; background: #bd081c no-repeat scroll 3px 50% \/ 14px 14px; position: absolute; opacity: 1; z-index: 8675309; display: none; cursor: pointer; top: 140px; left: 20px;\">Enregistrer<\/span><\/p>\n<p><span style=\"border-radius: 2px; text-indent: 20px; width: auto; padding: 0px 4px 0px 0px; text-align: center; font: bold 11px\/20px 'Helvetica Neue',Helvetica,sans-serif; color: #ffffff; background: #bd081c no-repeat scroll 3px 50% \/ 14px 14px; position: absolute; opacity: 1; z-index: 8675309; display: none; cursor: pointer; top: 164px; left: 20px;\">Enregistrer<\/span><\/p>\n<p><span style=\"border-radius: 2px; text-indent: 20px; width: auto; padding: 0px 4px 0px 0px; text-align: center; font: bold 11px\/20px 'Helvetica Neue',Helvetica,sans-serif; color: #ffffff; background: #bd081c no-repeat scroll 3px 50% \/ 14px 14px; position: absolute; opacity: 1; z-index: 8675309; display: none; cursor: pointer; top: 164px; left: 20px;\">Enregistrer<\/span><\/p>\n<p><span style=\"border-radius: 2px; text-indent: 20px; width: auto; padding: 0px 4px 0px 0px; text-align: center; font: bold 11px\/20px 'Helvetica Neue',Helvetica,sans-serif; color: #ffffff; background: #bd081c no-repeat scroll 3px 50% \/ 14px 14px; position: absolute; opacity: 1; z-index: 8675309; display: none; cursor: pointer; top: 164px; left: 20px;\">Enregistrer<\/span><\/p>\n","protected":false},"excerpt":{"rendered":"<p>La Provence Alpes Agglom\u00e9ration \u00a0\u00e0 laquelle nous sommes rattach\u00e9es depuis le 1er janvier 2017, c\u2019est : 5 communaut\u00e9s de communes fusionn\u00e9es : Asse-Bl\u00e9one-Verdon \u2013 Duyes et Bl\u00e9one \u2013 Haute-Bl\u00e9one \u2013 Moyenne Durance \u2013 Pays de Seyne \u00a0 soit\u00a0 46 communes\u00a0 &#8211; 354 agents\u00a0 &#8211; 47 716 habitants\u00a0 &#8211; 1\/3 de la population du d\u00e9partement des [&#8230;]<\/p>\n","protected":false},"author":7,"featured_media":0,"parent":0,"menu_order":0,"comment_status":"closed","ping_status":"closed","template":"","meta":{"_EventAllDay":false,"_EventTimezone":"","_EventStartDate":"","_EventEndDate":"","_EventStartDateUTC":"","_EventEndDateUTC":"","_EventShowMap":false,"_EventShowMapLink":false,"_EventURL":"","_EventCost":"","_EventCostDescription":"","_EventCurrencySymbol":"","_EventCurrencyCode":"","_EventCurrencyPosition":"","_EventDateTimeSeparator":"","_EventTimeRangeSeparator":"","_EventOrganizerID":[],"_EventVenueID":[],"_OrganizerEmail":"","_OrganizerPhone":"","_OrganizerWebsite":"","_VenueAddress":"","_VenueCity":"","_VenueCountry":"","_VenueProvince":"","_VenueState":"","_VenueZip":"","_VenuePhone":"","_VenueURL":"","_VenueStateProvince":"","_VenueLat":"","_VenueLng":"","_VenueShowMap":false,"_VenueShowMapLink":false,"footnotes":""},"class_list":["post-28","page","type-page","status-publish","hentry"],"jetpack_shortlink":"https:\/\/wp.me\/P6fN6B-s","jetpack_sharing_enabled":true,"_links":{"self":[{"href":"https:\/\/www.mairie-volonne.fr\/index.php\/wp-json\/wp\/v2\/pages\/28","targetHints":{"allow":["GET"]}}],"collection":[{"href":"https:\/\/www.mairie-volonne.fr\/index.php\/wp-json\/wp\/v2\/pages"}],"about":[{"href":"https:\/\/www.mairie-volonne.fr\/index.php\/wp-json\/wp\/v2\/types\/page"}],"author":[{"embeddable":true,"href":"https:\/\/www.mairie-volonne.fr\/index.php\/wp-json\/wp\/v2\/users\/7"}],"replies":[{"embeddable":true,"href":"https:\/\/www.mairie-volonne.fr\/index.php\/wp-json\/wp\/v2\/comments?post=28"}],"version-history":[{"count":11,"href":"https:\/\/www.mairie-volonne.fr\/index.php\/wp-json\/wp\/v2\/pages\/28\/revisions"}],"predecessor-version":[{"id":14226,"href":"https:\/\/www.mairie-volonne.fr\/index.php\/wp-json\/wp\/v2\/pages\/28\/revisions\/14226"}],"wp:attachment":[{"href":"https:\/\/www.mairie-volonne.fr\/index.php\/wp-json\/wp\/v2\/media?parent=28"}],"curies":[{"name":"wp","href":"https:\/\/api.w.org\/{rel}","templated":true}]}}