{"id":274,"date":"2015-03-30T15:52:35","date_gmt":"2015-03-30T14:52:35","guid":{"rendered":"https:\/\/vourouno.wordpress.com\/?page_id=274"},"modified":"2018-11-26T21:34:42","modified_gmt":"2018-11-26T20:34:42","slug":"subventions","status":"publish","type":"page","link":"https:\/\/www.mairie-volonne.fr\/index.php\/subventions\/","title":{"rendered":"Demande de subventions"},"content":{"rendered":"<h3 style=\"text-align: center;\"><strong>Pour toute demande de subvention, remplir le document ci-dessous<\/strong><strong>\u00a0 avec pr\u00e9cisions:\u00a0\u00a0 <\/strong><\/h3>\n<h3 style=\"text-align: center;\"><span style=\"text-decoration: underline;\"><span style=\"color: #339966;\"><strong><a href=\"https:\/\/www.mairie-volonne.fr\/wp-content\/uploads\/2018\/11\/IMPRIME-DEMANDE-de-subvention-2019-Mairie-de-Volonne.pdf\" target=\"_blank\" rel=\"noopener\"><span style=\"color: #008000; text-decoration: underline;\">IMPRIME DEMANDE de subvention 2019 Mairie de Volonne<\/span><\/a><\/strong><\/span><\/span><\/h3>\n<p style=\"text-align: center;\"><strong><span style=\"color: #ff6600;\">(Retour des dossiers avant\u00a0 le 15 mars 2019)<\/span><\/strong><\/p>\n<p>Des subventions peuvent \u00e9galement \u00eatre demand\u00e9es aupr\u00e8s du <strong><span style=\"color: #339966;\"><a style=\"color: #339966;\" href=\"http:\/\/www.cg04.fr\/culture-sport-tourisme\/culture\/patrimoine-culturel\/demandes-de-subvention\/index.html\" target=\"_blank\" rel=\"noopener\">Conseil D\u00e9partemental<\/a><\/span><\/strong>, du <strong><span style=\"color: #339966;\"><a style=\"color: #339966;\" href=\"http:\/\/www.regionpaca.fr\/vivre-ensemble\/subventions-en-ligne.html\" target=\"_blank\" rel=\"noopener\">Conseil R\u00e9gional<\/a><\/span><\/strong>, de la <strong><span style=\"color: #339966;\"><a style=\"color: #339966;\" href=\"http:\/\/www.culturecommunication.gouv.fr\/Regions\/Drac-Paca\/En-pratique\/Aides-financieres\" target=\"_blank\" rel=\"noopener\">DRAC<\/a><\/span><\/strong> et d&rsquo;autres institutions.<\/p>\n","protected":false},"excerpt":{"rendered":"<p>Pour toute demande de subvention, remplir le document ci-dessous\u00a0 avec pr\u00e9cisions:\u00a0\u00a0 IMPRIME DEMANDE de subvention 2019 Mairie de Volonne (Retour des dossiers avant\u00a0 le 15 mars 2019) Des subventions peuvent \u00e9galement \u00eatre demand\u00e9es aupr\u00e8s du Conseil D\u00e9partemental, du Conseil R\u00e9gional, de la DRAC et d&rsquo;autres institutions.<\/p>\n","protected":false},"author":7,"featured_media":0,"parent":0,"menu_order":0,"comment_status":"closed","ping_status":"closed","template":"","meta":{"_EventAllDay":false,"_EventTimezone":"","_EventStartDate":"","_EventEndDate":"","_EventStartDateUTC":"","_EventEndDateUTC":"","_EventShowMap":false,"_EventShowMapLink":false,"_EventURL":"","_EventCost":"","_EventCostDescription":"","_EventCurrencySymbol":"","_EventCurrencyCode":"","_EventCurrencyPosition":"","_EventDateTimeSeparator":"","_EventTimeRangeSeparator":"","_EventOrganizerID":[],"_EventVenueID":[],"_OrganizerEmail":"","_OrganizerPhone":"","_OrganizerWebsite":"","_VenueAddress":"","_VenueCity":"","_VenueCountry":"","_VenueProvince":"","_VenueState":"","_VenueZip":"","_VenuePhone":"","_VenueURL":"","_VenueStateProvince":"","_VenueLat":"","_VenueLng":"","_VenueShowMap":false,"_VenueShowMapLink":false,"jetpack_post_was_ever_published":false,"footnotes":""},"class_list":["post-274","page","type-page","status-publish","hentry"],"jetpack_shortlink":"https:\/\/wp.me\/P6fN6B-4q","jetpack_sharing_enabled":true,"_links":{"self":[{"href":"https:\/\/www.mairie-volonne.fr\/index.php\/wp-json\/wp\/v2\/pages\/274","targetHints":{"allow":["GET"]}}],"collection":[{"href":"https:\/\/www.mairie-volonne.fr\/index.php\/wp-json\/wp\/v2\/pages"}],"about":[{"href":"https:\/\/www.mairie-volonne.fr\/index.php\/wp-json\/wp\/v2\/types\/page"}],"author":[{"embeddable":true,"href":"https:\/\/www.mairie-volonne.fr\/index.php\/wp-json\/wp\/v2\/users\/7"}],"replies":[{"embeddable":true,"href":"https:\/\/www.mairie-volonne.fr\/index.php\/wp-json\/wp\/v2\/comments?post=274"}],"version-history":[{"count":9,"href":"https:\/\/www.mairie-volonne.fr\/index.php\/wp-json\/wp\/v2\/pages\/274\/revisions"}],"predecessor-version":[{"id":12295,"href":"https:\/\/www.mairie-volonne.fr\/index.php\/wp-json\/wp\/v2\/pages\/274\/revisions\/12295"}],"wp:attachment":[{"href":"https:\/\/www.mairie-volonne.fr\/index.php\/wp-json\/wp\/v2\/media?parent=274"}],"curies":[{"name":"wp","href":"https:\/\/api.w.org\/{rel}","templated":true}]}}