{"id":207,"date":"2015-03-25T13:54:33","date_gmt":"2015-03-25T12:54:33","guid":{"rendered":"https:\/\/vourouno.wordpress.com\/?page_id=207"},"modified":"2026-01-22T13:54:37","modified_gmt":"2026-01-22T12:54:37","slug":"ordures-menageres","status":"publish","type":"page","link":"https:\/\/www.mairie-volonne.fr\/index.php\/ordures-menageres\/","title":{"rendered":"Gestion des d\u00e9chets"},"content":{"rendered":"<h1><img decoding=\"async\" class=\"alignnone wp-image-13121 aligncenter\" src=\"https:\/\/www.mairie-volonne.fr\/wp-content\/uploads\/2024\/05\/Transports-3-e1714652759170-1024x587.png\" alt=\"\" width=\"567\" height=\"325\" srcset=\"https:\/\/www.mairie-volonne.fr\/wp-content\/uploads\/2024\/05\/Transports-3-e1714652759170-200x115.png 200w, https:\/\/www.mairie-volonne.fr\/wp-content\/uploads\/2024\/05\/Transports-3-e1714652759170-300x172.png 300w, https:\/\/www.mairie-volonne.fr\/wp-content\/uploads\/2024\/05\/Transports-3-e1714652759170-400x229.png 400w, https:\/\/www.mairie-volonne.fr\/wp-content\/uploads\/2024\/05\/Transports-3-e1714652759170-600x344.png 600w, https:\/\/www.mairie-volonne.fr\/wp-content\/uploads\/2024\/05\/Transports-3-e1714652759170-768x440.png 768w, https:\/\/www.mairie-volonne.fr\/wp-content\/uploads\/2024\/05\/Transports-3-e1714652759170-800x459.png 800w, https:\/\/www.mairie-volonne.fr\/wp-content\/uploads\/2024\/05\/Transports-3-e1714652759170-1024x587.png 1024w, https:\/\/www.mairie-volonne.fr\/wp-content\/uploads\/2024\/05\/Transports-3-e1714652759170-1200x688.png 1200w, https:\/\/www.mairie-volonne.fr\/wp-content\/uploads\/2024\/05\/Transports-3-e1714652759170-1320x757.png 1320w, https:\/\/www.mairie-volonne.fr\/wp-content\/uploads\/2024\/05\/Transports-3-e1714652759170-1536x880.png 1536w, https:\/\/www.mairie-volonne.fr\/wp-content\/uploads\/2024\/05\/Transports-3-e1714652759170.png 1586w\" sizes=\"(max-width: 567px) 100vw, 567px\" \/><\/h1>\n<h2 style=\"text-align: center;\">La Gestion de vos D\u00e9chets<\/h2>\n<h2><\/h2>\n<h2>Les Ordures M\u00e9nag\u00e8res<\/h2>\n<p>Ce sont les d\u00e9chets provenant de l\u2019activit\u00e9 des m\u00e9nages qui, de par leur nature, ne peuvent \u00eatre recycl\u00e9s. Ils correspondent \u00e0 la partie des Ordures M\u00e9nag\u00e8res restant apr\u00e8s s\u00e9paration des collectes s\u00e9lectives.<\/p>\n<p><strong>Rappel : les ordures m\u00e9nag\u00e8res r\u00e9siduelles doivent \u00eatre dans un sac ferm\u00e9 de\u00a0<\/strong><strong>30 litres maximum.<\/strong><\/p>\n<h2>Le Tri S\u00e9lectif<\/h2>\n<p>Le tri s\u00e9lectif comprend\u00a0les emballages en plastique, en cartonnette, en m\u00e9tal, les papiers de bureautique et les emballages en verre.<\/p>\n<p><strong>Les consignes sont les suivantes sur l\u2019ensemble du territoire\u00a0:<\/strong><\/p>\n<ul>\n<li><strong>Les emballages (en plastique, en cartonnette et en m\u00e9tal)\u00a0<\/strong>sont collect\u00e9s dans les colonnes jaunes,<\/li>\n<li><strong>Les papiers<\/strong>\u00a0<strong>de bureautique<\/strong>\u00a0(livres, cahiers, les journaux, revues\u2026) dans les colonnes bleues,<\/li>\n<li><strong>Le verre<\/strong>\u00a0dans les colonnes vertes,<\/li>\n<li><strong>Les cartons bruns<\/strong> sont \u00e0 d\u00e9poser dans les colonnes correspondantes ou en d\u00e9ch\u00e8terie.<\/li>\n<\/ul>\n<h2 class=\"fusion-responsive-typography-calculated\" data-fontsize=\"24\" data-lineheight=\"33.6px\"><strong>Les d\u00e9chets alimentaires (ou biod\u00e9chets)<\/strong><\/h2>\n<p>Les biod\u00e9chets sont des d\u00e9chets organiques biod\u00e9gradables\u00a0<strong>issus de la pr\u00e9paration et des restes de repas.<\/strong><\/p>\n<p>Conform\u00e9ment \u00e0 la loi TEPCV du 17 aout 2015, les biod\u00e9chets ne doivent plus \u00eatre pr\u00e9sent\u00e9s en m\u00e9lange avec les ordures m\u00e9nag\u00e8res r\u00e9siduelles depuis le 1<sup>er\u00a0<\/sup>janvier 2024. C\u2019est pourquoi l\u2019agglom\u00e9ration travaille activement pour r\u00e9pondre aux objectifs r\u00e9glementaires en proposant des solutions compl\u00e9mentaires adapt\u00e9es \u00e0 la typologie de notre territoire, avec le d\u00e9ploiement\u00a0:<\/p>\n<ul>\n<li>Depuis 2022, du compostage individuel (habitat avec jardin) et partag\u00e9 (en centres-bourgs de village et en \u00e9tablissement).<\/li>\n<li>Et \u00e0 partir de 2025, d\u2019une collecte s\u00e9par\u00e9e des biod\u00e9chets, pour les 10 communes les plus urbanis\u00e9es du Val de Durance jusqu\u2019\u00e0 Digne-les-Bains.<\/li>\n<li>Pour en savoir plus sur le compostage ou pour acqu\u00e9rir un composteur,<strong><span style=\"color: #9bcfa8;\">\u00a0<a style=\"color: #9bcfa8;\" href=\"https:\/\/www.provencealpesagglo.fr\/compostage\/\" target=\"_blank\" rel=\"noopener\">cliquez ici.<\/a><\/span><\/strong><\/li>\n<\/ul>\n<p>Retrouvez la localisation des plateformes de compostage partag\u00e9 de l\u2019agglom\u00e9ration<strong><span style=\"color: #9bcfa8;\">\u00a0<a style=\"color: #9bcfa8;\" href=\"https:\/\/www.provencealpesagglo.fr\/points-dapport-volontaires\/\" target=\"_blank\" rel=\"noopener\">ici<\/a>.<\/span><\/strong><\/p>\n<h2 class=\"fusion-responsive-typography-calculated\" data-fontsize=\"24\" data-lineheight=\"33.6px\"><strong>Les encombrants<\/strong><\/h2>\n<p>L\u2019agglom\u00e9ration pour le canton de Volonne organise une collecte des encombrants, service r\u00e9serv\u00e9 aux particuliers.<\/p>\n<p>Lors de cette collecte,\u00a0seuls le mobilier et l\u2019\u00e9lectrom\u00e9nager sont r\u00e9cup\u00e9r\u00e9s\u00a0et celle-ci est organis\u00e9\u00a0une fois par mois (quatri\u00e8me jeudi du mois \u00e0 Volonne). Le r\u00e8glement de collecte des encombrants est<span style=\"color: #9bcfa8;\"><strong>\u00a0<a style=\"color: #9bcfa8;\" href=\"http:\/\/www.mairie-volonne.fr\/wp-content\/uploads\/2015\/06\/Reglement_collecte_encombrants.pdf\" target=\"_blank\" rel=\"noopener noreferrer\">disponible ici<\/a>.<\/strong><\/span><\/p>\n<h4><span style=\"color: #9bcfa8;\"><strong><u>Pour vous inscrire aux encombrants, il faut\u00a0imp\u00e9rativement passer\u00a0 par l\u2019accueil de la mairie ou t\u00e9l. au : 04.92.64.07.57.<\/u><\/strong><\/span><\/h4>\n<p>Conditions d\u2019acc\u00e8s aux services : personnes \u00e2g\u00e9es ou dans l\u2019impossibilit\u00e9 de se rendre en d\u00e9chetterie, ainsi que encombrants volumineux et absence de v\u00e9hicule adapt\u00e9 pour le transport jusqu\u2019\u00e0 la d\u00e9chetterie.<\/p>\n<p>Les encombrants, d\u00e9clar\u00e9s en mairie,\u00a0<strong>devront \u00eatre d\u00e9pos\u00e9s au plus t\u00f4t la veille au soir du jour de collecte dans la rue, \u00e0 l\u2019entr\u00e9e de la propri\u00e9t\u00e9<\/strong>. Ils ne doivent\u00a0<em>en aucun cas \u00eatre d\u00e9pos\u00e9s avant, ni sur d\u2019autres lieux<\/em>\u00a0en dehors des demandes de d\u00e9pos\u00e9es en mairie. Tout d\u00e9p\u00f4t d\u2019autre nature et en d\u2019autres lieux est assimilable \u00e0 un d\u00e9p\u00f4t sauvage, passible de poursuites au titre de l<span style=\"color: #9bcfa8;\">\u2019<a style=\"color: #9bcfa8;\" href=\"http:\/\/www.legifrance.gouv.fr\/affichCodeArticle.do?cidTexte=LEGITEXT000006070719&amp;idArticle=LEGIARTI000006419532&amp;dateTexte=20090326\" target=\"_blank\" rel=\"noopener noreferrer\">article R-632-1 du Code p\u00e9nal<\/a>.<\/span><\/p>\n<p>&nbsp;<\/p>\n<h2>La D\u00e9ch\u00e8terie de ch\u00e2teau-Arnoux-Saint-Auban<\/h2>\n<p>Situ\u00e9e \u00e0 la ZA Bl\u00e2ches Gombert &#8211; 04160 Ch\u00e2teau-Arnoux-Saint-Auban &#8211;<strong><span style=\"color: #9bcfa8;\"> <a style=\"color: #9bcfa8;\" href=\"tel:0492642848\">04 92 64 28 48\u00a0<\/a><\/span><\/strong><\/p>\n<p>La d\u00e9ch\u00e8terie est \u00e9quip\u00e9e d&rsquo;un contr\u00f4le d&rsquo;acc\u00e8s par carte. La demande de carte se fait \u00e0 l&rsquo;accueil de la d\u00e9ch\u00e8terie.<\/p>\n<p>Ouverte du Lundi au Samedi de 8h30 \u00e0 12h00 et de 13h30 \u00e0 17h00.<\/p>\n<h4><span style=\"color: #9ede9e;\"><a style=\"color: #9ede9e;\" href=\"https:\/\/www.mairie-volonne.fr\/wp-content\/uploads\/2025\/09\/Formulaire-de-demande-de-carte-dacces-en-decheterie-particulier.pdf\">Formulaire-de-demande-de-carte-dacces-en-decheterie-particulier<\/a>\u00a0<\/span><\/h4>\n<p><span style=\"color: #9ede9e;\"><a style=\"color: #9ede9e;\" href=\"https:\/\/www.mairie-volonne.fr\/wp-content\/uploads\/2025\/09\/Formulaire-de-demande-de-carte-dacces-en-decheterie-pro.pdf\">Formulaire-de-demande-de-carte-dacces-en-decheterie-pro<\/a><\/span><\/p>\n<p>&nbsp;<\/p>\n<h2>O\u00f9 d\u00e9poser mes d\u00e9chets?<\/h2>\n<p>&nbsp;<\/p>\n<p><span style=\"color: #99cc00;\"><a style=\"color: #99cc00;\" href=\"https:\/\/www.provencealpesagglo.fr\/points-dapport-volontaires\/\">Provence Alpes Agglom\u00e9ration<\/a><\/span><\/p>\n<p>&nbsp;<\/p>\n<h1 style=\"text-align: center;\"><\/h1>\n<p>&nbsp;<\/p>\n<p>&nbsp;<\/p>\n","protected":false},"excerpt":{"rendered":"<p>La Gestion de vos D\u00e9chets Les Ordures M\u00e9nag\u00e8res Ce sont les d\u00e9chets provenant de l\u2019activit\u00e9 des m\u00e9nages qui, de par leur nature, ne peuvent \u00eatre recycl\u00e9s. Ils correspondent \u00e0 la partie des Ordures M\u00e9nag\u00e8res restant apr\u00e8s s\u00e9paration des collectes s\u00e9lectives. Rappel : les ordures m\u00e9nag\u00e8res r\u00e9siduelles doivent \u00eatre dans un sac ferm\u00e9 de\u00a030 litres maximum. [&#8230;]<\/p>\n","protected":false},"author":7,"featured_media":0,"parent":0,"menu_order":0,"comment_status":"closed","ping_status":"closed","template":"","meta":{"_EventAllDay":false,"_EventTimezone":"","_EventStartDate":"","_EventEndDate":"","_EventStartDateUTC":"","_EventEndDateUTC":"","_EventShowMap":false,"_EventShowMapLink":false,"_EventURL":"","_EventCost":"","_EventCostDescription":"","_EventCurrencySymbol":"","_EventCurrencyCode":"","_EventCurrencyPosition":"","_EventDateTimeSeparator":"","_EventTimeRangeSeparator":"","_EventOrganizerID":[],"_EventVenueID":[],"_OrganizerEmail":"","_OrganizerPhone":"","_OrganizerWebsite":"","_VenueAddress":"","_VenueCity":"","_VenueCountry":"","_VenueProvince":"","_VenueState":"","_VenueZip":"","_VenuePhone":"","_VenueURL":"","_VenueStateProvince":"","_VenueLat":"","_VenueLng":"","_VenueShowMap":false,"_VenueShowMapLink":false,"jetpack_post_was_ever_published":false,"footnotes":""},"class_list":["post-207","page","type-page","status-publish","hentry"],"jetpack_shortlink":"https:\/\/wp.me\/P6fN6B-3l","jetpack_sharing_enabled":true,"_links":{"self":[{"href":"https:\/\/www.mairie-volonne.fr\/index.php\/wp-json\/wp\/v2\/pages\/207","targetHints":{"allow":["GET"]}}],"collection":[{"href":"https:\/\/www.mairie-volonne.fr\/index.php\/wp-json\/wp\/v2\/pages"}],"about":[{"href":"https:\/\/www.mairie-volonne.fr\/index.php\/wp-json\/wp\/v2\/types\/page"}],"author":[{"embeddable":true,"href":"https:\/\/www.mairie-volonne.fr\/index.php\/wp-json\/wp\/v2\/users\/7"}],"replies":[{"embeddable":true,"href":"https:\/\/www.mairie-volonne.fr\/index.php\/wp-json\/wp\/v2\/comments?post=207"}],"version-history":[{"count":11,"href":"https:\/\/www.mairie-volonne.fr\/index.php\/wp-json\/wp\/v2\/pages\/207\/revisions"}],"predecessor-version":[{"id":14573,"href":"https:\/\/www.mairie-volonne.fr\/index.php\/wp-json\/wp\/v2\/pages\/207\/revisions\/14573"}],"wp:attachment":[{"href":"https:\/\/www.mairie-volonne.fr\/index.php\/wp-json\/wp\/v2\/media?parent=207"}],"curies":[{"name":"wp","href":"https:\/\/api.w.org\/{rel}","templated":true}]}}