{"id":13738,"date":"2025-03-13T09:16:10","date_gmt":"2025-03-13T08:16:10","guid":{"rendered":"https:\/\/www.mairie-volonne.fr\/?page_id=13738"},"modified":"2025-04-03T13:56:16","modified_gmt":"2025-04-03T11:56:16","slug":"volonne-zero-dechet","status":"publish","type":"page","link":"https:\/\/www.mairie-volonne.fr\/index.php\/volonne-zero-dechet\/","title":{"rendered":"Volonne Z\u00e9ro D\u00e9chet"},"content":{"rendered":"<p><img decoding=\"async\" class=\"size-full wp-image-13794 aligncenter\" src=\"https:\/\/www.mairie-volonne.fr\/wp-content\/uploads\/2025\/04\/logo-LEADER.png\" alt=\"\" width=\"827\" height=\"174\" srcset=\"https:\/\/www.mairie-volonne.fr\/wp-content\/uploads\/2025\/04\/logo-LEADER-200x42.png 200w, https:\/\/www.mairie-volonne.fr\/wp-content\/uploads\/2025\/04\/logo-LEADER-300x63.png 300w, https:\/\/www.mairie-volonne.fr\/wp-content\/uploads\/2025\/04\/logo-LEADER-400x84.png 400w, https:\/\/www.mairie-volonne.fr\/wp-content\/uploads\/2025\/04\/logo-LEADER-600x126.png 600w, https:\/\/www.mairie-volonne.fr\/wp-content\/uploads\/2025\/04\/logo-LEADER-768x162.png 768w, https:\/\/www.mairie-volonne.fr\/wp-content\/uploads\/2025\/04\/logo-LEADER-800x168.png 800w, https:\/\/www.mairie-volonne.fr\/wp-content\/uploads\/2025\/04\/logo-LEADER.png 827w\" sizes=\"(max-width: 827px) 100vw, 827px\" \/><img decoding=\"async\" class=\"wp-image-13739 aligncenter\" src=\"https:\/\/www.mairie-volonne.fr\/wp-content\/uploads\/2025\/03\/Green-Playful-Illustration-Zero-Waste-Presentation.jpg\" alt=\"\" width=\"771\" height=\"434\" srcset=\"https:\/\/www.mairie-volonne.fr\/wp-content\/uploads\/2025\/03\/Green-Playful-Illustration-Zero-Waste-Presentation-200x113.jpg 200w, https:\/\/www.mairie-volonne.fr\/wp-content\/uploads\/2025\/03\/Green-Playful-Illustration-Zero-Waste-Presentation-300x169.jpg 300w, https:\/\/www.mairie-volonne.fr\/wp-content\/uploads\/2025\/03\/Green-Playful-Illustration-Zero-Waste-Presentation-400x225.jpg 400w, https:\/\/www.mairie-volonne.fr\/wp-content\/uploads\/2025\/03\/Green-Playful-Illustration-Zero-Waste-Presentation-600x338.jpg 600w, https:\/\/www.mairie-volonne.fr\/wp-content\/uploads\/2025\/03\/Green-Playful-Illustration-Zero-Waste-Presentation-768x432.jpg 768w, https:\/\/www.mairie-volonne.fr\/wp-content\/uploads\/2025\/03\/Green-Playful-Illustration-Zero-Waste-Presentation-800x450.jpg 800w, https:\/\/www.mairie-volonne.fr\/wp-content\/uploads\/2025\/03\/Green-Playful-Illustration-Zero-Waste-Presentation-1024x576.jpg 1024w, https:\/\/www.mairie-volonne.fr\/wp-content\/uploads\/2025\/03\/Green-Playful-Illustration-Zero-Waste-Presentation-1200x675.jpg 1200w, https:\/\/www.mairie-volonne.fr\/wp-content\/uploads\/2025\/03\/Green-Playful-Illustration-Zero-Waste-Presentation-1320x743.jpg 1320w, https:\/\/www.mairie-volonne.fr\/wp-content\/uploads\/2025\/03\/Green-Playful-Illustration-Zero-Waste-Presentation-1536x864.jpg 1536w, https:\/\/www.mairie-volonne.fr\/wp-content\/uploads\/2025\/03\/Green-Playful-Illustration-Zero-Waste-Presentation.jpg 1920w\" sizes=\"(max-width: 771px) 100vw, 771px\" \/><\/p>\n<p>&nbsp;<\/p>\n<h2><span style=\"color: #339966;\"><strong>Les grandes lignes du projet<\/strong><\/span><\/h2>\n<h3>Ce projet visait \u00e0 am\u00e9liorer la r\u00e9duction et la valorisation des d\u00e9chets du territoire communal en am\u00e9nagement l\u2019espace public\u00a0:<\/h3>\n<ul>\n<li>\n<h3>Acquisition de poubelles de villes \u00ab\u00a0double flux\u00a0\u00bb pour l\u2019espace public pour am\u00e9liorer les performances de tri s\u00e9lectif\u00a0;<\/h3>\n<\/li>\n<li>\n<h3>Am\u00e9nagement de plateforme de compostage pour la valorisation des d\u00e9chets organiques\u00a0des administr\u00e9s ;<\/h3>\n<\/li>\n<li>\n<h3>Acquisition de mat\u00e9riels de compostage pour les plateformes de compostage\u00a0;<\/h3>\n<\/li>\n<li>\n<h3>Prestations de broyage de d\u00e9chets verts communaux et particuliers\u00a0pour valoriser ces d\u00e9chets dans les plateformes de compostage et dans les espaces verts communaux ;<\/h3>\n<\/li>\n<li>\n<h3>Acquisition de cendriers colonnes, murales et de cendriers de poche pour collecter ses d\u00e9chets et les valoriser\u00a0;<\/h3>\n<\/li>\n<li>\n<h3>Acquisition d\u2019\u00e9cocups pour supprimer le plastique \u00e0 usage unique\u00a0;<\/h3>\n<\/li>\n<\/ul>\n<h3>Ce projet pr\u00e9sentait \u00e9galement une partie communication et sensibilisation du public afin de faire \u00e9voluer les pratiques d\u2019usages\u00a0:<\/h3>\n<ul>\n<li>\n<h3>Acquisition de panneaux d\u2019affichage \u00ab\u00a0vitrine foresti\u00e8re\u00a0\u00bb pour les points d\u2019apports volontaires afin de rappeler les consignes de tri\u00a0;<\/h3>\n<\/li>\n<li>\n<h3>Acquisition de panneaux d\u2019information pour les plateformes de compostage pour indiquer les consignes\u00a0et valoriser les pratiques de compostage ;<\/h3>\n<\/li>\n<li>\n<h3>Acquisition d\u2019une banderole pour afficher les \u00e9v\u00e9nements \u00ab\u00a0broyage\u00a0\u00bb\u00a0;<\/h3>\n<\/li>\n<li>\n<h3>Acquisition d\u2019un panneau \u00ab\u00a0gestion diff\u00e9renci\u00e9e\u00a0\u00bb pour informer les administr\u00e9s de la gestion \u00e9cologique de l\u2019espace Perona et ainsi les inciter \u00e0 pratiquer cette gestion de leur jardin\u00a0;<\/h3>\n<\/li>\n<li>\n<h3>Animation \u00ab\u00a0ici commence la mer\u00a0\u00bb au niveau des plaques d\u2019eaux pluviales pour sensibiliser les plus jeunes sur la pollution\u00a0;<\/h3>\n<\/li>\n<li>\n<h3>Organiser une formation compostage pour les agents communaux et les administr\u00e9s.<\/h3>\n<\/li>\n<\/ul>\n<h2><span style=\"color: #339966;\">Bilan<\/span><\/h2>\n<h3>Les objectifs fix\u00e9s ont \u00e9t\u00e9 atteints. Les d\u00e9penses d\u2019\u00e9quipements et de prestations ont \u00e9t\u00e9 en globalit\u00e9 effectu\u00e9es\u00a0:<\/h3>\n<ul>\n<li>\n<h3>Acquisition de 10 poubelles de ville \u00ab\u00a0corbeille jumeaux 2 x 100L\u00a0\u00bb avec couvercle jaune (emballages) et blanc (ordures m\u00e9nag\u00e8res). Ces poubelles ont \u00e9t\u00e9 install\u00e9es dans le c\u0153ur de village, \u00e0 proximit\u00e9 des zones de production de d\u00e9chets (commerces, bars, pharmacie, lieu d\u2019\u00e9v\u00e9nements \u2026 voir carte ci-dessous).<\/h3>\n<\/li>\n<li>\n<h3>Acquisition de 9 panneaux d\u2019affichage \u00ab\u00a0vitrine foresti\u00e8re\u00a0\u00bb. Ces panneaux d\u2019affichage ont \u00e9t\u00e9 install\u00e9s \u00e0 proximit\u00e9 des points d\u2019apports volontaires pour rappeler les consignes de tri aux administr\u00e9s<\/h3>\n<\/li>\n<li>\n<h3>Acquisition de deux plateformes de compostage\u00a0(l\u2019une situ\u00e9e \u00e0 l\u2019\u00e9coquartier et l\u2019autre derri\u00e8re le restaurant scolaire), de mat\u00e9riels pour la gestion au quotidien et d\u2019un affichage sp\u00e9cifique.<\/h3>\n<\/li>\n<li>\n<h3>Acquisition de 3 cendriers colonnes, 4 cendriers murales et de 300 cendriers de poche pour collecter ces d\u00e9chets polluants.<\/h3>\n<\/li>\n<li>\n<h3>Acquisition de 1200 \u00e9cocups pour supprimer les gobelets en plastique.<\/h3>\n<\/li>\n<li>\n<h3>Acquisition d\u2019un panneau gestion diff\u00e9renci\u00e9e. Ce panneau a \u00e9t\u00e9 install\u00e9 \u00e0 l\u2019Espace Perona, espace o\u00f9 est pratiqu\u00e9 la gestion diff\u00e9renci\u00e9e.<\/h3>\n<\/li>\n<li>\n<h3>Prestations de broyage et acquisition d\u2019une banderole pour informer les administr\u00e9s.<\/h3>\n<h3>Cinq broyages ont \u00e9t\u00e9 effectu\u00e9es\u00a0: novembre 2022, mars 2023, novembre 2023, juin 2024 et novembre 2024. Les habitants \u00e9taient invit\u00e9s \u00e0 d\u00e9poser leurs d\u00e9chets verts \u00e0 l\u2019Espace Perona et \u00e0 venir r\u00e9cup\u00e9rer du broyat \u00e0 la suite du broyage effectu\u00e9 par l\u2019entreprise.<\/h3>\n<\/li>\n<li>\n<h3>Prestation d\u2019animation \u00ab ici commence la mer et la Durance \u00bb. Cette animation a \u00e9t\u00e9 organis\u00e9e le 2 f\u00e9vrier 2024 sur le temps p\u00e9riscolaire. 6 enfants ont particip\u00e9 et 7 plaques d&rsquo;eaux pluviales ont \u00e9t\u00e9 d\u00e9cor\u00e9es.<\/h3>\n<\/li>\n<\/ul>\n<h2><strong><span style=\"font-size: 16px; color: #339966;\">Quelques lignes de d\u00e9penses n\u2019ont pas \u00e9t\u00e9 r\u00e9alis\u00e9es. C\u2019est le cas de\u00a0:<\/span><\/strong><\/h2>\n<ul>\n<li>\n<h3>Les chariots de tri.<\/h3>\n<\/li>\n<\/ul>\n<h3>Les prix ont fortement \u00e9volu\u00e9 entre le d\u00e9p\u00f4t de demande de subvention et le d\u00e9but de l\u2019op\u00e9ration et, par cons\u00e9quent, nous avons fait le choix de ne pas les acqu\u00e9rir pour \u00e9viter une sur-r\u00e9alisation et un d\u00e9passement du budget communal allou\u00e9 \u00e0 l\u2019op\u00e9ration.<\/h3>\n<ul>\n<li>\n<h3>Les stickers sur poubelles\u00a0: ils n\u2019ont pas \u00e9t\u00e9 n\u00e9cessaires.<\/h3>\n<\/li>\n<li>\n<h3>La formation compostage\u00a0: la formation a \u00e9t\u00e9 prise en charge et r\u00e9alis\u00e9e par l\u2019association GESPER. Celle-ci s\u2019est d\u00e9roul\u00e9e le 19 d\u00e9cembre 2022 et \u00e9tait ouverte \u00e0 tous\u00a0: sept agents communaux (agents techniques et du p\u00f4le enfance charg\u00e9s du temps p\u00e9riscolaire et m\u00e9ridien) et cinq usagers ont particip\u00e9 (voir feuille de pr\u00e9sence). Elle visait \u00e0 les former en tant que r\u00e9f\u00e9rents de site.<\/h3>\n<\/li>\n<\/ul>\n<h3>Une autre formation a \u00e9t\u00e9 organis\u00e9e le 8 juillet 2024 par un ma\u00eetre composteur et pris en charge par le service d\u00e9chets de Provence Alpes Agglom\u00e9ration. Cette formation visait \u00e0 former le service du p\u00f4le enfance \u00e0 g\u00e9rer la nouvelle plateforme de compostage situ\u00e9e derri\u00e8re le restaurant scolaire. Sept agents communaux ont particip\u00e9.<\/h3>\n<h2><span style=\"color: #339966;\"><strong>LES SUITES DE L\u2019OPERATION <\/strong><\/span><\/h2>\n<h3>En d\u00e9but d\u2019ann\u00e9e, la commune a cr\u00e9\u00e9 un programme \u00ab\u00a0Volonne, Village Propre et Citoyen\u00a0\u00bb. Ce programme vise \u00e0 communiquer aux administr\u00e9s les actions r\u00e9alis\u00e9es par la commune et Provence Alpes Agglom\u00e9ration depuis 10 ans et des moyens qu\u2019ils disposent\u00a0: neuf points d\u2019apports volontaires, plateforme de compostage et composteurs individuels \u00e0 la vente par Provence Alpes Agglom\u00e9ration, collecte des encombrants, op\u00e9rations broyage des d\u00e9chets, cendriers \u2026<\/h3>\n<h3>Ce programme a \u00e9t\u00e9 diffus\u00e9 \u00e0 l\u2019ensemble des habitants dans le <strong><span style=\"color: #339966;\"><a style=\"color: #339966;\" href=\"https:\/\/www.mairie-volonne.fr\/wp-content\/uploads\/2025\/02\/VOUROUNO-93-BD.pdf\">VOUROUNO F\u00e9vrier 2025 &#8211; 93<\/a>.<\/span><\/strong><\/h3>\n<p>&nbsp;<\/p>\n<p><img decoding=\"async\" class=\"alignnone size-full wp-image-13740 aligncenter\" src=\"https:\/\/www.mairie-volonne.fr\/wp-content\/uploads\/2025\/03\/VZD.jpg\" alt=\"\" width=\"1190\" height=\"823\" srcset=\"https:\/\/www.mairie-volonne.fr\/wp-content\/uploads\/2025\/03\/VZD-200x138.jpg 200w, https:\/\/www.mairie-volonne.fr\/wp-content\/uploads\/2025\/03\/VZD-300x207.jpg 300w, https:\/\/www.mairie-volonne.fr\/wp-content\/uploads\/2025\/03\/VZD-400x277.jpg 400w, https:\/\/www.mairie-volonne.fr\/wp-content\/uploads\/2025\/03\/VZD-600x415.jpg 600w, https:\/\/www.mairie-volonne.fr\/wp-content\/uploads\/2025\/03\/VZD-768x531.jpg 768w, https:\/\/www.mairie-volonne.fr\/wp-content\/uploads\/2025\/03\/VZD-800x553.jpg 800w, https:\/\/www.mairie-volonne.fr\/wp-content\/uploads\/2025\/03\/VZD-1024x708.jpg 1024w, https:\/\/www.mairie-volonne.fr\/wp-content\/uploads\/2025\/03\/VZD.jpg 1190w\" sizes=\"(max-width: 1190px) 100vw, 1190px\" \/><\/p>\n<h2>Pour en savoir plus cliquer\u00a0<a href=\"https:\/\/europe.maregionsud.fr\/\">ici<\/a><\/h2>\n","protected":false},"excerpt":{"rendered":"<p>&nbsp; Les grandes lignes du projet Ce projet visait \u00e0 am\u00e9liorer la r\u00e9duction et la valorisation des d\u00e9chets du territoire communal en am\u00e9nagement l\u2019espace public\u00a0: Acquisition de poubelles de villes \u00ab\u00a0double flux\u00a0\u00bb pour l\u2019espace public pour am\u00e9liorer les performances de tri s\u00e9lectif\u00a0; Am\u00e9nagement de plateforme de compostage pour la valorisation des d\u00e9chets organiques\u00a0des administr\u00e9s ; [&#8230;]<\/p>\n","protected":false},"author":9,"featured_media":0,"parent":0,"menu_order":0,"comment_status":"closed","ping_status":"closed","template":"100-width.php","meta":{"_EventAllDay":false,"_EventTimezone":"","_EventStartDate":"","_EventEndDate":"","_EventStartDateUTC":"","_EventEndDateUTC":"","_EventShowMap":false,"_EventShowMapLink":false,"_EventURL":"","_EventCost":"","_EventCostDescription":"","_EventCurrencySymbol":"","_EventCurrencyCode":"","_EventCurrencyPosition":"","_EventDateTimeSeparator":"","_EventTimeRangeSeparator":"","_EventOrganizerID":[],"_EventVenueID":[],"_OrganizerEmail":"","_OrganizerPhone":"","_OrganizerWebsite":"","_VenueAddress":"","_VenueCity":"","_VenueCountry":"","_VenueProvince":"","_VenueState":"","_VenueZip":"","_VenuePhone":"","_VenueURL":"","_VenueStateProvince":"","_VenueLat":"","_VenueLng":"","_VenueShowMap":false,"_VenueShowMapLink":false,"jetpack_post_was_ever_published":false,"footnotes":""},"class_list":["post-13738","page","type-page","status-publish","hentry"],"jetpack_shortlink":"https:\/\/wp.me\/P6fN6B-3zA","jetpack_sharing_enabled":true,"_links":{"self":[{"href":"https:\/\/www.mairie-volonne.fr\/index.php\/wp-json\/wp\/v2\/pages\/13738","targetHints":{"allow":["GET"]}}],"collection":[{"href":"https:\/\/www.mairie-volonne.fr\/index.php\/wp-json\/wp\/v2\/pages"}],"about":[{"href":"https:\/\/www.mairie-volonne.fr\/index.php\/wp-json\/wp\/v2\/types\/page"}],"author":[{"embeddable":true,"href":"https:\/\/www.mairie-volonne.fr\/index.php\/wp-json\/wp\/v2\/users\/9"}],"replies":[{"embeddable":true,"href":"https:\/\/www.mairie-volonne.fr\/index.php\/wp-json\/wp\/v2\/comments?post=13738"}],"version-history":[{"count":3,"href":"https:\/\/www.mairie-volonne.fr\/index.php\/wp-json\/wp\/v2\/pages\/13738\/revisions"}],"predecessor-version":[{"id":13807,"href":"https:\/\/www.mairie-volonne.fr\/index.php\/wp-json\/wp\/v2\/pages\/13738\/revisions\/13807"}],"wp:attachment":[{"href":"https:\/\/www.mairie-volonne.fr\/index.php\/wp-json\/wp\/v2\/media?parent=13738"}],"curies":[{"name":"wp","href":"https:\/\/api.w.org\/{rel}","templated":true}]}}