{"id":13714,"date":"2025-03-11T16:18:34","date_gmt":"2025-03-11T15:18:34","guid":{"rendered":"https:\/\/www.mairie-volonne.fr\/?page_id=13714"},"modified":"2025-04-02T10:19:38","modified_gmt":"2025-04-02T08:19:38","slug":"village-de-pleine-sante","status":"publish","type":"page","link":"https:\/\/www.mairie-volonne.fr\/index.php\/village-de-pleine-sante\/","title":{"rendered":"Village de pleine Sant\u00e9"},"content":{"rendered":"<p><img decoding=\"async\" class=\"size-full wp-image-13794 aligncenter\" src=\"https:\/\/www.mairie-volonne.fr\/wp-content\/uploads\/2025\/04\/logo-LEADER.png\" alt=\"\" width=\"827\" height=\"174\" srcset=\"https:\/\/www.mairie-volonne.fr\/wp-content\/uploads\/2025\/04\/logo-LEADER-200x42.png 200w, https:\/\/www.mairie-volonne.fr\/wp-content\/uploads\/2025\/04\/logo-LEADER-300x63.png 300w, https:\/\/www.mairie-volonne.fr\/wp-content\/uploads\/2025\/04\/logo-LEADER-400x84.png 400w, https:\/\/www.mairie-volonne.fr\/wp-content\/uploads\/2025\/04\/logo-LEADER-600x126.png 600w, https:\/\/www.mairie-volonne.fr\/wp-content\/uploads\/2025\/04\/logo-LEADER-768x162.png 768w, https:\/\/www.mairie-volonne.fr\/wp-content\/uploads\/2025\/04\/logo-LEADER-800x168.png 800w, https:\/\/www.mairie-volonne.fr\/wp-content\/uploads\/2025\/04\/logo-LEADER.png 827w\" sizes=\"(max-width: 827px) 100vw, 827px\" \/><\/p>\n<p><img decoding=\"async\" class=\"alignnone size-full wp-image-13716\" src=\"https:\/\/www.mairie-volonne.fr\/wp-content\/uploads\/2025\/03\/Maison-de-Sante-2-e1741705139579.jpg\" alt=\"\" width=\"1920\" height=\"742\" srcset=\"https:\/\/www.mairie-volonne.fr\/wp-content\/uploads\/2025\/03\/Maison-de-Sante-2-e1741705139579-200x77.jpg 200w, https:\/\/www.mairie-volonne.fr\/wp-content\/uploads\/2025\/03\/Maison-de-Sante-2-e1741705139579-300x116.jpg 300w, https:\/\/www.mairie-volonne.fr\/wp-content\/uploads\/2025\/03\/Maison-de-Sante-2-e1741705139579-400x155.jpg 400w, https:\/\/www.mairie-volonne.fr\/wp-content\/uploads\/2025\/03\/Maison-de-Sante-2-e1741705139579-600x232.jpg 600w, https:\/\/www.mairie-volonne.fr\/wp-content\/uploads\/2025\/03\/Maison-de-Sante-2-e1741705139579-768x297.jpg 768w, https:\/\/www.mairie-volonne.fr\/wp-content\/uploads\/2025\/03\/Maison-de-Sante-2-e1741705139579-800x309.jpg 800w, https:\/\/www.mairie-volonne.fr\/wp-content\/uploads\/2025\/03\/Maison-de-Sante-2-e1741705139579-1024x396.jpg 1024w, https:\/\/www.mairie-volonne.fr\/wp-content\/uploads\/2025\/03\/Maison-de-Sante-2-e1741705139579-1200x464.jpg 1200w, https:\/\/www.mairie-volonne.fr\/wp-content\/uploads\/2025\/03\/Maison-de-Sante-2-e1741705139579-1320x510.jpg 1320w, https:\/\/www.mairie-volonne.fr\/wp-content\/uploads\/2025\/03\/Maison-de-Sante-2-e1741705139579-1536x594.jpg 1536w, https:\/\/www.mairie-volonne.fr\/wp-content\/uploads\/2025\/03\/Maison-de-Sante-2-e1741705139579.jpg 1920w\" sizes=\"(max-width: 1920px) 100vw, 1920px\" \/><\/p>\n<p>&nbsp;<\/p>\n<h2><span style=\"color: #f2a879;\">1- R\u00e9habilitation de l&rsquo;ancienne Tr\u00e9sorerie en Maison de Sant\u00e9 2\u00a0<\/span><\/h2>\n<p>La 1\u00e8re partie du projet de Volonne, Village de pleine sant\u00e9 consistait dans un premier temps \u00e0 r\u00e9habiliter l&rsquo;ancienne tr\u00e9sorerie en Maison de sant\u00e9 2 afin de favoriser l&rsquo;installation de professionnels de sant\u00e9 sur un territoire rural consid\u00e9r\u00e9 comme \u00ab\u00a0d\u00e9sert m\u00e9dical\u00a0\u00bb et \u00e0 \u00e9quiper ces nouveaux locaux (bureaux, \u00e9l\u00e9ments de cuisine, informatique&#8230;).<\/p>\n<p>Au total, 17 pi\u00e8ces ont \u00e9t\u00e9 am\u00e9nag\u00e9es :<\/p>\n<ul>\n<li>8 cabinets : 4 au rez de chauss\u00e9 et 4 \u00e0 l&rsquo;\u00e9tage,<\/li>\n<li>2 salles d&rsquo;attentes : 1 par niveau<\/li>\n<li>1 secr\u00e9tariat situ\u00e9 \u00e0 l&rsquo;\u00e9tage<\/li>\n<li>1 studio pour de futurs interne en m\u00e9decine<\/li>\n<li>1 salle de pause pour les professionels de sant\u00e9<\/li>\n<li>2 sanitaires<\/li>\n<li>1 local \u00e0 archives<\/li>\n<li>1 local m\u00e9nage<\/li>\n<\/ul>\n<h2><span style=\"color: #f2a879;\">2- Plus de sport sant\u00e9 ensemble !\u00a0<\/span><\/h2>\n<p>Ensuite, une \u00e9tude a \u00e9t\u00e9 men\u00e9e pour l\u2019am\u00e9nagement des deux espaces d\u00e9di\u00e9s au sport-sant\u00e9 \u00ab Espace Perona \u00bb et \u00ab Espace Durance \u00bb afin de\u00a0 proposer des \u00e9quipements adapt\u00e9s au besoin du territoire et des espaces propices au sport-sant\u00e9 (parcours de sant\u00e9, plateforme yoga, parcours v\u00e9lo p\u00e9dagogique, \u2026). L\u2019\u00e9tude d\u2019am\u00e9nagement a \u00e9t\u00e9 r\u00e9alis\u00e9e par le bureau d\u2019\u00e9tude ECOXYGENE.<\/p>\n<ul>\n<li>Le diagnostic et la d\u00e9finition de la <strong>strat\u00e9gie \u00ab\u00a0Plus de Sport Sant\u00e9 Ensemble ! 2024 \u2013 2030 \u00bb<\/strong> ont n\u00e9cessit\u00e9 des r\u00e9unions mais il a \u00e9t\u00e9 difficile de regrouper les professionnels de sant\u00e9 et les associations sportives sur un m\u00eame cr\u00e9neau. Des entretiens individuels ont donc \u00e9t\u00e9 organis\u00e9s.<\/li>\n<\/ul>\n<p>Ce travail participatif a permis d\u2019\u00e9laborer une strat\u00e9gie et un plan de 17 actions. Cette strat\u00e9gie a \u00e9t\u00e9 synth\u00e9tis\u00e9e dans l\u2019infographie\u00a0ci-apr\u00e8s :<\/p>\n<p>&nbsp;<\/p>\n<p><img decoding=\"async\" class=\"size-full wp-image-13715 aligncenter\" src=\"https:\/\/www.mairie-volonne.fr\/wp-content\/uploads\/2025\/03\/VVPS.png\" alt=\"\" width=\"1408\" height=\"1001\" srcset=\"https:\/\/www.mairie-volonne.fr\/wp-content\/uploads\/2025\/03\/VVPS-200x142.png 200w, https:\/\/www.mairie-volonne.fr\/wp-content\/uploads\/2025\/03\/VVPS-300x214.png 300w, https:\/\/www.mairie-volonne.fr\/wp-content\/uploads\/2025\/03\/VVPS-400x284.png 400w, https:\/\/www.mairie-volonne.fr\/wp-content\/uploads\/2025\/03\/VVPS-600x427.png 600w, https:\/\/www.mairie-volonne.fr\/wp-content\/uploads\/2025\/03\/VVPS-768x546.png 768w, https:\/\/www.mairie-volonne.fr\/wp-content\/uploads\/2025\/03\/VVPS-800x569.png 800w, https:\/\/www.mairie-volonne.fr\/wp-content\/uploads\/2025\/03\/VVPS-1024x728.png 1024w, https:\/\/www.mairie-volonne.fr\/wp-content\/uploads\/2025\/03\/VVPS-1200x853.png 1200w, https:\/\/www.mairie-volonne.fr\/wp-content\/uploads\/2025\/03\/VVPS-1320x938.png 1320w, https:\/\/www.mairie-volonne.fr\/wp-content\/uploads\/2025\/03\/VVPS.png 1408w\" sizes=\"(max-width: 1408px) 100vw, 1408px\" \/><\/p>\n<p>&nbsp;<\/p>\n<p><strong>L\u2019\u00e9tude d\u2019am\u00e9nagement des deux espaces P\u00e9rona et Durance<\/strong> a regroup\u00e9 de nombreux acteurs, avec des visions parfois assez divergentes (naturalistes \/ p\u00e9cheurs). Nous avons essay\u00e9 de concilier les diff\u00e9rentes attentes. L\u2019\u00e9tude a bien pris en compte l\u2019existant et les potentiels futurs am\u00e9nagements. Plusieurs p\u00f4les sont \u00e0 l\u2019\u00e9tude : &#8211; <strong>un p\u00f4le \u00ab raquette \u00bb<\/strong> : cours de tennis \/ cours de padle \/ table de ping-pong &#8211; <strong>un p\u00f4le \u00ab v\u00e9lo \u00bb<\/strong> : terrain \u00e0 bosses \/ Espace apprentissage \u00ab savoir rouler \u00e0 v\u00e9lo \u00bb &#8211; <strong>un p\u00f4le \u00ab ballon \u00bb<\/strong> : Basket 3&#215;3 \/ R\u00e9novation city stade type FOOT 5 &#8211; <strong>un p\u00f4le \u00ab souplesse \u00bb<\/strong> : 2 Parcours sant\u00e9 classique et doux \/ espace zen &#8211; <strong>un p\u00f4le \u00ab durance \u00bb<\/strong> : mise \u00e0 l\u2019eau \/ espace naturaliste \/ postes de p\u00eache &#8211; <strong>un p\u00f4le \u00ab d\u00e9tente \u00bb<\/strong> : p\u00e9tanque \/ jeux d\u2019enfants \/ table d\u2019\u00e9chec \/ pique-nique.<\/p>\n<p>&nbsp;<\/p>\n<p><img decoding=\"async\" class=\"size-full wp-image-13721 aligncenter\" src=\"https:\/\/www.mairie-volonne.fr\/wp-content\/uploads\/2025\/03\/UE.jpg\" alt=\"\" width=\"863\" height=\"596\" srcset=\"https:\/\/www.mairie-volonne.fr\/wp-content\/uploads\/2025\/03\/UE-200x138.jpg 200w, https:\/\/www.mairie-volonne.fr\/wp-content\/uploads\/2025\/03\/UE-300x207.jpg 300w, https:\/\/www.mairie-volonne.fr\/wp-content\/uploads\/2025\/03\/UE-400x276.jpg 400w, https:\/\/www.mairie-volonne.fr\/wp-content\/uploads\/2025\/03\/UE-600x414.jpg 600w, https:\/\/www.mairie-volonne.fr\/wp-content\/uploads\/2025\/03\/UE-768x530.jpg 768w, https:\/\/www.mairie-volonne.fr\/wp-content\/uploads\/2025\/03\/UE-800x552.jpg 800w, https:\/\/www.mairie-volonne.fr\/wp-content\/uploads\/2025\/03\/UE.jpg 863w\" sizes=\"(max-width: 863px) 100vw, 863px\" \/><\/p>\n<p>&nbsp;<\/p>\n<p>&nbsp;<\/p>\n<p>Pour plus d&rsquo;information <a href=\"https:\/\/europe.maregionsud.fr\/\">ici<\/a><\/p>\n","protected":false},"excerpt":{"rendered":"<p>&nbsp; 1- R\u00e9habilitation de l&rsquo;ancienne Tr\u00e9sorerie en Maison de Sant\u00e9 2\u00a0 La 1\u00e8re partie du projet de Volonne, Village de pleine sant\u00e9 consistait dans un premier temps \u00e0 r\u00e9habiliter l&rsquo;ancienne tr\u00e9sorerie en Maison de sant\u00e9 2 afin de favoriser l&rsquo;installation de professionnels de sant\u00e9 sur un territoire rural consid\u00e9r\u00e9 comme \u00ab\u00a0d\u00e9sert m\u00e9dical\u00a0\u00bb et \u00e0 \u00e9quiper [&#8230;]<\/p>\n","protected":false},"author":9,"featured_media":0,"parent":0,"menu_order":0,"comment_status":"closed","ping_status":"closed","template":"100-width.php","meta":{"_EventAllDay":false,"_EventTimezone":"","_EventStartDate":"","_EventEndDate":"","_EventStartDateUTC":"","_EventEndDateUTC":"","_EventShowMap":false,"_EventShowMapLink":false,"_EventURL":"","_EventCost":"","_EventCostDescription":"","_EventCurrencySymbol":"","_EventCurrencyCode":"","_EventCurrencyPosition":"","_EventDateTimeSeparator":"","_EventTimeRangeSeparator":"","_EventOrganizerID":[],"_EventVenueID":[],"_OrganizerEmail":"","_OrganizerPhone":"","_OrganizerWebsite":"","_VenueAddress":"","_VenueCity":"","_VenueCountry":"","_VenueProvince":"","_VenueState":"","_VenueZip":"","_VenuePhone":"","_VenueURL":"","_VenueStateProvince":"","_VenueLat":"","_VenueLng":"","_VenueShowMap":false,"_VenueShowMapLink":false,"footnotes":""},"class_list":["post-13714","page","type-page","status-publish","hentry"],"jetpack_shortlink":"https:\/\/wp.me\/P6fN6B-3zc","jetpack_sharing_enabled":true,"_links":{"self":[{"href":"https:\/\/www.mairie-volonne.fr\/index.php\/wp-json\/wp\/v2\/pages\/13714","targetHints":{"allow":["GET"]}}],"collection":[{"href":"https:\/\/www.mairie-volonne.fr\/index.php\/wp-json\/wp\/v2\/pages"}],"about":[{"href":"https:\/\/www.mairie-volonne.fr\/index.php\/wp-json\/wp\/v2\/types\/page"}],"author":[{"embeddable":true,"href":"https:\/\/www.mairie-volonne.fr\/index.php\/wp-json\/wp\/v2\/users\/9"}],"replies":[{"embeddable":true,"href":"https:\/\/www.mairie-volonne.fr\/index.php\/wp-json\/wp\/v2\/comments?post=13714"}],"version-history":[{"count":4,"href":"https:\/\/www.mairie-volonne.fr\/index.php\/wp-json\/wp\/v2\/pages\/13714\/revisions"}],"predecessor-version":[{"id":13796,"href":"https:\/\/www.mairie-volonne.fr\/index.php\/wp-json\/wp\/v2\/pages\/13714\/revisions\/13796"}],"wp:attachment":[{"href":"https:\/\/www.mairie-volonne.fr\/index.php\/wp-json\/wp\/v2\/media?parent=13714"}],"curies":[{"name":"wp","href":"https:\/\/api.w.org\/{rel}","templated":true}]}}