{"id":13523,"date":"2025-01-07T15:13:11","date_gmt":"2025-01-07T14:13:11","guid":{"rendered":"https:\/\/www.mairie-volonne.fr\/?page_id=13523"},"modified":"2025-09-23T16:17:53","modified_gmt":"2025-09-23T14:17:53","slug":"arretes-permanents","status":"publish","type":"page","link":"https:\/\/www.mairie-volonne.fr\/index.php\/arretes-permanents\/","title":{"rendered":"Arr\u00eat\u00e9s permanents"},"content":{"rendered":"<p><a href=\"https:\/\/www.mairie-volonne.fr\/wp-content\/uploads\/2025\/09\/AM-111-2025-tampon.pdf\">AM 111-2025-tampon<\/a><\/p>\n<p><a href=\"https:\/\/www.mairie-volonne.fr\/wp-content\/uploads\/2025\/03\/AM-22-2025_mise_EP_modif_3_PLU.pdf\">AM 22-2025_mise_EP_modif_3_PLU<\/a><\/p>\n<p><a href=\"https:\/\/www.mairie-volonne.fr\/wp-content\/uploads\/2025\/02\/AM_15_2025-tampon.pdf\">AM_15_2025-Mainlev\u00e9e de mise en s\u00e9curit\u00e9 \u00e0 caract\u00e8re urgent<\/a><\/p>\n<p>&nbsp;<\/p>\n","protected":false},"excerpt":{"rendered":"<p>AM 111-2025-tampon AM 22-2025_mise_EP_modif_3_PLU AM_15_2025-Mainlev\u00e9e de mise en s\u00e9curit\u00e9 \u00e0 caract\u00e8re urgent &nbsp;<\/p>\n","protected":false},"author":9,"featured_media":0,"parent":0,"menu_order":0,"comment_status":"closed","ping_status":"closed","template":"100-width.php","meta":{"_EventAllDay":false,"_EventTimezone":"","_EventStartDate":"","_EventEndDate":"","_EventStartDateUTC":"","_EventEndDateUTC":"","_EventShowMap":false,"_EventShowMapLink":false,"_EventURL":"","_EventCost":"","_EventCostDescription":"","_EventCurrencySymbol":"","_EventCurrencyCode":"","_EventCurrencyPosition":"","_EventDateTimeSeparator":"","_EventTimeRangeSeparator":"","_EventOrganizerID":[],"_EventVenueID":[],"_OrganizerEmail":"","_OrganizerPhone":"","_OrganizerWebsite":"","_VenueAddress":"","_VenueCity":"","_VenueCountry":"","_VenueProvince":"","_VenueState":"","_VenueZip":"","_VenuePhone":"","_VenueURL":"","_VenueStateProvince":"","_VenueLat":"","_VenueLng":"","_VenueShowMap":false,"_VenueShowMapLink":false,"jetpack_post_was_ever_published":false,"footnotes":""},"class_list":["post-13523","page","type-page","status-publish","hentry"],"jetpack_shortlink":"https:\/\/wp.me\/P6fN6B-3w7","jetpack_sharing_enabled":true,"_links":{"self":[{"href":"https:\/\/www.mairie-volonne.fr\/index.php\/wp-json\/wp\/v2\/pages\/13523","targetHints":{"allow":["GET"]}}],"collection":[{"href":"https:\/\/www.mairie-volonne.fr\/index.php\/wp-json\/wp\/v2\/pages"}],"about":[{"href":"https:\/\/www.mairie-volonne.fr\/index.php\/wp-json\/wp\/v2\/types\/page"}],"author":[{"embeddable":true,"href":"https:\/\/www.mairie-volonne.fr\/index.php\/wp-json\/wp\/v2\/users\/9"}],"replies":[{"embeddable":true,"href":"https:\/\/www.mairie-volonne.fr\/index.php\/wp-json\/wp\/v2\/comments?post=13523"}],"version-history":[{"count":7,"href":"https:\/\/www.mairie-volonne.fr\/index.php\/wp-json\/wp\/v2\/pages\/13523\/revisions"}],"predecessor-version":[{"id":14179,"href":"https:\/\/www.mairie-volonne.fr\/index.php\/wp-json\/wp\/v2\/pages\/13523\/revisions\/14179"}],"wp:attachment":[{"href":"https:\/\/www.mairie-volonne.fr\/index.php\/wp-json\/wp\/v2\/media?parent=13523"}],"curies":[{"name":"wp","href":"https:\/\/api.w.org\/{rel}","templated":true}]}}