{"id":13274,"date":"2024-07-11T15:02:10","date_gmt":"2024-07-11T13:02:10","guid":{"rendered":"https:\/\/www.mairie-volonne.fr\/?page_id=13274"},"modified":"2025-03-13T09:02:00","modified_gmt":"2025-03-13T08:02:00","slug":"video-protection","status":"publish","type":"page","link":"https:\/\/www.mairie-volonne.fr\/index.php\/video-protection\/","title":{"rendered":"Vid\u00e9o Protection"},"content":{"rendered":"<p><img decoding=\"async\" class=\"wp-image-13371 aligncenter\" src=\"https:\/\/www.mairie-volonne.fr\/wp-content\/uploads\/2024\/07\/kermesse-9-e1721044577833.png\" alt=\"\" width=\"759\" height=\"295\" srcset=\"https:\/\/www.mairie-volonne.fr\/wp-content\/uploads\/2024\/07\/kermesse-9-e1721044577833-200x78.png 200w, https:\/\/www.mairie-volonne.fr\/wp-content\/uploads\/2024\/07\/kermesse-9-e1721044577833-300x117.png 300w, https:\/\/www.mairie-volonne.fr\/wp-content\/uploads\/2024\/07\/kermesse-9-e1721044577833-400x156.png 400w, https:\/\/www.mairie-volonne.fr\/wp-content\/uploads\/2024\/07\/kermesse-9-e1721044577833-600x233.png 600w, https:\/\/www.mairie-volonne.fr\/wp-content\/uploads\/2024\/07\/kermesse-9-e1721044577833-768x299.png 768w, https:\/\/www.mairie-volonne.fr\/wp-content\/uploads\/2024\/07\/kermesse-9-e1721044577833-800x311.png 800w, https:\/\/www.mairie-volonne.fr\/wp-content\/uploads\/2024\/07\/kermesse-9-e1721044577833-1024x398.png 1024w, https:\/\/www.mairie-volonne.fr\/wp-content\/uploads\/2024\/07\/kermesse-9-e1721044577833-1200x467.png 1200w, https:\/\/www.mairie-volonne.fr\/wp-content\/uploads\/2024\/07\/kermesse-9-e1721044577833-1320x514.png 1320w, https:\/\/www.mairie-volonne.fr\/wp-content\/uploads\/2024\/07\/kermesse-9-e1721044577833-1536x598.png 1536w, https:\/\/www.mairie-volonne.fr\/wp-content\/uploads\/2024\/07\/kermesse-9-e1721044577833.png 1586w\" sizes=\"(max-width: 759px) 100vw, 759px\" \/><\/p>\n<p>&nbsp;<\/p>\n<h3>Afin de lutter contre les actes de malveillance \u00e0 l&rsquo;encontre des biens et des personnes, la commune a d\u00e9cid\u00e9 de d&rsquo;installer un syst\u00e8me de vid\u00e9o protection sur les principaux axes du Village :<\/h3>\n<ul>\n<li>\n<h3>2 cam\u00e9ras en fa\u00e7ade de la mairie sur la place de la mairie;<\/h3>\n<\/li>\n<li>\n<h3>2 cam\u00e9ras en fa\u00e7ade sur la Maison de Sant\u00e9;<\/h3>\n<\/li>\n<li>\n<h3>1 cam\u00e9ra en fa\u00e7ade sur l&rsquo;\u00e9cole primaire\/cr\u00e8che;<\/h3>\n<\/li>\n<li>\n<h3>2 cam\u00e9ras en fa\u00e7ade \u00e0 l&rsquo;\u00e9cole maternelle et les services techniques.<\/h3>\n<\/li>\n<\/ul>\n<h3>Le CSU centralisera toutes les liaisons.<\/h3>\n<p><img decoding=\"async\" class=\"alignnone  wp-image-13734\" src=\"https:\/\/www.mairie-volonne.fr\/wp-content\/uploads\/2025\/03\/Logo-dept04.png\" alt=\"\" width=\"524\" height=\"194\" srcset=\"https:\/\/www.mairie-volonne.fr\/wp-content\/uploads\/2025\/03\/Logo-dept04-200x74.png 200w, https:\/\/www.mairie-volonne.fr\/wp-content\/uploads\/2025\/03\/Logo-dept04-300x111.png 300w, https:\/\/www.mairie-volonne.fr\/wp-content\/uploads\/2025\/03\/Logo-dept04-400x148.png 400w, https:\/\/www.mairie-volonne.fr\/wp-content\/uploads\/2025\/03\/Logo-dept04-600x222.png 600w, https:\/\/www.mairie-volonne.fr\/wp-content\/uploads\/2025\/03\/Logo-dept04-768x284.png 768w, https:\/\/www.mairie-volonne.fr\/wp-content\/uploads\/2025\/03\/Logo-dept04-800x296.png 800w, https:\/\/www.mairie-volonne.fr\/wp-content\/uploads\/2025\/03\/Logo-dept04-1024x379.png 1024w, https:\/\/www.mairie-volonne.fr\/wp-content\/uploads\/2025\/03\/Logo-dept04.png 1200w\" sizes=\"(max-width: 524px) 100vw, 524px\" \/><img decoding=\"async\" class=\"wp-image-13728 alignright\" src=\"https:\/\/www.mairie-volonne.fr\/wp-content\/uploads\/2025\/03\/Pref-Dept04-1.png\" alt=\"\" width=\"256\" height=\"323\" srcset=\"https:\/\/www.mairie-volonne.fr\/wp-content\/uploads\/2025\/03\/Pref-Dept04-1-200x252.png 200w, https:\/\/www.mairie-volonne.fr\/wp-content\/uploads\/2025\/03\/Pref-Dept04-1-238x300.png 238w, https:\/\/www.mairie-volonne.fr\/wp-content\/uploads\/2025\/03\/Pref-Dept04-1-400x504.png 400w, https:\/\/www.mairie-volonne.fr\/wp-content\/uploads\/2025\/03\/Pref-Dept04-1-600x756.png 600w, https:\/\/www.mairie-volonne.fr\/wp-content\/uploads\/2025\/03\/Pref-Dept04-1-768x967.png 768w, https:\/\/www.mairie-volonne.fr\/wp-content\/uploads\/2025\/03\/Pref-Dept04-1-800x1008.png 800w, https:\/\/www.mairie-volonne.fr\/wp-content\/uploads\/2025\/03\/Pref-Dept04-1-813x1024.png 813w, https:\/\/www.mairie-volonne.fr\/wp-content\/uploads\/2025\/03\/Pref-Dept04-1-1200x1512.png 1200w, https:\/\/www.mairie-volonne.fr\/wp-content\/uploads\/2025\/03\/Pref-Dept04-1-1219x1536.png 1219w, https:\/\/www.mairie-volonne.fr\/wp-content\/uploads\/2025\/03\/Pref-Dept04-1-1320x1663.png 1320w, https:\/\/www.mairie-volonne.fr\/wp-content\/uploads\/2025\/03\/Pref-Dept04-1-1626x2048.png 1626w, https:\/\/www.mairie-volonne.fr\/wp-content\/uploads\/2025\/03\/Pref-Dept04-1.png 2730w\" sizes=\"(max-width: 256px) 100vw, 256px\" \/><\/p>\n<p>&nbsp;<\/p>\n<p>&nbsp;<\/p>\n","protected":false},"excerpt":{"rendered":"<p>&nbsp; Afin de lutter contre les actes de malveillance \u00e0 l&rsquo;encontre des biens et des personnes, la commune a d\u00e9cid\u00e9 de d&rsquo;installer un syst\u00e8me de vid\u00e9o protection sur les principaux axes du Village : 2 cam\u00e9ras en fa\u00e7ade de la mairie sur la place de la mairie; 2 cam\u00e9ras en fa\u00e7ade sur la Maison de [&#8230;]<\/p>\n","protected":false},"author":9,"featured_media":0,"parent":0,"menu_order":0,"comment_status":"closed","ping_status":"closed","template":"100-width.php","meta":{"_EventAllDay":false,"_EventTimezone":"","_EventStartDate":"","_EventEndDate":"","_EventStartDateUTC":"","_EventEndDateUTC":"","_EventShowMap":false,"_EventShowMapLink":false,"_EventURL":"","_EventCost":"","_EventCostDescription":"","_EventCurrencySymbol":"","_EventCurrencyCode":"","_EventCurrencyPosition":"","_EventDateTimeSeparator":"","_EventTimeRangeSeparator":"","_EventOrganizerID":[],"_EventVenueID":[],"_OrganizerEmail":"","_OrganizerPhone":"","_OrganizerWebsite":"","_VenueAddress":"","_VenueCity":"","_VenueCountry":"","_VenueProvince":"","_VenueState":"","_VenueZip":"","_VenuePhone":"","_VenueURL":"","_VenueStateProvince":"","_VenueLat":"","_VenueLng":"","_VenueShowMap":false,"_VenueShowMapLink":false,"jetpack_post_was_ever_published":false,"footnotes":""},"class_list":["post-13274","page","type-page","status-publish","hentry"],"jetpack_shortlink":"https:\/\/wp.me\/P6fN6B-3s6","jetpack_sharing_enabled":true,"_links":{"self":[{"href":"https:\/\/www.mairie-volonne.fr\/index.php\/wp-json\/wp\/v2\/pages\/13274","targetHints":{"allow":["GET"]}}],"collection":[{"href":"https:\/\/www.mairie-volonne.fr\/index.php\/wp-json\/wp\/v2\/pages"}],"about":[{"href":"https:\/\/www.mairie-volonne.fr\/index.php\/wp-json\/wp\/v2\/types\/page"}],"author":[{"embeddable":true,"href":"https:\/\/www.mairie-volonne.fr\/index.php\/wp-json\/wp\/v2\/users\/9"}],"replies":[{"embeddable":true,"href":"https:\/\/www.mairie-volonne.fr\/index.php\/wp-json\/wp\/v2\/comments?post=13274"}],"version-history":[{"count":5,"href":"https:\/\/www.mairie-volonne.fr\/index.php\/wp-json\/wp\/v2\/pages\/13274\/revisions"}],"predecessor-version":[{"id":13737,"href":"https:\/\/www.mairie-volonne.fr\/index.php\/wp-json\/wp\/v2\/pages\/13274\/revisions\/13737"}],"wp:attachment":[{"href":"https:\/\/www.mairie-volonne.fr\/index.php\/wp-json\/wp\/v2\/media?parent=13274"}],"curies":[{"name":"wp","href":"https:\/\/api.w.org\/{rel}","templated":true}]}}