{"id":13272,"date":"2024-07-11T15:02:10","date_gmt":"2024-07-11T13:02:10","guid":{"rendered":"https:\/\/www.mairie-volonne.fr\/?page_id=13272"},"modified":"2025-03-13T09:00:48","modified_gmt":"2025-03-13T08:00:48","slug":"renovation-de-lecole-elementaire","status":"publish","type":"page","link":"https:\/\/www.mairie-volonne.fr\/index.php\/renovation-de-lecole-elementaire\/","title":{"rendered":"R\u00e9novation de l&rsquo;\u00c9cole \u00c9l\u00e9mentaire"},"content":{"rendered":"<h3><img decoding=\"async\" class=\"wp-image-13364 aligncenter\" src=\"https:\/\/www.mairie-volonne.fr\/wp-content\/uploads\/2024\/07\/kermesse-7-e1721043145200.png\" alt=\"\" width=\"641\" height=\"427\" srcset=\"https:\/\/www.mairie-volonne.fr\/wp-content\/uploads\/2024\/07\/kermesse-7-e1721043145200-200x133.png 200w, https:\/\/www.mairie-volonne.fr\/wp-content\/uploads\/2024\/07\/kermesse-7-e1721043145200-300x200.png 300w, https:\/\/www.mairie-volonne.fr\/wp-content\/uploads\/2024\/07\/kermesse-7-e1721043145200-400x267.png 400w, https:\/\/www.mairie-volonne.fr\/wp-content\/uploads\/2024\/07\/kermesse-7-e1721043145200-600x400.png 600w, https:\/\/www.mairie-volonne.fr\/wp-content\/uploads\/2024\/07\/kermesse-7-e1721043145200-768x512.png 768w, https:\/\/www.mairie-volonne.fr\/wp-content\/uploads\/2024\/07\/kermesse-7-e1721043145200-800x534.png 800w, https:\/\/www.mairie-volonne.fr\/wp-content\/uploads\/2024\/07\/kermesse-7-e1721043145200-1024x683.png 1024w, https:\/\/www.mairie-volonne.fr\/wp-content\/uploads\/2024\/07\/kermesse-7-e1721043145200-1200x801.png 1200w, https:\/\/www.mairie-volonne.fr\/wp-content\/uploads\/2024\/07\/kermesse-7-e1721043145200-1320x881.png 1320w, https:\/\/www.mairie-volonne.fr\/wp-content\/uploads\/2024\/07\/kermesse-7-e1721043145200-1536x1025.png 1536w, https:\/\/www.mairie-volonne.fr\/wp-content\/uploads\/2024\/07\/kermesse-7-e1721043145200.png 1586w\" sizes=\"(max-width: 641px) 100vw, 641px\" \/><\/h3>\n<h3>NOTRE \u00c9COLE EST V\u00c9TUSTE ET \u00c9NERGIVORE. IL EST N\u00c9CESSAIRE D\u2019ENTREPRENDRE DES TRAVAUX DE R\u00c9NOVATION SUR CE B\u00c2TIMENT QUI DATE DES ANN\u00c9ES 1800.<\/h3>\n<h3>VOLET N\u00b01 \u2013 B\u00c2TIMENT PRINCIPAL \u2013 R\u00c9NOVATION ET EXTENSION DE L\u2019\u00c9COLE \u00c9L\u00c9MENTAIRE<br \/>\n5 CLASSES<br \/>\nUNE SALLE DES ENSEIGNANTS RELOCALIS\u00c9E<br \/>\nUNE NOUVELLE GRANDE SALLE \u00ab AGORA-SPORT \u00bb, AVEC PR\u00c9AU<\/h3>\n<h3>VOLET N\u00b02 \u2013 B\u00c2TIMENT ANNEXE \u2013 R\u00c9NOVATION EN P\u00d4LE P\u00c9RISCOLAIRE &amp; ASSOCIATIF<br \/>\nUN ESPACE P\u00c9RISCOLAIRE AU RDC<br \/>\nUNE SALLE ASSOCIATIVE AU R+1<\/h3>\n<h3>NOUS ESP\u00c9RONS POUVOIR OBTENIR LES FINANCEMENTS, DANS LE CADRE DU GRAND PROJET NATIONAL EDURENOV POUR R\u00c9NOVER NOS \u00c9COLES ET \u00caTRE EN MESURE DE R\u00c9ALISER UNE PREMI\u00c8RE TRANCHE DE TRAVAUX, SUR LE B\u00c2TIMENT PRINCIPAL DE L\u2019\u00c9COLE \u00c9L\u00c9MENTAIRE \u00c0 COMPTER DE L\u2019\u00c9T\u00c9 2025.<\/h3>\n<p>&nbsp;<\/p>\n<p><img decoding=\"async\" class=\"alignnone size-full wp-image-13731\" src=\"https:\/\/www.mairie-volonne.fr\/wp-content\/uploads\/2025\/03\/logo-region.jpg\" alt=\"\" width=\"500\" height=\"289\" srcset=\"https:\/\/www.mairie-volonne.fr\/wp-content\/uploads\/2025\/03\/logo-region-200x116.jpg 200w, https:\/\/www.mairie-volonne.fr\/wp-content\/uploads\/2025\/03\/logo-region-300x173.jpg 300w, https:\/\/www.mairie-volonne.fr\/wp-content\/uploads\/2025\/03\/logo-region-400x231.jpg 400w, https:\/\/www.mairie-volonne.fr\/wp-content\/uploads\/2025\/03\/logo-region.jpg 500w\" sizes=\"(max-width: 500px) 100vw, 500px\" \/><\/p>\n<p>&nbsp;<\/p>\n","protected":false},"excerpt":{"rendered":"<p>NOTRE \u00c9COLE EST V\u00c9TUSTE ET \u00c9NERGIVORE. IL EST N\u00c9CESSAIRE D\u2019ENTREPRENDRE DES TRAVAUX DE R\u00c9NOVATION SUR CE B\u00c2TIMENT QUI DATE DES ANN\u00c9ES 1800. VOLET N\u00b01 \u2013 B\u00c2TIMENT PRINCIPAL \u2013 R\u00c9NOVATION ET EXTENSION DE L\u2019\u00c9COLE \u00c9L\u00c9MENTAIRE 5 CLASSES UNE SALLE DES ENSEIGNANTS RELOCALIS\u00c9E UNE NOUVELLE GRANDE SALLE \u00ab AGORA-SPORT \u00bb, AVEC PR\u00c9AU VOLET N\u00b02 \u2013 B\u00c2TIMENT ANNEXE [&#8230;]<\/p>\n","protected":false},"author":9,"featured_media":0,"parent":0,"menu_order":0,"comment_status":"closed","ping_status":"closed","template":"100-width.php","meta":{"_EventAllDay":false,"_EventTimezone":"","_EventStartDate":"","_EventEndDate":"","_EventStartDateUTC":"","_EventEndDateUTC":"","_EventShowMap":false,"_EventShowMapLink":false,"_EventURL":"","_EventCost":"","_EventCostDescription":"","_EventCurrencySymbol":"","_EventCurrencyCode":"","_EventCurrencyPosition":"","_EventDateTimeSeparator":"","_EventTimeRangeSeparator":"","_EventOrganizerID":[],"_EventVenueID":[],"_OrganizerEmail":"","_OrganizerPhone":"","_OrganizerWebsite":"","_VenueAddress":"","_VenueCity":"","_VenueCountry":"","_VenueProvince":"","_VenueState":"","_VenueZip":"","_VenuePhone":"","_VenueURL":"","_VenueStateProvince":"","_VenueLat":"","_VenueLng":"","_VenueShowMap":false,"_VenueShowMapLink":false,"jetpack_post_was_ever_published":false,"footnotes":""},"class_list":["post-13272","page","type-page","status-publish","hentry"],"jetpack_shortlink":"https:\/\/wp.me\/P6fN6B-3s4","jetpack_sharing_enabled":true,"_links":{"self":[{"href":"https:\/\/www.mairie-volonne.fr\/index.php\/wp-json\/wp\/v2\/pages\/13272","targetHints":{"allow":["GET"]}}],"collection":[{"href":"https:\/\/www.mairie-volonne.fr\/index.php\/wp-json\/wp\/v2\/pages"}],"about":[{"href":"https:\/\/www.mairie-volonne.fr\/index.php\/wp-json\/wp\/v2\/types\/page"}],"author":[{"embeddable":true,"href":"https:\/\/www.mairie-volonne.fr\/index.php\/wp-json\/wp\/v2\/users\/9"}],"replies":[{"embeddable":true,"href":"https:\/\/www.mairie-volonne.fr\/index.php\/wp-json\/wp\/v2\/comments?post=13272"}],"version-history":[{"count":5,"href":"https:\/\/www.mairie-volonne.fr\/index.php\/wp-json\/wp\/v2\/pages\/13272\/revisions"}],"predecessor-version":[{"id":13736,"href":"https:\/\/www.mairie-volonne.fr\/index.php\/wp-json\/wp\/v2\/pages\/13272\/revisions\/13736"}],"wp:attachment":[{"href":"https:\/\/www.mairie-volonne.fr\/index.php\/wp-json\/wp\/v2\/media?parent=13272"}],"curies":[{"name":"wp","href":"https:\/\/api.w.org\/{rel}","templated":true}]}}