{"id":13271,"date":"2024-07-11T15:02:10","date_gmt":"2024-07-11T13:02:10","guid":{"rendered":"https:\/\/www.mairie-volonne.fr\/?page_id=13271"},"modified":"2025-03-13T09:00:04","modified_gmt":"2025-03-13T08:00:04","slug":"amelioration-de-lhabitat-du-centre-ancien","status":"publish","type":"page","link":"https:\/\/www.mairie-volonne.fr\/index.php\/amelioration-de-lhabitat-du-centre-ancien\/","title":{"rendered":"Am\u00e9lioration de l&rsquo;habitat du Centre Ancien"},"content":{"rendered":"<p><img decoding=\"async\" class=\" wp-image-13358 aligncenter\" src=\"https:\/\/www.mairie-volonne.fr\/wp-content\/uploads\/2024\/07\/kermesse-5-e1721042177456.png\" alt=\"\" width=\"809\" height=\"393\" srcset=\"https:\/\/www.mairie-volonne.fr\/wp-content\/uploads\/2024\/07\/kermesse-5-e1721042177456-200x97.png 200w, https:\/\/www.mairie-volonne.fr\/wp-content\/uploads\/2024\/07\/kermesse-5-e1721042177456-300x146.png 300w, https:\/\/www.mairie-volonne.fr\/wp-content\/uploads\/2024\/07\/kermesse-5-e1721042177456-400x194.png 400w, https:\/\/www.mairie-volonne.fr\/wp-content\/uploads\/2024\/07\/kermesse-5-e1721042177456-600x291.png 600w, https:\/\/www.mairie-volonne.fr\/wp-content\/uploads\/2024\/07\/kermesse-5-e1721042177456-768x373.png 768w, https:\/\/www.mairie-volonne.fr\/wp-content\/uploads\/2024\/07\/kermesse-5-e1721042177456-800x388.png 800w, https:\/\/www.mairie-volonne.fr\/wp-content\/uploads\/2024\/07\/kermesse-5-e1721042177456-1024x497.png 1024w, https:\/\/www.mairie-volonne.fr\/wp-content\/uploads\/2024\/07\/kermesse-5-e1721042177456-1200x583.png 1200w, https:\/\/www.mairie-volonne.fr\/wp-content\/uploads\/2024\/07\/kermesse-5-e1721042177456-1320x641.png 1320w, https:\/\/www.mairie-volonne.fr\/wp-content\/uploads\/2024\/07\/kermesse-5-e1721042177456-1536x746.png 1536w, https:\/\/www.mairie-volonne.fr\/wp-content\/uploads\/2024\/07\/kermesse-5-e1721042177456.png 1586w\" sizes=\"(max-width: 809px) 100vw, 809px\" \/><\/p>\n<h3 style=\"text-align: left;\">La municipalit\u00e9 a dress\u00e9 les constats suivants :<\/h3>\n<h3 style=\"text-align: left;\">&#8211; Une population \u00e2g\u00e9e et vieillissante, avec les probl\u00e8mes de mobilit\u00e9 \u2013 accessibilit\u00e9 ;<br \/>\n&#8211; Une population avec des revenus globalement moyens, mais beaucoup de revenus<br \/>\nmodestes dans le centre ancien ;<br \/>\n&#8211; Des logements anciens et n\u00e9cessitant des travaux d&rsquo;am\u00e9lioration, notamment<br \/>\n\u00e9nerg\u00e9tique et de lutte contre l\u2019insalubrit\u00e9, dans le centre ancien ;<br \/>\n&#8211; Une vacance encore \u00e9lev\u00e9e dans les rues du centre ancien, habitat et commerces.<\/h3>\n<h3 style=\"text-align: left;\">La commune doit r\u00e9pondre, par l\u2019adaptation de l\u2019offre de logement et l\u2019am\u00e9lioration de leur<br \/>\nqualit\u00e9 \u2013 notamment thermique, aux besoins de la population pr\u00e9sente et \u00e0 venir.<\/h3>\n<h3 style=\"text-align: left;\">Les besoins sont :<br \/>\n&#8211; Sociaux et techniques d\u2019accompagnement du vieillissement de la population,<br \/>\nmaintien de la population \u00e2g\u00e9e, souvent \u00e0 revenus modestes ;<br \/>\n&#8211; Accueil de nouveaux arrivants ;<br \/>\n&#8211; Maintien des jeunes, notamment les familles monoparentales.<\/h3>\n<h3 style=\"text-align: left;\">La commune doit r\u00e9pondre, \u00e0 l\u2019enjeu de sa revitalisation et lutte contre la vacance, en :<br \/>\n&#8211; R\u00e9investissant les logements (centre ancien) et\/ou commerces vacants (cours Jacques<br \/>\nPAULON &#8211; EcoQuartier) ;<br \/>\n&#8211; Donnant une nouvelle dynamique et rendant plus attractifs les commerces<br \/>\n(am\u00e9nagement coeur de village) ;<br \/>\n&#8211; Investissant dans la r\u00e9novation du patrimoine b\u00e2ti remarquable (Ch\u00e2teau) ;<br \/>\n&#8211; Veillant \u00e0 la pr\u00e9servation et \u00e0 la valorisation du b\u00e2ti ancien qui fait l\u2019identit\u00e9 du<br \/>\nterritoire (p\u00e9rim\u00e8tre ABF) ;<\/h3>\n<h3 style=\"text-align: left;\">&#8211; Am\u00e9liorant les places et rues par une requalification pour mettre en valeur les larges<br \/>\nespaces publics, voire en cr\u00e9er et les v\u00e9g\u00e9taliser (Place Amiral Peyron, Place de Vi\u00e8re,<br \/>\nPlace ancien four, Rue \u00e9troite \u2013 Rue de l\u2019\u00e9galit\u00e9).<\/h3>\n<h3 style=\"text-align: left;\">Afin de r\u00e9pondre \u00e0 ces probl\u00e9matiques et enjeux, les \u00e9lus ont d\u00e9cid\u00e9 de r\u00e9aliser :<br \/>\n&#8211; Une \u00e9tude pr\u00e9-op\u00e9rationnelle d&rsquo;OPAH ;<br \/>\n&#8211; Une \u00e9tude sp\u00e9cifique sur 3 \u00eelots rep\u00e9r\u00e9s comme faisant partie d\u2019une op\u00e9ration<br \/>\npublique.<\/h3>\n<p>&nbsp;<\/p>\n<p><img decoding=\"async\" class=\"alignnone size-full wp-image-13733\" src=\"https:\/\/www.mairie-volonne.fr\/wp-content\/uploads\/2025\/03\/logo-anah.png\" alt=\"\" width=\"242\" height=\"208\" srcset=\"https:\/\/www.mairie-volonne.fr\/wp-content\/uploads\/2025\/03\/logo-anah-200x172.png 200w, https:\/\/www.mairie-volonne.fr\/wp-content\/uploads\/2025\/03\/logo-anah.png 242w\" sizes=\"(max-width: 242px) 100vw, 242px\" \/><img decoding=\"async\" class=\"wp-image-13734 alignright\" src=\"https:\/\/www.mairie-volonne.fr\/wp-content\/uploads\/2025\/03\/Logo-dept04.png\" alt=\"\" width=\"576\" height=\"213\" srcset=\"https:\/\/www.mairie-volonne.fr\/wp-content\/uploads\/2025\/03\/Logo-dept04-200x74.png 200w, https:\/\/www.mairie-volonne.fr\/wp-content\/uploads\/2025\/03\/Logo-dept04-300x111.png 300w, https:\/\/www.mairie-volonne.fr\/wp-content\/uploads\/2025\/03\/Logo-dept04-400x148.png 400w, https:\/\/www.mairie-volonne.fr\/wp-content\/uploads\/2025\/03\/Logo-dept04-600x222.png 600w, https:\/\/www.mairie-volonne.fr\/wp-content\/uploads\/2025\/03\/Logo-dept04-768x284.png 768w, https:\/\/www.mairie-volonne.fr\/wp-content\/uploads\/2025\/03\/Logo-dept04-800x296.png 800w, https:\/\/www.mairie-volonne.fr\/wp-content\/uploads\/2025\/03\/Logo-dept04-1024x379.png 1024w, https:\/\/www.mairie-volonne.fr\/wp-content\/uploads\/2025\/03\/Logo-dept04.png 1200w\" sizes=\"(max-width: 576px) 100vw, 576px\" \/><\/p>\n<h3 style=\"text-align: left;\"><\/h3>\n","protected":false},"excerpt":{"rendered":"<p>La municipalit\u00e9 a dress\u00e9 les constats suivants : &#8211; Une population \u00e2g\u00e9e et vieillissante, avec les probl\u00e8mes de mobilit\u00e9 \u2013 accessibilit\u00e9 ; &#8211; Une population avec des revenus globalement moyens, mais beaucoup de revenus modestes dans le centre ancien ; &#8211; Des logements anciens et n\u00e9cessitant des travaux d&rsquo;am\u00e9lioration, notamment \u00e9nerg\u00e9tique et de lutte contre [&#8230;]<\/p>\n","protected":false},"author":9,"featured_media":0,"parent":0,"menu_order":0,"comment_status":"closed","ping_status":"closed","template":"100-width.php","meta":{"_EventAllDay":false,"_EventTimezone":"","_EventStartDate":"","_EventEndDate":"","_EventStartDateUTC":"","_EventEndDateUTC":"","_EventShowMap":false,"_EventShowMapLink":false,"_EventURL":"","_EventCost":"","_EventCostDescription":"","_EventCurrencySymbol":"","_EventCurrencyCode":"","_EventCurrencyPosition":"","_EventDateTimeSeparator":"","_EventTimeRangeSeparator":"","_EventOrganizerID":[],"_EventVenueID":[],"_OrganizerEmail":"","_OrganizerPhone":"","_OrganizerWebsite":"","_VenueAddress":"","_VenueCity":"","_VenueCountry":"","_VenueProvince":"","_VenueState":"","_VenueZip":"","_VenuePhone":"","_VenueURL":"","_VenueStateProvince":"","_VenueLat":"","_VenueLng":"","_VenueShowMap":false,"_VenueShowMapLink":false,"jetpack_post_was_ever_published":false,"footnotes":""},"class_list":["post-13271","page","type-page","status-publish","hentry"],"jetpack_shortlink":"https:\/\/wp.me\/P6fN6B-3s3","jetpack_sharing_enabled":true,"_links":{"self":[{"href":"https:\/\/www.mairie-volonne.fr\/index.php\/wp-json\/wp\/v2\/pages\/13271","targetHints":{"allow":["GET"]}}],"collection":[{"href":"https:\/\/www.mairie-volonne.fr\/index.php\/wp-json\/wp\/v2\/pages"}],"about":[{"href":"https:\/\/www.mairie-volonne.fr\/index.php\/wp-json\/wp\/v2\/types\/page"}],"author":[{"embeddable":true,"href":"https:\/\/www.mairie-volonne.fr\/index.php\/wp-json\/wp\/v2\/users\/9"}],"replies":[{"embeddable":true,"href":"https:\/\/www.mairie-volonne.fr\/index.php\/wp-json\/wp\/v2\/comments?post=13271"}],"version-history":[{"count":4,"href":"https:\/\/www.mairie-volonne.fr\/index.php\/wp-json\/wp\/v2\/pages\/13271\/revisions"}],"predecessor-version":[{"id":13735,"href":"https:\/\/www.mairie-volonne.fr\/index.php\/wp-json\/wp\/v2\/pages\/13271\/revisions\/13735"}],"wp:attachment":[{"href":"https:\/\/www.mairie-volonne.fr\/index.php\/wp-json\/wp\/v2\/media?parent=13271"}],"curies":[{"name":"wp","href":"https:\/\/api.w.org\/{rel}","templated":true}]}}