{"id":13268,"date":"2024-07-11T15:02:10","date_gmt":"2024-07-11T13:02:10","guid":{"rendered":"https:\/\/www.mairie-volonne.fr\/?page_id=13268"},"modified":"2025-07-17T08:05:11","modified_gmt":"2025-07-17T06:05:11","slug":"4-eco-balades","status":"publish","type":"page","link":"https:\/\/www.mairie-volonne.fr\/index.php\/4-eco-balades\/","title":{"rendered":"4 \u00c9co Balades"},"content":{"rendered":"<p><img decoding=\"async\" class=\"wp-image-13347 aligncenter\" src=\"https:\/\/www.mairie-volonne.fr\/wp-content\/uploads\/2024\/07\/Eco-balades-1-e1720780342636.png\" alt=\"\" width=\"1038\" height=\"311\" srcset=\"https:\/\/www.mairie-volonne.fr\/wp-content\/uploads\/2024\/07\/Eco-balades-1-e1720780342636-200x60.png 200w, https:\/\/www.mairie-volonne.fr\/wp-content\/uploads\/2024\/07\/Eco-balades-1-e1720780342636-300x90.png 300w, https:\/\/www.mairie-volonne.fr\/wp-content\/uploads\/2024\/07\/Eco-balades-1-e1720780342636-400x120.png 400w, https:\/\/www.mairie-volonne.fr\/wp-content\/uploads\/2024\/07\/Eco-balades-1-e1720780342636-600x180.png 600w, https:\/\/www.mairie-volonne.fr\/wp-content\/uploads\/2024\/07\/Eco-balades-1-e1720780342636-768x230.png 768w, https:\/\/www.mairie-volonne.fr\/wp-content\/uploads\/2024\/07\/Eco-balades-1-e1720780342636-800x240.png 800w, https:\/\/www.mairie-volonne.fr\/wp-content\/uploads\/2024\/07\/Eco-balades-1-e1720780342636-1024x307.png 1024w, https:\/\/www.mairie-volonne.fr\/wp-content\/uploads\/2024\/07\/Eco-balades-1-e1720780342636-1200x359.png 1200w, https:\/\/www.mairie-volonne.fr\/wp-content\/uploads\/2024\/07\/Eco-balades-1-e1720780342636-1320x395.png 1320w, https:\/\/www.mairie-volonne.fr\/wp-content\/uploads\/2024\/07\/Eco-balades-1-e1720780342636-1536x460.png 1536w, https:\/\/www.mairie-volonne.fr\/wp-content\/uploads\/2024\/07\/Eco-balades-1-e1720780342636.png 1586w\" sizes=\"(max-width: 1038px) 100vw, 1038px\" \/><\/p>\n<h3>PHASE \u00c9TUDE :<\/h3>\n<h3>UNE \u00c9TUDE D\u2019AM\u00c9NAGEMENT DE 4 \u00c9CO BALADES DE D\u00c9COUVERTE DU PATRIMOINE HISTORIQUE ET NATUREL A \u00c9T\u00c9 MEN\u00c9E PAR LE BUREAU D\u2019\u00c9TUDE ECOXYGENE EN COLLABORATION AVEC L\u2019ASSOCIATION LA VIEILLE PIERRE , PAA ET LE D\u00c9PARTEMENT DU 04.<\/h3>\n<ul>\n<li>\n<h3>BALADE PATRIMONIALE AU C\u0152UR DE VILLAGE : D\u00c9COUVERTE DES GYPSERIES DU CH\u00c2TEAU DE VOLONNE, LES RUES \u00c9TROITES, L\u2019\u00c9GLISE ST MARTIN&#8230;,<\/h3>\n<\/li>\n<li>\n<h3>LES TOURS DE VOLONNE : D\u00c9COUVERTE DE L HISTOIRE DES TOURS, DE LA BIODIVERSIT\u00c9 M\u00c9DITERRAN\u00c9ENNE&#8230;,<\/h3>\n<\/li>\n<li>\n<h3>LE BELV\u00c9D\u00c8RE DE LA DURANCE : D\u00c9COUVERTE DU PAYSAGE ET DE LA RICHESSE ORNITHOLOGIQUE,<\/h3>\n<\/li>\n<li>\n<h3>AU FIL DE L\u2019EAU : D\u00c9COUVERTE DU PATRIMOINE HISTORIQUE LI\u00c9 \u00c0 L\u2019USAGE DE L\u2019EAU (FONTAINE, LAVOIR&#8230;), DE LA G\u00c9OLOGIE ET DE LA FAUNE ET DE LA FLORE,<\/h3>\n<\/li>\n<\/ul>\n<h3>CES BALADES ENCOURAGENT LE RESPECT DE L\u2019ENVIRONNEMENT, SENSIBILISENT SUR LA BEAUT\u00c9 ET LA FRAGILIT\u00c9 DE NOTRE PATRIMOINE ET RENFORCENT LE LIEN AVEC LA NATURE ET NOTRE HISTOIRE LOCALE.<\/h3>\n<h3><img decoding=\"async\" class=\"alignnone size-full wp-image-13425\" src=\"https:\/\/www.mairie-volonne.fr\/wp-content\/uploads\/2024\/10\/Financement-Village-Nature.jpeg\" alt=\"\" width=\"2409\" height=\"1700\" srcset=\"https:\/\/www.mairie-volonne.fr\/wp-content\/uploads\/2024\/10\/Financement-Village-Nature-200x141.jpeg 200w, https:\/\/www.mairie-volonne.fr\/wp-content\/uploads\/2024\/10\/Financement-Village-Nature-300x212.jpeg 300w, https:\/\/www.mairie-volonne.fr\/wp-content\/uploads\/2024\/10\/Financement-Village-Nature-400x282.jpeg 400w, https:\/\/www.mairie-volonne.fr\/wp-content\/uploads\/2024\/10\/Financement-Village-Nature-600x423.jpeg 600w, https:\/\/www.mairie-volonne.fr\/wp-content\/uploads\/2024\/10\/Financement-Village-Nature-768x542.jpeg 768w, https:\/\/www.mairie-volonne.fr\/wp-content\/uploads\/2024\/10\/Financement-Village-Nature-800x565.jpeg 800w, https:\/\/www.mairie-volonne.fr\/wp-content\/uploads\/2024\/10\/Financement-Village-Nature-1024x723.jpeg 1024w, https:\/\/www.mairie-volonne.fr\/wp-content\/uploads\/2024\/10\/Financement-Village-Nature-1200x847.jpeg 1200w, https:\/\/www.mairie-volonne.fr\/wp-content\/uploads\/2024\/10\/Financement-Village-Nature-1320x932.jpeg 1320w, https:\/\/www.mairie-volonne.fr\/wp-content\/uploads\/2024\/10\/Financement-Village-Nature-1536x1084.jpeg 1536w, https:\/\/www.mairie-volonne.fr\/wp-content\/uploads\/2024\/10\/Financement-Village-Nature.jpeg 2409w\" sizes=\"(max-width: 2409px) 100vw, 2409px\" \/><\/h3>\n<p>&nbsp;<\/p>\n<h3>PHASE TRAVAUX :<\/h3>\n<h3>Les travaux des 4 \u00e9co balades vont d\u00e9marrer d\u2019ici peu.<\/h3>\n<h3>Ces projets sont cofinanc\u00e9s par :<\/h3>\n<ul>\n<li>\n<h3><strong>L\u2019Union Europ\u00e9enne<\/strong>\u00a0\u00e0 hauteur de 277 040\u20ac<\/h3>\n<\/li>\n<li>\n<h3><strong>La R\u00e9gion<\/strong>\u00a0avec une contribution de 90 000\u20ac<\/h3>\n<\/li>\n<li>\n<h3><strong>Le D\u00e9partement<\/strong>\u00a0avec un soutien de 45 000\u20ac<\/h3>\n<\/li>\n<\/ul>\n<h3>Nous vous tiendrons inform\u00e9s de l\u2019avancement des travaux et esp\u00e9rons que ces \u00e9co balades seront une belle addition \u00e0 notre communaut\u00e9.<\/h3>\n<h3><strong><img decoding=\"async\" class=\"wp-image-13427 aligncenter\" style=\"font-size: 16px;\" src=\"https:\/\/www.mairie-volonne.fr\/wp-content\/uploads\/2024\/10\/1200px-Logo_Alpes_Hte_Provence.svg.png\" alt=\"\" width=\"381\" height=\"141\" srcset=\"https:\/\/www.mairie-volonne.fr\/wp-content\/uploads\/2024\/10\/1200px-Logo_Alpes_Hte_Provence.svg-200x74.png 200w, https:\/\/www.mairie-volonne.fr\/wp-content\/uploads\/2024\/10\/1200px-Logo_Alpes_Hte_Provence.svg-300x111.png 300w, https:\/\/www.mairie-volonne.fr\/wp-content\/uploads\/2024\/10\/1200px-Logo_Alpes_Hte_Provence.svg-400x148.png 400w, https:\/\/www.mairie-volonne.fr\/wp-content\/uploads\/2024\/10\/1200px-Logo_Alpes_Hte_Provence.svg-600x222.png 600w, https:\/\/www.mairie-volonne.fr\/wp-content\/uploads\/2024\/10\/1200px-Logo_Alpes_Hte_Provence.svg-768x284.png 768w, https:\/\/www.mairie-volonne.fr\/wp-content\/uploads\/2024\/10\/1200px-Logo_Alpes_Hte_Provence.svg-800x296.png 800w, https:\/\/www.mairie-volonne.fr\/wp-content\/uploads\/2024\/10\/1200px-Logo_Alpes_Hte_Provence.svg-1024x379.png 1024w, https:\/\/www.mairie-volonne.fr\/wp-content\/uploads\/2024\/10\/1200px-Logo_Alpes_Hte_Provence.svg.png 1200w\" sizes=\"(max-width: 381px) 100vw, 381px\" \/><\/strong><\/h3>\n<h3><img decoding=\"async\" class=\"alignnone size-full wp-image-13426\" src=\"https:\/\/www.mairie-volonne.fr\/wp-content\/uploads\/2024\/10\/logo-EUROPE-1-Horizontal-Quadri-CMJN.jpg\" alt=\"\" width=\"2486\" height=\"887\" srcset=\"https:\/\/www.mairie-volonne.fr\/wp-content\/uploads\/2024\/10\/logo-EUROPE-1-Horizontal-Quadri-CMJN-200x71.jpg 200w, https:\/\/www.mairie-volonne.fr\/wp-content\/uploads\/2024\/10\/logo-EUROPE-1-Horizontal-Quadri-CMJN-300x107.jpg 300w, https:\/\/www.mairie-volonne.fr\/wp-content\/uploads\/2024\/10\/logo-EUROPE-1-Horizontal-Quadri-CMJN-400x143.jpg 400w, https:\/\/www.mairie-volonne.fr\/wp-content\/uploads\/2024\/10\/logo-EUROPE-1-Horizontal-Quadri-CMJN-600x214.jpg 600w, https:\/\/www.mairie-volonne.fr\/wp-content\/uploads\/2024\/10\/logo-EUROPE-1-Horizontal-Quadri-CMJN-768x274.jpg 768w, https:\/\/www.mairie-volonne.fr\/wp-content\/uploads\/2024\/10\/logo-EUROPE-1-Horizontal-Quadri-CMJN-800x285.jpg 800w, https:\/\/www.mairie-volonne.fr\/wp-content\/uploads\/2024\/10\/logo-EUROPE-1-Horizontal-Quadri-CMJN-1024x365.jpg 1024w, https:\/\/www.mairie-volonne.fr\/wp-content\/uploads\/2024\/10\/logo-EUROPE-1-Horizontal-Quadri-CMJN-1200x428.jpg 1200w, https:\/\/www.mairie-volonne.fr\/wp-content\/uploads\/2024\/10\/logo-EUROPE-1-Horizontal-Quadri-CMJN-1320x471.jpg 1320w, https:\/\/www.mairie-volonne.fr\/wp-content\/uploads\/2024\/10\/logo-EUROPE-1-Horizontal-Quadri-CMJN-1536x548.jpg 1536w, https:\/\/www.mairie-volonne.fr\/wp-content\/uploads\/2024\/10\/logo-EUROPE-1-Horizontal-Quadri-CMJN.jpg 2486w\" sizes=\"(max-width: 2486px) 100vw, 2486px\" \/><\/h3>\n","protected":false},"excerpt":{"rendered":"<p>PHASE \u00c9TUDE : UNE \u00c9TUDE D\u2019AM\u00c9NAGEMENT DE 4 \u00c9CO BALADES DE D\u00c9COUVERTE DU PATRIMOINE HISTORIQUE ET NATUREL A \u00c9T\u00c9 MEN\u00c9E PAR LE BUREAU D\u2019\u00c9TUDE ECOXYGENE EN COLLABORATION AVEC L\u2019ASSOCIATION LA VIEILLE PIERRE , PAA ET LE D\u00c9PARTEMENT DU 04. BALADE PATRIMONIALE AU C\u0152UR DE VILLAGE : D\u00c9COUVERTE DES GYPSERIES DU CH\u00c2TEAU DE VOLONNE, LES RUES [&#8230;]<\/p>\n","protected":false},"author":9,"featured_media":0,"parent":0,"menu_order":0,"comment_status":"closed","ping_status":"closed","template":"100-width.php","meta":{"_EventAllDay":false,"_EventTimezone":"","_EventStartDate":"","_EventEndDate":"","_EventStartDateUTC":"","_EventEndDateUTC":"","_EventShowMap":false,"_EventShowMapLink":false,"_EventURL":"","_EventCost":"","_EventCostDescription":"","_EventCurrencySymbol":"","_EventCurrencyCode":"","_EventCurrencyPosition":"","_EventDateTimeSeparator":"","_EventTimeRangeSeparator":"","_EventOrganizerID":[],"_EventVenueID":[],"_OrganizerEmail":"","_OrganizerPhone":"","_OrganizerWebsite":"","_VenueAddress":"","_VenueCity":"","_VenueCountry":"","_VenueProvince":"","_VenueState":"","_VenueZip":"","_VenuePhone":"","_VenueURL":"","_VenueStateProvince":"","_VenueLat":"","_VenueLng":"","_VenueShowMap":false,"_VenueShowMapLink":false,"footnotes":""},"class_list":["post-13268","page","type-page","status-publish","hentry"],"jetpack_shortlink":"https:\/\/wp.me\/P6fN6B-3s0","jetpack_sharing_enabled":true,"_links":{"self":[{"href":"https:\/\/www.mairie-volonne.fr\/index.php\/wp-json\/wp\/v2\/pages\/13268","targetHints":{"allow":["GET"]}}],"collection":[{"href":"https:\/\/www.mairie-volonne.fr\/index.php\/wp-json\/wp\/v2\/pages"}],"about":[{"href":"https:\/\/www.mairie-volonne.fr\/index.php\/wp-json\/wp\/v2\/types\/page"}],"author":[{"embeddable":true,"href":"https:\/\/www.mairie-volonne.fr\/index.php\/wp-json\/wp\/v2\/users\/9"}],"replies":[{"embeddable":true,"href":"https:\/\/www.mairie-volonne.fr\/index.php\/wp-json\/wp\/v2\/comments?post=13268"}],"version-history":[{"count":5,"href":"https:\/\/www.mairie-volonne.fr\/index.php\/wp-json\/wp\/v2\/pages\/13268\/revisions"}],"predecessor-version":[{"id":14080,"href":"https:\/\/www.mairie-volonne.fr\/index.php\/wp-json\/wp\/v2\/pages\/13268\/revisions\/14080"}],"wp:attachment":[{"href":"https:\/\/www.mairie-volonne.fr\/index.php\/wp-json\/wp\/v2\/media?parent=13268"}],"curies":[{"name":"wp","href":"https:\/\/api.w.org\/{rel}","templated":true}]}}