{"id":13267,"date":"2024-07-11T15:02:09","date_gmt":"2024-07-11T13:02:09","guid":{"rendered":"https:\/\/www.mairie-volonne.fr\/?page_id=13267"},"modified":"2024-07-12T12:07:54","modified_gmt":"2024-07-12T10:07:54","slug":"espace-co-working","status":"publish","type":"page","link":"https:\/\/www.mairie-volonne.fr\/index.php\/espace-co-working\/","title":{"rendered":"Espace Co-Working"},"content":{"rendered":"<p><img decoding=\"async\" class=\"wp-image-13335 aligncenter\" src=\"https:\/\/www.mairie-volonne.fr\/wp-content\/uploads\/2024\/07\/kermesse-1-1-e1720778722899.png\" alt=\"\" width=\"628\" height=\"350\" srcset=\"https:\/\/www.mairie-volonne.fr\/wp-content\/uploads\/2024\/07\/kermesse-1-1-e1720778722899-200x111.png 200w, https:\/\/www.mairie-volonne.fr\/wp-content\/uploads\/2024\/07\/kermesse-1-1-e1720778722899-300x167.png 300w, https:\/\/www.mairie-volonne.fr\/wp-content\/uploads\/2024\/07\/kermesse-1-1-e1720778722899-400x223.png 400w, https:\/\/www.mairie-volonne.fr\/wp-content\/uploads\/2024\/07\/kermesse-1-1-e1720778722899-600x334.png 600w, https:\/\/www.mairie-volonne.fr\/wp-content\/uploads\/2024\/07\/kermesse-1-1-e1720778722899-768x428.png 768w, https:\/\/www.mairie-volonne.fr\/wp-content\/uploads\/2024\/07\/kermesse-1-1-e1720778722899-800x445.png 800w, https:\/\/www.mairie-volonne.fr\/wp-content\/uploads\/2024\/07\/kermesse-1-1-e1720778722899-1024x570.png 1024w, https:\/\/www.mairie-volonne.fr\/wp-content\/uploads\/2024\/07\/kermesse-1-1-e1720778722899-1200x668.png 1200w, https:\/\/www.mairie-volonne.fr\/wp-content\/uploads\/2024\/07\/kermesse-1-1-e1720778722899-1320x735.png 1320w, https:\/\/www.mairie-volonne.fr\/wp-content\/uploads\/2024\/07\/kermesse-1-1-e1720778722899-1536x855.png 1536w, https:\/\/www.mairie-volonne.fr\/wp-content\/uploads\/2024\/07\/kermesse-1-1-e1720778722899.png 1586w\" sizes=\"(max-width: 628px) 100vw, 628px\" \/><\/p>\n<h3>SITU\u00c9 AU 2\u00c9ME \u00c9TAGE DU CH\u00c2TEAU, L\u2019ESPACE COWORKING EST COMPOS\u00c9 DE 5 BUREAUX POUVANT ACCUEILLIR DES PROFESSIONNELS IND\u00c9PENDANTS.<\/h3>\n<ul>\n<li>\n<h3>LES BUREAUX 1 ET 3 SONT D\u00c9J\u00c0 EN LOCATIONS,<\/h3>\n<\/li>\n<li>\n<h3>LES TRAVAUX DU BUREAU 4 VIENNENT D\u2019\u00caTRE TERMIN\u00c9S,<\/h3>\n<\/li>\n<li>\n<h3>LE BUREAU NUM\u00c9RO 2 DEVRAIT \u00caTRE DISPONIBLE RAPIDEMENT,<\/h3>\n<\/li>\n<li>\n<h3>LE BUREAU 5 EST EN COURS DE R\u00c9NOVATION.<\/h3>\n<\/li>\n<\/ul>\n<h3>EN OFFRANT UN LIEU DE TRAVAIL MODERNE ET FONCTIONNEL L\u2019 ESPACE COWORKING ENCOURAGE LES ENTREPRENEURS LOCAUX A D\u00c9VELOPPER LEURS ACTIVIT\u00c9S ET A CONTRIBUER A L\u2019 \u00c9CONOMIE DE VOLONNE.<\/h3>\n<h3>DE PLUS, EN UTILISANT LE DEUXI\u00c8ME \u00c9TAGE DU CH\u00c2TEAU NOUS PR\u00c9SERVONS ET METTONS EN VALEUR CE MONUMENT HISTORIQUE TOUT EN LUI DONNANT UNE NOUVELLE VIE AU SERVICE DE L\u2019INNOVATION ET DU TRAVAIL.<\/h3>\n<p><img decoding=\"async\" class=\"size-full wp-image-13337 aligncenter\" src=\"https:\/\/www.mairie-volonne.fr\/wp-content\/uploads\/2024\/07\/co-working.jpg\" alt=\"\" width=\"778\" height=\"711\" srcset=\"https:\/\/www.mairie-volonne.fr\/wp-content\/uploads\/2024\/07\/co-working-200x183.jpg 200w, https:\/\/www.mairie-volonne.fr\/wp-content\/uploads\/2024\/07\/co-working-300x274.jpg 300w, https:\/\/www.mairie-volonne.fr\/wp-content\/uploads\/2024\/07\/co-working-400x366.jpg 400w, https:\/\/www.mairie-volonne.fr\/wp-content\/uploads\/2024\/07\/co-working-600x548.jpg 600w, https:\/\/www.mairie-volonne.fr\/wp-content\/uploads\/2024\/07\/co-working-768x702.jpg 768w, https:\/\/www.mairie-volonne.fr\/wp-content\/uploads\/2024\/07\/co-working.jpg 778w\" sizes=\"(max-width: 778px) 100vw, 778px\" \/><\/p>\n","protected":false},"excerpt":{"rendered":"<p>SITU\u00c9 AU 2\u00c9ME \u00c9TAGE DU CH\u00c2TEAU, L\u2019ESPACE COWORKING EST COMPOS\u00c9 DE 5 BUREAUX POUVANT ACCUEILLIR DES PROFESSIONNELS IND\u00c9PENDANTS. LES BUREAUX 1 ET 3 SONT D\u00c9J\u00c0 EN LOCATIONS, LES TRAVAUX DU BUREAU 4 VIENNENT D\u2019\u00caTRE TERMIN\u00c9S, LE BUREAU NUM\u00c9RO 2 DEVRAIT \u00caTRE DISPONIBLE RAPIDEMENT, LE BUREAU 5 EST EN COURS DE R\u00c9NOVATION. EN OFFRANT UN LIEU [&#8230;]<\/p>\n","protected":false},"author":9,"featured_media":0,"parent":0,"menu_order":0,"comment_status":"closed","ping_status":"closed","template":"100-width.php","meta":{"_EventAllDay":false,"_EventTimezone":"","_EventStartDate":"","_EventEndDate":"","_EventStartDateUTC":"","_EventEndDateUTC":"","_EventShowMap":false,"_EventShowMapLink":false,"_EventURL":"","_EventCost":"","_EventCostDescription":"","_EventCurrencySymbol":"","_EventCurrencyCode":"","_EventCurrencyPosition":"","_EventDateTimeSeparator":"","_EventTimeRangeSeparator":"","_EventOrganizerID":[],"_EventVenueID":[],"_OrganizerEmail":"","_OrganizerPhone":"","_OrganizerWebsite":"","_VenueAddress":"","_VenueCity":"","_VenueCountry":"","_VenueProvince":"","_VenueState":"","_VenueZip":"","_VenuePhone":"","_VenueURL":"","_VenueStateProvince":"","_VenueLat":"","_VenueLng":"","_VenueShowMap":false,"_VenueShowMapLink":false,"footnotes":""},"class_list":["post-13267","page","type-page","status-publish","hentry"],"jetpack_shortlink":"https:\/\/wp.me\/P6fN6B-3rZ","jetpack_sharing_enabled":true,"_links":{"self":[{"href":"https:\/\/www.mairie-volonne.fr\/index.php\/wp-json\/wp\/v2\/pages\/13267","targetHints":{"allow":["GET"]}}],"collection":[{"href":"https:\/\/www.mairie-volonne.fr\/index.php\/wp-json\/wp\/v2\/pages"}],"about":[{"href":"https:\/\/www.mairie-volonne.fr\/index.php\/wp-json\/wp\/v2\/types\/page"}],"author":[{"embeddable":true,"href":"https:\/\/www.mairie-volonne.fr\/index.php\/wp-json\/wp\/v2\/users\/9"}],"replies":[{"embeddable":true,"href":"https:\/\/www.mairie-volonne.fr\/index.php\/wp-json\/wp\/v2\/comments?post=13267"}],"version-history":[{"count":3,"href":"https:\/\/www.mairie-volonne.fr\/index.php\/wp-json\/wp\/v2\/pages\/13267\/revisions"}],"predecessor-version":[{"id":13338,"href":"https:\/\/www.mairie-volonne.fr\/index.php\/wp-json\/wp\/v2\/pages\/13267\/revisions\/13338"}],"wp:attachment":[{"href":"https:\/\/www.mairie-volonne.fr\/index.php\/wp-json\/wp\/v2\/media?parent=13267"}],"curies":[{"name":"wp","href":"https:\/\/api.w.org\/{rel}","templated":true}]}}