{"id":13104,"date":"2024-05-02T10:42:14","date_gmt":"2024-05-02T08:42:14","guid":{"rendered":"https:\/\/www.mairie-volonne.fr\/?page_id=13104"},"modified":"2024-05-02T13:27:16","modified_gmt":"2024-05-02T11:27:16","slug":"la-poste","status":"publish","type":"page","link":"https:\/\/www.mairie-volonne.fr\/index.php\/la-poste\/","title":{"rendered":"La Poste"},"content":{"rendered":"<p><img decoding=\"async\" class=\"size-full wp-image-13109 aligncenter\" src=\"https:\/\/www.mairie-volonne.fr\/wp-content\/uploads\/2024\/05\/Poste.png\" alt=\"\" width=\"360\" height=\"360\" srcset=\"https:\/\/www.mairie-volonne.fr\/wp-content\/uploads\/2024\/05\/Poste-66x66.png 66w, https:\/\/www.mairie-volonne.fr\/wp-content\/uploads\/2024\/05\/Poste-150x150.png 150w, https:\/\/www.mairie-volonne.fr\/wp-content\/uploads\/2024\/05\/Poste-200x200.png 200w, https:\/\/www.mairie-volonne.fr\/wp-content\/uploads\/2024\/05\/Poste-300x300.png 300w, https:\/\/www.mairie-volonne.fr\/wp-content\/uploads\/2024\/05\/Poste.png 360w\" sizes=\"(max-width: 360px) 100vw, 360px\" \/><\/p>\n<h3>Le bureau de poste de Volonne, situ\u00e9 au 5 Place Charles de Gaulle, 04290 Volonne, est un \u00e9tablissement essentiel pour les r\u00e9sidents locaux.\u00a0Il offre une vari\u00e9t\u00e9 de services qui vont au-del\u00e0 de l\u2019envoi et de la r\u00e9ception de courrier et de colis.<\/h3>\n<h3>Les horaires d\u2019ouverture du bureau de poste sont les suivants:<\/h3>\n<ul>\n<li>\n<h3>Mardi : 09h00 &#8211; 12h00<\/h3>\n<\/li>\n<li>\n<h3>Mercredi : 09h00-12h00<\/h3>\n<\/li>\n<li>\n<h3>Jeudi : 09h00 &#8211; 12h00<\/h3>\n<\/li>\n<li>\n<h3>Vendredi : 09h00 &#8211; 12h00<\/h3>\n<\/li>\n<li>\n<h3>Samedi : 09h00 &#8211; 12h00<\/h3>\n<\/li>\n<\/ul>\n<h3>Il est \u00e0 noter que le bureau est ferm\u00e9 le lundi et le dimanche.<\/h3>\n<h3>En plus des services de courrier et de colis, le bureau de poste de Volonne propose \u00e9galement des services bancaires de La Banque Postale.\u00a0Les r\u00e9sidents peuvent effectuer des op\u00e9rations courantes bancaires et m\u00eame ouvrir un compte avec Ma French Bank.<\/h3>\n<h3>De plus, le bureau de poste de Volonne propose des services de La Poste Mobile, y compris la souscription de forfaits avec ou sans engagement, la souscription de Box Internet, et l\u2019achat de t\u00e9l\u00e9phones et d\u2019accessoires.<\/h3>\n<h3>En somme, le bureau de poste de Volonne est un lieu central pour les r\u00e9sidents de Volonne, offrant une gamme de services essentiels pour r\u00e9pondre \u00e0 leurs besoins quotidiens. Il contribue \u00e0 tisser des liens essentiels au sein de la communaut\u00e9 et \u00e0 faciliter les \u00e9changes.<\/h3>\n<h3><\/h3>\n<p>&nbsp;<\/p>\n","protected":false},"excerpt":{"rendered":"<p>Le bureau de poste de Volonne, situ\u00e9 au 5 Place Charles de Gaulle, 04290 Volonne, est un \u00e9tablissement essentiel pour les r\u00e9sidents locaux.\u00a0Il offre une vari\u00e9t\u00e9 de services qui vont au-del\u00e0 de l\u2019envoi et de la r\u00e9ception de courrier et de colis. Les horaires d\u2019ouverture du bureau de poste sont les suivants: Mardi : 09h00 [&#8230;]<\/p>\n","protected":false},"author":9,"featured_media":0,"parent":0,"menu_order":0,"comment_status":"closed","ping_status":"closed","template":"100-width.php","meta":{"_EventAllDay":false,"_EventTimezone":"","_EventStartDate":"","_EventEndDate":"","_EventStartDateUTC":"","_EventEndDateUTC":"","_EventShowMap":false,"_EventShowMapLink":false,"_EventURL":"","_EventCost":"","_EventCostDescription":"","_EventCurrencySymbol":"","_EventCurrencyCode":"","_EventCurrencyPosition":"","_EventDateTimeSeparator":"","_EventTimeRangeSeparator":"","_EventOrganizerID":[],"_EventVenueID":[],"_OrganizerEmail":"","_OrganizerPhone":"","_OrganizerWebsite":"","_VenueAddress":"","_VenueCity":"","_VenueCountry":"","_VenueProvince":"","_VenueState":"","_VenueZip":"","_VenuePhone":"","_VenueURL":"","_VenueStateProvince":"","_VenueLat":"","_VenueLng":"","_VenueShowMap":false,"_VenueShowMapLink":false,"jetpack_post_was_ever_published":false,"footnotes":""},"class_list":["post-13104","page","type-page","status-publish","hentry"],"jetpack_shortlink":"https:\/\/wp.me\/P6fN6B-3pm","jetpack_sharing_enabled":true,"_links":{"self":[{"href":"https:\/\/www.mairie-volonne.fr\/index.php\/wp-json\/wp\/v2\/pages\/13104","targetHints":{"allow":["GET"]}}],"collection":[{"href":"https:\/\/www.mairie-volonne.fr\/index.php\/wp-json\/wp\/v2\/pages"}],"about":[{"href":"https:\/\/www.mairie-volonne.fr\/index.php\/wp-json\/wp\/v2\/types\/page"}],"author":[{"embeddable":true,"href":"https:\/\/www.mairie-volonne.fr\/index.php\/wp-json\/wp\/v2\/users\/9"}],"replies":[{"embeddable":true,"href":"https:\/\/www.mairie-volonne.fr\/index.php\/wp-json\/wp\/v2\/comments?post=13104"}],"version-history":[{"count":5,"href":"https:\/\/www.mairie-volonne.fr\/index.php\/wp-json\/wp\/v2\/pages\/13104\/revisions"}],"predecessor-version":[{"id":13113,"href":"https:\/\/www.mairie-volonne.fr\/index.php\/wp-json\/wp\/v2\/pages\/13104\/revisions\/13113"}],"wp:attachment":[{"href":"https:\/\/www.mairie-volonne.fr\/index.php\/wp-json\/wp\/v2\/media?parent=13104"}],"curies":[{"name":"wp","href":"https:\/\/api.w.org\/{rel}","templated":true}]}}