{"id":13091,"date":"2024-05-02T09:17:05","date_gmt":"2024-05-02T07:17:05","guid":{"rendered":"https:\/\/www.mairie-volonne.fr\/?page_id=13091"},"modified":"2025-04-28T12:16:48","modified_gmt":"2025-04-28T10:16:48","slug":"transports","status":"publish","type":"page","link":"https:\/\/www.mairie-volonne.fr\/index.php\/transports\/","title":{"rendered":"Transports"},"content":{"rendered":"<p><img decoding=\"async\" class=\" wp-image-13100 aligncenter\" src=\"https:\/\/www.mairie-volonne.fr\/wp-content\/uploads\/2024\/05\/Transports-1-e1714635673390-1024x476.png\" alt=\"\" width=\"568\" height=\"264\" srcset=\"https:\/\/www.mairie-volonne.fr\/wp-content\/uploads\/2024\/05\/Transports-1-e1714635673390-200x93.png 200w, https:\/\/www.mairie-volonne.fr\/wp-content\/uploads\/2024\/05\/Transports-1-e1714635673390-300x139.png 300w, https:\/\/www.mairie-volonne.fr\/wp-content\/uploads\/2024\/05\/Transports-1-e1714635673390-400x186.png 400w, https:\/\/www.mairie-volonne.fr\/wp-content\/uploads\/2024\/05\/Transports-1-e1714635673390-600x279.png 600w, https:\/\/www.mairie-volonne.fr\/wp-content\/uploads\/2024\/05\/Transports-1-e1714635673390-768x357.png 768w, https:\/\/www.mairie-volonne.fr\/wp-content\/uploads\/2024\/05\/Transports-1-e1714635673390-800x372.png 800w, https:\/\/www.mairie-volonne.fr\/wp-content\/uploads\/2024\/05\/Transports-1-e1714635673390-1024x476.png 1024w, https:\/\/www.mairie-volonne.fr\/wp-content\/uploads\/2024\/05\/Transports-1-e1714635673390-1200x558.png 1200w, https:\/\/www.mairie-volonne.fr\/wp-content\/uploads\/2024\/05\/Transports-1-e1714635673390-1320x613.png 1320w, https:\/\/www.mairie-volonne.fr\/wp-content\/uploads\/2024\/05\/Transports-1-e1714635673390-1536x714.png 1536w, https:\/\/www.mairie-volonne.fr\/wp-content\/uploads\/2024\/05\/Transports-1-e1714635673390.png 1586w\" sizes=\"(max-width: 568px) 100vw, 568px\" \/><\/p>\n<h2 style=\"text-align: center;\">Les Transports \u00e0 Volonne<\/h2>\n<h3>La commune de Volonne offre plusieurs modes de transport pour\u00a0 ses r\u00e9sidents et visiteurs :<\/h3>\n<ul style=\"list-style-type: disc;\">\n<li>\n<h3><strong>Le bus<\/strong> : Il existe plusieurs lignes de bus desservant la commune de Volonne.<\/h3>\n<h4 style=\"text-align: left;\"><em>Arr\u00eat de bus RN 85<\/em><\/h4>\n<h3><span style=\"color: #008000;\"><a style=\"color: #008000;\" href=\"https:\/\/www.mairie-volonne.fr\/wp-content\/uploads\/2025\/04\/Ligne400_DIGNE-SISTERON-VEYNES_15dec24_23122024.pdf\">Ligne400_DIGNE-SISTERON-VEYNES_15dec24_23122024<\/a><\/span><\/h3>\n<h3><span style=\"color: #008000;\"><a style=\"color: #008000;\" href=\"https:\/\/www.mairie-volonne.fr\/wp-content\/uploads\/2025\/04\/ZOULER_Ligne69_MARSEILLE_BRIANCON_VIA_MANOSQUE_SISTERON_GAP_2025_07012025.pdf\">ZOULER_Ligne69_MARSEILLE_BRIANCON_VIA_MANOSQUE_SISTERON_GAP_2025_07012025<\/a><\/span><\/h3>\n<h4><em>Arr\u00eat Femuy<\/em><\/h4>\n<h3><span style=\"color: #008000;\"><a style=\"color: #008000;\" href=\"https:\/\/www.mairie-volonne.fr\/wp-content\/uploads\/2025\/04\/FH-S1-DESSERTE-DIGNE-1.pdf\">FH-S1-DESSERTE-DIGNE-1<\/a><\/span><\/h3>\n<\/li>\n<li>\n<h4><strong>Le covoiturage<\/strong> : une aire de covoiturage est accessible \u00e0 l&rsquo;espace Mathieu Perona,<\/h4>\n<h4><span style=\"font-size: 16px;\">En mai 2023, Provence Alpes Agglom\u00e9ration a lanc\u00e9 une plateforme de covoiturage permettant de mettre en relation les conducteurs et passagers des 46 communes du territoire pour favoriser une mobilit\u00e9 partag\u00e9e \u00e0 l\u2019\u00e9chelle locale !<\/span><\/h4>\n<div class=\"post-content\">\n<h4>Adapt\u00e9 au caract\u00e8re rural et montagnard du territoire o\u00f9 la voiture reste souvent le mode de d\u00e9placement le plus pratique, ce service gratuit offre une nouvelle solution de mobilit\u00e9 dans les zones peu ou pas desservies par les transports en commun.<br \/>\nConnectez vous sur <span style=\"color: #55a176;\"><strong><a style=\"color: #55a176;\" href=\"https:\/\/covoiturage.provencealpesagglo.fr\/\" target=\"_blank\" rel=\"noopener\">covoiturage.provencealpesagglo.fr<\/a>\u00a0<\/strong><\/span>ou sur l<strong>\u2019<span style=\"color: #55a176;\"><a style=\"color: #55a176;\" href=\"https:\/\/play.google.com\/store\/apps\/details?id=fr.covivo.android.lorraine&amp;hl=fr&amp;gl=US\" target=\"_blank\" rel=\"noopener\">application Rezo Mobicoop<\/a><\/span><\/strong><\/h4>\n<\/div>\n<div id=\"posts-container\" class=\"fusion-blog-archive fusion-blog-layout-grid-wrapper fusion-clearfix\">\n<div class=\"fusion-posts-container fusion-blog-layout-grid fusion-blog-layout-grid-3 isotope fusion-no-meta-info fusion-blog-pagination fusion-blog-rollover \" data-pages=\"1\">\n<article id=\"post-18751\" class=\"fusion-post-grid post fusion-clearfix post-18751 type-post status-publish format-standard has-post-thumbnail hentry category-actualites category-covoiturage category-habiter-se-deplacer\">\n<div class=\"fusion-post-wrapper\">\n<h4 class=\"fusion-flexslider flexslider fusion-flexslider-loading fusion-post-slideshow\"><\/h4>\n<\/div>\n<\/article>\n<\/div>\n<\/div>\n<\/li>\n<\/ul>\n<p>&nbsp;<\/p>\n","protected":false},"excerpt":{"rendered":"<p>Les Transports \u00e0 Volonne La commune de Volonne offre plusieurs modes de transport pour\u00a0 ses r\u00e9sidents et visiteurs : Le bus : Il existe plusieurs lignes de bus desservant la commune de Volonne. Arr\u00eat de bus RN 85 Ligne400_DIGNE-SISTERON-VEYNES_15dec24_23122024 ZOULER_Ligne69_MARSEILLE_BRIANCON_VIA_MANOSQUE_SISTERON_GAP_2025_07012025 Arr\u00eat Femuy FH-S1-DESSERTE-DIGNE-1 Le covoiturage : une aire de covoiturage est accessible \u00e0 l&rsquo;espace Mathieu [&#8230;]<\/p>\n","protected":false},"author":9,"featured_media":0,"parent":0,"menu_order":0,"comment_status":"closed","ping_status":"closed","template":"100-width.php","meta":{"_EventAllDay":false,"_EventTimezone":"","_EventStartDate":"","_EventEndDate":"","_EventStartDateUTC":"","_EventEndDateUTC":"","_EventShowMap":false,"_EventShowMapLink":false,"_EventURL":"","_EventCost":"","_EventCostDescription":"","_EventCurrencySymbol":"","_EventCurrencyCode":"","_EventCurrencyPosition":"","_EventDateTimeSeparator":"","_EventTimeRangeSeparator":"","_EventOrganizerID":[],"_EventVenueID":[],"_OrganizerEmail":"","_OrganizerPhone":"","_OrganizerWebsite":"","_VenueAddress":"","_VenueCity":"","_VenueCountry":"","_VenueProvince":"","_VenueState":"","_VenueZip":"","_VenuePhone":"","_VenueURL":"","_VenueStateProvince":"","_VenueLat":"","_VenueLng":"","_VenueShowMap":false,"_VenueShowMapLink":false,"jetpack_post_was_ever_published":false,"footnotes":""},"class_list":["post-13091","page","type-page","status-publish","hentry"],"jetpack_shortlink":"https:\/\/wp.me\/P6fN6B-3p9","jetpack_sharing_enabled":true,"_links":{"self":[{"href":"https:\/\/www.mairie-volonne.fr\/index.php\/wp-json\/wp\/v2\/pages\/13091","targetHints":{"allow":["GET"]}}],"collection":[{"href":"https:\/\/www.mairie-volonne.fr\/index.php\/wp-json\/wp\/v2\/pages"}],"about":[{"href":"https:\/\/www.mairie-volonne.fr\/index.php\/wp-json\/wp\/v2\/types\/page"}],"author":[{"embeddable":true,"href":"https:\/\/www.mairie-volonne.fr\/index.php\/wp-json\/wp\/v2\/users\/9"}],"replies":[{"embeddable":true,"href":"https:\/\/www.mairie-volonne.fr\/index.php\/wp-json\/wp\/v2\/comments?post=13091"}],"version-history":[{"count":7,"href":"https:\/\/www.mairie-volonne.fr\/index.php\/wp-json\/wp\/v2\/pages\/13091\/revisions"}],"predecessor-version":[{"id":13900,"href":"https:\/\/www.mairie-volonne.fr\/index.php\/wp-json\/wp\/v2\/pages\/13091\/revisions\/13900"}],"wp:attachment":[{"href":"https:\/\/www.mairie-volonne.fr\/index.php\/wp-json\/wp\/v2\/media?parent=13091"}],"curies":[{"name":"wp","href":"https:\/\/api.w.org\/{rel}","templated":true}]}}