{"id":1233,"date":"2015-09-01T08:01:39","date_gmt":"2015-09-01T08:01:39","guid":{"rendered":"http:\/\/www.mairie-volonne.fr\/?page_id=1233"},"modified":"2022-01-28T18:08:49","modified_gmt":"2022-01-28T17:08:49","slug":"demarches-administratives","status":"publish","type":"page","link":"https:\/\/www.mairie-volonne.fr\/index.php\/demarches-administratives\/","title":{"rendered":"D\u00e9marches administratives"},"content":{"rendered":"<p><strong>Information pratique<\/strong> pour vos d\u00e9marches administratives:<strong> ATTENTION aux arnaques<\/strong>.\u00a0Ne tombez pas dans le panneau des sites payants !<\/p>\n<p>Certaines plateformes en ligne frauduleuses se proposent de r\u00e9aliser ces d\u00e9marches\u2026 des sites malhonn\u00eates proposent de se charger<\/p>\n<p>de votre d\u00e9marche administrative en \u00e9change de frais d\u2019assistance en ligne.<\/p>\n<p><strong>Bon \u00e0 savoir: demander un titre s\u00e9curis\u00e9 sur le site de l\u2019ANTS est 100 % gratuit!<\/strong><\/p>\n<p><span style=\"color: #ff6600;\"><strong>T\u00e9l\u00e9chargez ci-dessous notre guide 2022 des proc\u00e9dures ANTS<\/strong><\/span> qui a \u00e9t\u00e9 \u00e9labor\u00e9 afin de faire profiter<\/p>\n<p>\u00e0 tous les internautes de nos meilleures astuces et conseils.<\/p>\n<h3><strong><span style=\"color: #008000;\"><a style=\"color: #008000;\" href=\"https:\/\/www.ruedesplaques.com\/ants-pxl-31_107_108.html\" target=\"_blank\" rel=\"noopener\">https:\/\/www.ruedesplaques.com\/ants-pxl-31_107_108.html<\/a><\/span><\/strong><\/h3>\n<h3>\u00a0 *\u00a0\u00a0 Pour demander une carte d&rsquo;identit\u00e9 ou un passeport : <strong><span style=\"color: #008000;\"><a style=\"color: #008000;\" href=\"https:\/\/passeport.ants.gouv.fr\/\" target=\"_blank\" rel=\"noopener\">https:\/\/passeport.ants.gouv.fr\/<\/a><\/span><\/strong><\/h3>\n<h3>\u00a0 *\u00a0\u00a0 Pour un permis de conduire: <strong><span style=\"color: #008000;\"><a style=\"color: #008000;\" href=\"https:\/\/permisdeconduire.ants.gouv.fr\/\" target=\"_blank\" rel=\"noopener\">https:\/\/permisdeconduire.ants.gouv.fr\/<\/a><\/span><\/strong><\/h3>\n<h3>\u00a0 *\u00a0\u00a0 Pour une carte grise aller sur: <strong><span style=\"color: #008000;\"><a style=\"color: #008000;\" href=\"https:\/\/immatriculation.ants.gouv.fr\/\" target=\"_blank\" rel=\"noopener\">https:\/\/immatriculation.ants.gouv.fr\/<\/a><\/span><\/strong>.<\/h3>\n<p>Les personnes pr\u00e9f\u00e9rant b\u00e9n\u00e9ficier d\u2019un accompagnement peuvent consulter cette notice d&rsquo;information:<\/p>\n<h3><strong><span style=\"color: #008000;\"><a style=\"color: #008000;\" href=\"https:\/\/www.idgarages.com\/fr-fr\/conseils-automobilistes\/guide-carte-grise-2022\" target=\"_blank\" rel=\"noopener\">https:\/\/www.idgarages.com\/fr-fr\/conseils-automobilistes\/guide-carte-grise-2022<\/a><\/span><\/strong><\/h3>\n<p>et aussi s\u2019adresser \u00e0 un garagiste habilit\u00e9 dans leur d\u00e9partement<\/p>\n<h3><strong><span style=\"color: #008000;\"><a style=\"color: #008000;\" href=\"https:\/\/www.idgarages.com\/fr-fr\/departement\" target=\"_blank\" rel=\"noopener\">https:\/\/www.idgarages.com\/fr-fr\/departement<\/a><\/span><\/strong><\/h3>\n<p><strong><span style=\"color: #ff6600;\">*\/\/_\\\\*<\/span><\/strong><\/p>\n<ul>\n<li><strong>\u00c9tat civil<\/strong><\/li>\n<\/ul>\n<h3><strong><span style=\"color: #008000;\"><a style=\"color: #008000;\" href=\"http:\/\/www.mairie-volonne.fr\/index.php\/naissances\/\">Naissances<\/a><\/span><\/strong><br \/>\n<strong><span style=\"color: #008000;\"><a style=\"color: #008000;\" href=\"http:\/\/www.mairie-volonne.fr\/index.php\/mariage-et-pacs\/\">Mariage et PACS<\/a><\/span><\/strong><br \/>\n<span style=\"color: #339966;\"><a style=\"color: #339966;\" href=\"http:\/\/www.mairie-volonne.fr\/index.php\/deces\/\"><strong><span style=\"color: #008000;\">D\u00e9c\u00e8s<\/span><\/strong><\/a><\/span><\/h3>\n<ul>\n<li><strong>Documents d&rsquo;identit\u00e9<\/strong><\/li>\n<\/ul>\n<h3><strong><span style=\"color: #008000;\"><a style=\"color: #008000;\" href=\"http:\/\/www.mairie-volonne.fr\/index.php\/passeport-biometrique\/\">Passeport biom\u00e9trique<\/a><\/span><\/strong><br \/>\n<span style=\"color: #339966;\"><a style=\"color: #339966;\" href=\"http:\/\/www.mairie-volonne.fr\/index.php\/certificat-de-nationalite-francaise\/\"><strong><span style=\"color: #008000;\">Certificat de Nationalit\u00e9 Fran\u00e7aise<\/span><\/strong><\/a><\/span><strong><span style=\"color: #008000;\">(CNI)<\/span><\/strong><\/h3>\n<ul>\n<li><strong>Permis de conduire<\/strong><\/li>\n<\/ul>\n<p>Pour toute information ou d\u00e9marche concernant votre permis de conduire, merci de vous rendre sur le site de<\/p>\n<h3><strong>l&rsquo;<span style=\"color: #339966;\"><a style=\"color: #339966;\" href=\"https:\/\/permisdeconduire.ants.gouv.fr\/\" target=\"_blank\" rel=\"noopener noreferrer\">Agence Nationale des Titres S\u00e9curis\u00e9s section Permis de conduire<\/a><\/span>.<\/strong><\/h3>\n<ul>\n<li><strong>Carte grise<\/strong><\/li>\n<\/ul>\n<p>Pour toute information ou d\u00e9marche concernant votre carte grise, merci de vous rendre sur le site de<\/p>\n<h3><strong>l&rsquo;<span style=\"color: #339966;\"><a style=\"color: #339966;\" href=\"https:\/\/immatriculation.ants.gouv.fr\/\" target=\"_blank\" rel=\"noopener noreferrer\">Agence Nationale des Titres S\u00e9curis\u00e9s section\u00a0Immatriculation<\/a><\/span>.<br \/>\n<\/strong><\/h3>\n<ul>\n<li><strong>Recensement<\/strong><\/li>\n<\/ul>\n<p>Dans le cadre du parcours de citoyennet\u00e9, toute personne (gar\u00e7on ou fille) de nationalit\u00e9 fran\u00e7aise doit se faire recenser,<\/p>\n<p>entre la date de ses 16 ans et la fin du mois suivant, en mairie en apportant les documents suivants :<\/p>\n<ul>\n<li>une pi\u00e8ce d\u2019identit\u00e9,<\/li>\n<li>le livret de famille.<\/li>\n<\/ul>\n<p>La mairie d\u00e9livre alors une attestation de recensement, indispensable pour se pr\u00e9senter aux concours et examens publics<\/p>\n<p>comme le permis de conduire ou le baccalaur\u00e9at avant l\u2019\u00e2ge de 25 ans.<\/p>\n<ul>\n<li><strong>Casier judiciaire<\/strong><\/li>\n<\/ul>\n<p>La demande d&rsquo;extrait de casier judiciaire peut se faire en ligne sur le<\/p>\n<h3><a href=\"https:\/\/www.gouvernement.fr\/le-ministere-de-la-justice\" target=\"_blank\" rel=\"noopener\"><strong><span style=\"color: #008000;\">site du Minist\u00e8re de la Justice.<\/span><\/strong><\/a><\/h3>\n<ul>\n<li><strong>\u00c9lections<\/strong><\/li>\n<\/ul>\n<p><strong>Inscriptions sur la liste \u00e9lectorale.<\/strong><\/p>\n<p>Les inscriptions ont lieu toute l\u2019ann\u00e9e <strong>et 6 semaines maximum avant une \u00e9lection.<\/strong><\/p>\n<p>L\u2019inscription est automatique pour les jeunes de 18 ans.<\/p>\n<p><span style=\"color: #ff6600;\"><strong>Nouveaut\u00e9 :<\/strong><\/span> <strong>Procuration pour voter,<\/strong> aller sur\u00a0&gt;<\/p>\n<h3><strong><span style=\"color: #008000;\"><a style=\"color: #008000;\" href=\"https:\/\/www.maprocuration.gouv.fr\" target=\"_blank\" rel=\"noopener\">maprocuration.gouv.fr<\/a><\/span><\/strong>\u00a0 et\/ou commissariat ou gendarmerie.<\/h3>\n<ul>\n<li><strong>Urbanisme<\/strong><\/li>\n<\/ul>\n<p>Les diff\u00e9rentes d\u00e9marches a effectuer et autorisation d&rsquo;urbanisme sont d\u00e9taill\u00e9es sur le<\/p>\n<h3><strong><span style=\"color: #008000;\"><a style=\"color: #008000;\" href=\"http:\/\/vosdroits.service-public.fr\/particuliers\/N557.xhtml\" target=\"_blank\" rel=\"noopener noreferrer\">site du Service Public, section Urbanisme<\/a>.<\/span><\/strong><\/h3>\n<ul>\n<li><strong>Autre<\/strong><\/li>\n<\/ul>\n<p>Pour toute autre d\u00e9marche, se rendre sur le<\/p>\n<h3><span style=\"color: #339966;\"><a style=\"color: #339966;\" href=\"http:\/\/www.service-public.fr\/\" target=\"_blank\" rel=\"noopener noreferrer\">s<span style=\"color: #008000;\"><strong>ite du Service Public<\/strong><\/span><\/a><\/span><span style=\"color: #008000;\"><strong>.<\/strong><\/span><\/h3>\n<p><strong><span style=\"color: #ff6600;\">*\/\/_\\\\*<\/span><\/strong><\/p>\n","protected":false},"excerpt":{"rendered":"<p>Information pratique pour vos d\u00e9marches administratives: ATTENTION aux arnaques.\u00a0Ne tombez pas dans le panneau des sites payants ! Certaines plateformes en ligne frauduleuses se proposent de r\u00e9aliser ces d\u00e9marches\u2026 des sites malhonn\u00eates proposent de se charger de votre d\u00e9marche administrative en \u00e9change de frais d\u2019assistance en ligne. Bon \u00e0 savoir: demander un titre s\u00e9curis\u00e9 sur [&#8230;]<\/p>\n","protected":false},"author":7,"featured_media":0,"parent":0,"menu_order":0,"comment_status":"closed","ping_status":"closed","template":"","meta":{"_EventAllDay":false,"_EventTimezone":"","_EventStartDate":"","_EventEndDate":"","_EventStartDateUTC":"","_EventEndDateUTC":"","_EventShowMap":false,"_EventShowMapLink":false,"_EventURL":"","_EventCost":"","_EventCostDescription":"","_EventCurrencySymbol":"","_EventCurrencyCode":"","_EventCurrencyPosition":"","_EventDateTimeSeparator":"","_EventTimeRangeSeparator":"","_EventOrganizerID":[],"_EventVenueID":[],"_OrganizerEmail":"","_OrganizerPhone":"","_OrganizerWebsite":"","_VenueAddress":"","_VenueCity":"","_VenueCountry":"","_VenueProvince":"","_VenueState":"","_VenueZip":"","_VenuePhone":"","_VenueURL":"","_VenueStateProvince":"","_VenueLat":"","_VenueLng":"","_VenueShowMap":false,"_VenueShowMapLink":false,"footnotes":""},"class_list":["post-1233","page","type-page","status-publish","hentry"],"jetpack_shortlink":"https:\/\/wp.me\/P6fN6B-jT","jetpack_sharing_enabled":true,"_links":{"self":[{"href":"https:\/\/www.mairie-volonne.fr\/index.php\/wp-json\/wp\/v2\/pages\/1233","targetHints":{"allow":["GET"]}}],"collection":[{"href":"https:\/\/www.mairie-volonne.fr\/index.php\/wp-json\/wp\/v2\/pages"}],"about":[{"href":"https:\/\/www.mairie-volonne.fr\/index.php\/wp-json\/wp\/v2\/types\/page"}],"author":[{"embeddable":true,"href":"https:\/\/www.mairie-volonne.fr\/index.php\/wp-json\/wp\/v2\/users\/7"}],"replies":[{"embeddable":true,"href":"https:\/\/www.mairie-volonne.fr\/index.php\/wp-json\/wp\/v2\/comments?post=1233"}],"version-history":[{"count":20,"href":"https:\/\/www.mairie-volonne.fr\/index.php\/wp-json\/wp\/v2\/pages\/1233\/revisions"}],"predecessor-version":[{"id":11881,"href":"https:\/\/www.mairie-volonne.fr\/index.php\/wp-json\/wp\/v2\/pages\/1233\/revisions\/11881"}],"wp:attachment":[{"href":"https:\/\/www.mairie-volonne.fr\/index.php\/wp-json\/wp\/v2\/media?parent=1233"}],"curies":[{"name":"wp","href":"https:\/\/api.w.org\/{rel}","templated":true}]}}