{"id":1227,"date":"2015-09-01T07:01:18","date_gmt":"2015-09-01T07:01:18","guid":{"rendered":"http:\/\/www.mairie-volonne.fr\/?page_id=1227"},"modified":"2021-01-28T22:14:27","modified_gmt":"2021-01-28T21:14:27","slug":"certificat-de-nationalite-francaise","status":"publish","type":"page","link":"https:\/\/www.mairie-volonne.fr\/index.php\/certificat-de-nationalite-francaise\/","title":{"rendered":"Carte Nationale d&rsquo;identit\u00e9 (CNI)"},"content":{"rendered":"<p>Pour faire une demande de carte nationale d&rsquo;identit\u00e9, il faut:<\/p>\n<p><strong>\u00a0 *\u00a0<\/strong>\u00a0 Faire une pr\u00e9-demande sur le site\u00a0 <strong><span style=\"color: #008000;\"><a style=\"color: #008000;\" href=\"https:\/\/ants.gouv.fr\/\" target=\"_blank\" rel=\"noopener noreferrer\">ants.gouv.fr<\/a><\/span><\/strong>\u00a0 (Agence Nationale des Titres S\u00e9curis\u00e9s) pour ceux qui le peuvent.<\/p>\n<p><strong>\u00a0 *\u00a0<\/strong>\u00a0 Prendre un RDV dans une grande mairie (Il y en a 11 dans le 04) mais on n&rsquo;est pas tenu \u00e0 son d\u00e9partement de r\u00e9sidence.<\/p>\n<p>( Exemple<em>: Les RDV sont en principe plus rapides \u00e0 Laragne-Mont\u00e9glin<\/em>)<\/p>\n<p><strong>\u00a0* <\/strong>\u00a0 Se rendre ensuite au RDV avec les documents en connaissant l&rsquo;\u00e9tat-civil des parents &#8211; soit les dates et lieux de naissance!<\/p>\n<p><strong>\u00a0*\u00a0<\/strong> \u00a0Pour monter votre dossier, clic ci-dessous:<\/p>\n<ul>\n<li>\n<h3><strong><span style=\"color: #008000;\"><a style=\"color: #008000;\" href=\"https:\/\/www.mairie-volonne.fr\/wp-content\/uploads\/2021\/01\/Mairies-04-pour-demande-CNI.pdf\" target=\"_blank\" rel=\"noopener noreferrer\">Liste des mairies du 04 pouvant d\u00e9livrer la CNI.<\/a><\/span><\/strong><\/h3>\n<\/li>\n<li>\n<h3><strong><span style=\"color: #008000;\"><a style=\"color: #008000;\" href=\"https:\/\/www.mairie-volonne.fr\/wp-content\/uploads\/2021\/01\/modalites-CNI-depuis-03_2017.pdf\" target=\"_blank\" rel=\"noopener noreferrer\">Consulter le flyers des modalit\u00e9s CNI.<\/a><\/span><\/strong><\/h3>\n<\/li>\n<li>\n<h3><span style=\"color: #008000;\"><strong><a style=\"color: #008000;\" href=\"https:\/\/www.mairie-volonne.fr\/wp-content\/uploads\/2021\/01\/premiere-demande-CNI.pdf\" target=\"_blank\" rel=\"noopener noreferrer\">Si votre demande est une 1\u00e8re demande de CNI.<\/a><\/strong><\/span><\/h3>\n<\/li>\n<li>\n<h3><strong><span style=\"color: #008000;\"><a style=\"color: #008000;\" href=\"https:\/\/www.mairie-volonne.fr\/wp-content\/uploads\/2021\/01\/Renouvellement-CNI.pdf\">Si votre demande est un Renouvellement de CNI.<\/a><\/span><\/strong><\/h3>\n<\/li>\n<li>\n<h3><span style=\"color: #008000;\"><span style=\"color: #008000;\"><u>Validit\u00e9<\/u><\/span><a style=\"color: #008000;\" href=\"https:\/\/www.mairie-volonne.fr\/wp-content\/uploads\/2021\/01\/CNI-validite-15ans.pdf\" target=\"_blank\" rel=\"noopener noreferrer\">\u00a0 de la CNI et prolongation de validit\u00e9<\/a>.<\/span><\/h3>\n<\/li>\n<\/ul>\n<p><strong>\u00a0 \u00a0 <\/strong><strong><span style=\"color: #ff6600;\">\u00a0 \/:\/:\/..\\:\\:\\<\/span><\/strong><\/p>\n","protected":false},"excerpt":{"rendered":"<p>Pour faire une demande de carte nationale d&rsquo;identit\u00e9, il faut: \u00a0 *\u00a0\u00a0 Faire une pr\u00e9-demande sur le site\u00a0 ants.gouv.fr\u00a0 (Agence Nationale des Titres S\u00e9curis\u00e9s) pour ceux qui le peuvent. \u00a0 *\u00a0\u00a0 Prendre un RDV dans une grande mairie (Il y en a 11 dans le 04) mais on n&rsquo;est pas tenu \u00e0 son d\u00e9partement de [&#8230;]<\/p>\n","protected":false},"author":7,"featured_media":0,"parent":0,"menu_order":0,"comment_status":"closed","ping_status":"closed","template":"","meta":{"_EventAllDay":false,"_EventTimezone":"","_EventStartDate":"","_EventEndDate":"","_EventStartDateUTC":"","_EventEndDateUTC":"","_EventShowMap":false,"_EventShowMapLink":false,"_EventURL":"","_EventCost":"","_EventCostDescription":"","_EventCurrencySymbol":"","_EventCurrencyCode":"","_EventCurrencyPosition":"","_EventDateTimeSeparator":"","_EventTimeRangeSeparator":"","_EventOrganizerID":[],"_EventVenueID":[],"_OrganizerEmail":"","_OrganizerPhone":"","_OrganizerWebsite":"","_VenueAddress":"","_VenueCity":"","_VenueCountry":"","_VenueProvince":"","_VenueState":"","_VenueZip":"","_VenuePhone":"","_VenueURL":"","_VenueStateProvince":"","_VenueLat":"","_VenueLng":"","_VenueShowMap":false,"_VenueShowMapLink":false,"footnotes":""},"class_list":["post-1227","page","type-page","status-publish","hentry"],"jetpack_shortlink":"https:\/\/wp.me\/P6fN6B-jN","jetpack_sharing_enabled":true,"_links":{"self":[{"href":"https:\/\/www.mairie-volonne.fr\/index.php\/wp-json\/wp\/v2\/pages\/1227","targetHints":{"allow":["GET"]}}],"collection":[{"href":"https:\/\/www.mairie-volonne.fr\/index.php\/wp-json\/wp\/v2\/pages"}],"about":[{"href":"https:\/\/www.mairie-volonne.fr\/index.php\/wp-json\/wp\/v2\/types\/page"}],"author":[{"embeddable":true,"href":"https:\/\/www.mairie-volonne.fr\/index.php\/wp-json\/wp\/v2\/users\/7"}],"replies":[{"embeddable":true,"href":"https:\/\/www.mairie-volonne.fr\/index.php\/wp-json\/wp\/v2\/comments?post=1227"}],"version-history":[{"count":11,"href":"https:\/\/www.mairie-volonne.fr\/index.php\/wp-json\/wp\/v2\/pages\/1227\/revisions"}],"predecessor-version":[{"id":10848,"href":"https:\/\/www.mairie-volonne.fr\/index.php\/wp-json\/wp\/v2\/pages\/1227\/revisions\/10848"}],"wp:attachment":[{"href":"https:\/\/www.mairie-volonne.fr\/index.php\/wp-json\/wp\/v2\/media?parent=1227"}],"curies":[{"name":"wp","href":"https:\/\/api.w.org\/{rel}","templated":true}]}}