{"id":1225,"date":"2015-09-01T06:55:42","date_gmt":"2015-09-01T06:55:42","guid":{"rendered":"http:\/\/www.mairie-volonne.fr\/?page_id=1225"},"modified":"2016-10-22T18:45:03","modified_gmt":"2016-10-22T16:45:03","slug":"deces","status":"publish","type":"page","link":"https:\/\/www.mairie-volonne.fr\/index.php\/deces\/","title":{"rendered":"D\u00e9c\u00e8s"},"content":{"rendered":"<h3>D\u00e9claration de D\u00e9c\u00e8s<\/h3>\n<p>La d\u00e9claration doit \u00eatre effectu\u00e9e dans les 48h \u00e0 la mairie du lieu de d\u00e9c\u00e8s par un parent ou une connaissance du d\u00e9funt capable d\u2019attester de l\u2019\u00e9tat civil de ce dernier, en se munissant des documents suivants :<\/p>\n<ul>\n<li>le livret de famille du d\u00e9funt,<\/li>\n<li>un certificat de d\u00e9c\u00e8s \u00e9tabli par le m\u00e9decin.<\/li>\n<\/ul>\n<h3>Demande de copie d\u2019Acte de D\u00e9c\u00e8s<\/h3>\n<div class=\"retrait\">\n<p>Pour les <strong>d\u00e9c\u00e8s en France<\/strong>, la demande peut \u00eatre adress\u00e9e par courrier sur papier libre \u00e0 la mairie de la commune du d\u00e9c\u00e8s en pr\u00e9cisant :<\/p>\n<ul>\n<li>les noms et pr\u00e9noms du d\u00e9funt,<\/li>\n<li>la date du d\u00e9c\u00e8s<\/li>\n<li>pour les demandes par courrier, une enveloppe timbr\u00e9e (affranchissement simple) et libell\u00e9e \u00e0 l&rsquo;adresse du destinataire.<\/li>\n<\/ul>\n<p>Pour les <strong>d\u00e9c\u00e8s \u00e0 l&rsquo;\u00e9tranger<\/strong>, la demande se fait aupr\u00e8s du Minist\u00e8re des Affaires\u00a0\u00c9trang\u00e8res.<\/p>\n<p><strong>Adresse<\/strong><br \/>\nMinist\u00e8re des Affaires\u00a0\u00c9trang\u00e8res<br \/>\nService central de l\u2019\u00c9tat Civil<br \/>\n44941 NANTES Cedex<\/p>\n<\/div>\n<div class=\"retrait\"><\/div>\n<h3>Cimeti\u00e8re<\/h3>\n<p>Les demandes de concession ou columbarium sur 15 ou 30 ans et les demandes de renouvellement doivent se faire en mairie.<\/p>\n","protected":false},"excerpt":{"rendered":"<p>D\u00e9claration de D\u00e9c\u00e8s La d\u00e9claration doit \u00eatre effectu\u00e9e dans les 48h \u00e0 la mairie du lieu de d\u00e9c\u00e8s par un parent ou une connaissance du d\u00e9funt capable d\u2019attester de l\u2019\u00e9tat civil de ce dernier, en se munissant des documents suivants : le livret de famille du d\u00e9funt, un certificat de d\u00e9c\u00e8s \u00e9tabli par le m\u00e9decin. [&#8230;]<\/p>\n","protected":false},"author":7,"featured_media":0,"parent":0,"menu_order":0,"comment_status":"closed","ping_status":"closed","template":"","meta":{"_EventAllDay":false,"_EventTimezone":"","_EventStartDate":"","_EventEndDate":"","_EventStartDateUTC":"","_EventEndDateUTC":"","_EventShowMap":false,"_EventShowMapLink":false,"_EventURL":"","_EventCost":"","_EventCostDescription":"","_EventCurrencySymbol":"","_EventCurrencyCode":"","_EventCurrencyPosition":"","_EventDateTimeSeparator":"","_EventTimeRangeSeparator":"","_EventOrganizerID":[],"_EventVenueID":[],"_OrganizerEmail":"","_OrganizerPhone":"","_OrganizerWebsite":"","_VenueAddress":"","_VenueCity":"","_VenueCountry":"","_VenueProvince":"","_VenueState":"","_VenueZip":"","_VenuePhone":"","_VenueURL":"","_VenueStateProvince":"","_VenueLat":"","_VenueLng":"","_VenueShowMap":false,"_VenueShowMapLink":false,"jetpack_post_was_ever_published":false,"footnotes":""},"class_list":["post-1225","page","type-page","status-publish","hentry"],"jetpack_shortlink":"https:\/\/wp.me\/P6fN6B-jL","jetpack_sharing_enabled":true,"_links":{"self":[{"href":"https:\/\/www.mairie-volonne.fr\/index.php\/wp-json\/wp\/v2\/pages\/1225","targetHints":{"allow":["GET"]}}],"collection":[{"href":"https:\/\/www.mairie-volonne.fr\/index.php\/wp-json\/wp\/v2\/pages"}],"about":[{"href":"https:\/\/www.mairie-volonne.fr\/index.php\/wp-json\/wp\/v2\/types\/page"}],"author":[{"embeddable":true,"href":"https:\/\/www.mairie-volonne.fr\/index.php\/wp-json\/wp\/v2\/users\/7"}],"replies":[{"embeddable":true,"href":"https:\/\/www.mairie-volonne.fr\/index.php\/wp-json\/wp\/v2\/comments?post=1225"}],"version-history":[{"count":1,"href":"https:\/\/www.mairie-volonne.fr\/index.php\/wp-json\/wp\/v2\/pages\/1225\/revisions"}],"predecessor-version":[{"id":1226,"href":"https:\/\/www.mairie-volonne.fr\/index.php\/wp-json\/wp\/v2\/pages\/1225\/revisions\/1226"}],"wp:attachment":[{"href":"https:\/\/www.mairie-volonne.fr\/index.php\/wp-json\/wp\/v2\/media?parent=1225"}],"curies":[{"name":"wp","href":"https:\/\/api.w.org\/{rel}","templated":true}]}}