{"id":1223,"date":"2015-09-01T06:49:49","date_gmt":"2015-09-01T06:49:49","guid":{"rendered":"http:\/\/www.mairie-volonne.fr\/?page_id=1223"},"modified":"2021-05-05T17:58:29","modified_gmt":"2021-05-05T15:58:29","slug":"mariage-et-pacs","status":"publish","type":"page","link":"https:\/\/www.mairie-volonne.fr\/index.php\/mariage-et-pacs\/","title":{"rendered":"Mariage et PACS"},"content":{"rendered":"<h3>C\u00e9l\u00e9bration de Mariage<\/h3>\n<p>Le dossier doit se retirer \u00e0 la mairie du lieu de domicile.<\/p>\n<h3><strong>Demande de copie d\u2019Acte de Mariage<\/strong><\/h3>\n<p>L\u2019acte de mariage \u00e9tablit la preuve juridique de la situation maritale civile des \u00e9poux.<\/p>\n<p>Pour les <strong>mariages en France<\/strong>, la demande doit se faire \u00e0 la mairie du lieu du mariage en fournissant les documents suivants :<\/p>\n<ul>\n<li>un courrier indiquant les noms et pr\u00e9noms des \u00e9poux, ceux de leurs parents et la date du mariage,<\/li>\n<li>une photocopie de la pi\u00e8ce nationale d\u2019identit\u00e9,<\/li>\n<li>une enveloppe timbr\u00e9e.<\/li>\n<\/ul>\n<p>Pour les <strong>mariages \u00e0 l\u2019\u00e9tranger<\/strong>, la demande doit se faire par courrier aupr\u00e8s du Minist\u00e8re des Affaires\u00a0\u00c9trang\u00e8res en joignant les documents suivants :<\/p>\n<ul>\n<li>un courrier indiquant les noms et pr\u00e9noms des \u00e9poux, ceux de leurs parents, le lieu et la date du mariage,<\/li>\n<li>une enveloppe timbr\u00e9e.<\/li>\n<\/ul>\n<p><strong>Adresse<\/strong><br \/>\nMinist\u00e8re des Affaires\u00a0\u00c9trang\u00e8res<br \/>\nService central de l\u2019\u00c9tat Civil<br \/>\n44941 NANTES Cedex<\/p>\n<h3><strong>Pacte Civil de Solidarit\u00e9 (PACS)<\/strong><\/h3>\n<p>Contacter la mairie de son domicile.<\/p>\n<p><strong>( Certificat de vie maritale :\u00a0 <\/strong>La Mairie ne d\u00e9livre plus ce document car il n&rsquo;a aucune valeur juridique. Il est remplac\u00e9 par une attestation sur l&rsquo;honneur sign\u00e9e des 2 concubins.)<\/p>\n","protected":false},"excerpt":{"rendered":"<p>C\u00e9l\u00e9bration de Mariage Le dossier doit se retirer \u00e0 la mairie du lieu de domicile. Demande de copie d\u2019Acte de Mariage L\u2019acte de mariage \u00e9tablit la preuve juridique de la situation maritale civile des \u00e9poux. Pour les mariages en France, la demande doit se faire \u00e0 la mairie du lieu du mariage en fournissant les [&#8230;]<\/p>\n","protected":false},"author":7,"featured_media":0,"parent":0,"menu_order":0,"comment_status":"closed","ping_status":"closed","template":"","meta":{"_EventAllDay":false,"_EventTimezone":"","_EventStartDate":"","_EventEndDate":"","_EventStartDateUTC":"","_EventEndDateUTC":"","_EventShowMap":false,"_EventShowMapLink":false,"_EventURL":"","_EventCost":"","_EventCostDescription":"","_EventCurrencySymbol":"","_EventCurrencyCode":"","_EventCurrencyPosition":"","_EventDateTimeSeparator":"","_EventTimeRangeSeparator":"","_EventOrganizerID":[],"_EventVenueID":[],"_OrganizerEmail":"","_OrganizerPhone":"","_OrganizerWebsite":"","_VenueAddress":"","_VenueCity":"","_VenueCountry":"","_VenueProvince":"","_VenueState":"","_VenueZip":"","_VenuePhone":"","_VenueURL":"","_VenueStateProvince":"","_VenueLat":"","_VenueLng":"","_VenueShowMap":false,"_VenueShowMapLink":false,"footnotes":""},"class_list":["post-1223","page","type-page","status-publish","hentry"],"jetpack_shortlink":"https:\/\/wp.me\/P6fN6B-jJ","jetpack_sharing_enabled":true,"_links":{"self":[{"href":"https:\/\/www.mairie-volonne.fr\/index.php\/wp-json\/wp\/v2\/pages\/1223","targetHints":{"allow":["GET"]}}],"collection":[{"href":"https:\/\/www.mairie-volonne.fr\/index.php\/wp-json\/wp\/v2\/pages"}],"about":[{"href":"https:\/\/www.mairie-volonne.fr\/index.php\/wp-json\/wp\/v2\/types\/page"}],"author":[{"embeddable":true,"href":"https:\/\/www.mairie-volonne.fr\/index.php\/wp-json\/wp\/v2\/users\/7"}],"replies":[{"embeddable":true,"href":"https:\/\/www.mairie-volonne.fr\/index.php\/wp-json\/wp\/v2\/comments?post=1223"}],"version-history":[{"count":7,"href":"https:\/\/www.mairie-volonne.fr\/index.php\/wp-json\/wp\/v2\/pages\/1223\/revisions"}],"predecessor-version":[{"id":11217,"href":"https:\/\/www.mairie-volonne.fr\/index.php\/wp-json\/wp\/v2\/pages\/1223\/revisions\/11217"}],"wp:attachment":[{"href":"https:\/\/www.mairie-volonne.fr\/index.php\/wp-json\/wp\/v2\/media?parent=1223"}],"curies":[{"name":"wp","href":"https:\/\/api.w.org\/{rel}","templated":true}]}}