{"id":1221,"date":"2015-09-01T06:44:02","date_gmt":"2015-09-01T06:44:02","guid":{"rendered":"http:\/\/www.mairie-volonne.fr\/?page_id=1221"},"modified":"2016-10-22T18:45:03","modified_gmt":"2016-10-22T16:45:03","slug":"naissances","status":"publish","type":"page","link":"https:\/\/www.mairie-volonne.fr\/index.php\/naissances\/","title":{"rendered":"Naissances"},"content":{"rendered":"<h3>D\u00e9claration de Naissance<\/h3>\n<p>La d\u00e9claration doit \u00eatre faite \u00e0 la mairie du lieu de l\u2019accouchement dans les 3 jours qui suivent la naissance avec les documents suivants :<\/p>\n<ul>\n<li>un livret de famille ou une carte nationale d\u2019identit\u00e9,<\/li>\n<li>la d\u00e9claration de naissance du centre hospitalier.<\/li>\n<\/ul>\n<h3>Acte de Reconnaissance<\/h3>\n<p>Cette d\u00e9marche permet d\u2019\u00e9tablir la filiation envers un enfant. Elle s\u2019adresse aux parents ou futurs parents non mari\u00e9s et doit se faire en mairie avant, apr\u00e8s ou pendant la d\u00e9claration de naissance en apportant les documents suivants :<\/p>\n<ul>\n<li>un copie de la carte nationale d\u2019identit\u00e9 des d\u00e9clarants,<\/li>\n<li>l\u2019acte de naissance de l\u2019enfant pour une reconnaissance apr\u00e8s la naissance.<\/li>\n<\/ul>\n<h3>\u00a0Demande de copie d\u2019Acte de Naissance<\/h3>\n<p>L\u2019acte de naissance est un document juridique officiel qui atteste de la naissance d\u2019un individu.<br \/>\nPour une <strong>naissance en France<\/strong>, la demande doit se faire \u00e0 la mairie du lieu de naissance en joignant les documents suivants :<\/p>\n<ul>\n<li>un courrier indiquant les noms\u00a0(noms de jeune fille pour les femmes mari\u00e9es), pr\u00e9noms et date de naissance de la personne concern\u00e9e par l\u2019acte, ainsi que les noms et pr\u00e9noms de ses parents,<\/li>\n<li>les photocopies des pi\u00e8ces d\u2019identit\u00e9s,<\/li>\n<li>une enveloppe timbr\u00e9e.<\/li>\n<\/ul>\n<p>Pour une <strong>naissance en Outre-Mer<\/strong>, la demande doit se faire par courrier aupr\u00e8s du Minist\u00e8re de l\u2019Outre-Mer en joignant les documents suivants :<\/p>\n<ul>\n<li>un courrier indiquant les noms (noms de jeune fille pour les femmes mari\u00e9es), pr\u00e9noms et date de naissance de la personne concern\u00e9e par l\u2019acte, ainsi que les noms et pr\u00e9noms de ses parents,<\/li>\n<li>les photocopies des pi\u00e8ces d\u2019identit\u00e9s,<\/li>\n<li>une enveloppe timbr\u00e9e.<\/li>\n<\/ul>\n<p><strong>Adresse<\/strong><br \/>\nMinist\u00e8re de l\u2019Outre-Mer<br \/>\nService \u00c9tat Civil<br \/>\n27, rue Oudinot<br \/>\n75007 PARIS<\/p>\n<p>Pour une <strong>naissance \u00e0 l\u2019\u00e9tranger<\/strong>, la demande doit se faire par courrier aupr\u00e8s du Minist\u00e8re des Affaires Etrang\u00e8res en joignant les documents suivants :<\/p>\n<ul>\n<li>un courrier indiquant les noms (noms de jeune fille pour les femmes mari\u00e9es), pr\u00e9noms et date de naissance de la personne concern\u00e9e par l\u2019acte, ainsi que les noms et pr\u00e9noms de ses parents,<\/li>\n<li>les photocopies des pi\u00e8ces d\u2019identit\u00e9s,<\/li>\n<li>une enveloppe timbr\u00e9e.<\/li>\n<\/ul>\n<p><strong>Adresse<\/strong><br \/>\nMinist\u00e8re des Affaires Etrang\u00e8res<br \/>\nService central de l\u2019\u00c9tat Civil<br \/>\n44941 NANTES Cedex<\/p>\n","protected":false},"excerpt":{"rendered":"<p>D\u00e9claration de Naissance La d\u00e9claration doit \u00eatre faite \u00e0 la mairie du lieu de l\u2019accouchement dans les 3 jours qui suivent la naissance avec les documents suivants : un livret de famille ou une carte nationale d\u2019identit\u00e9, la d\u00e9claration de naissance du centre hospitalier. Acte de Reconnaissance Cette d\u00e9marche permet d\u2019\u00e9tablir la filiation envers un [&#8230;]<\/p>\n","protected":false},"author":7,"featured_media":0,"parent":0,"menu_order":0,"comment_status":"closed","ping_status":"closed","template":"","meta":{"_EventAllDay":false,"_EventTimezone":"","_EventStartDate":"","_EventEndDate":"","_EventStartDateUTC":"","_EventEndDateUTC":"","_EventShowMap":false,"_EventShowMapLink":false,"_EventURL":"","_EventCost":"","_EventCostDescription":"","_EventCurrencySymbol":"","_EventCurrencyCode":"","_EventCurrencyPosition":"","_EventDateTimeSeparator":"","_EventTimeRangeSeparator":"","_EventOrganizerID":[],"_EventVenueID":[],"_OrganizerEmail":"","_OrganizerPhone":"","_OrganizerWebsite":"","_VenueAddress":"","_VenueCity":"","_VenueCountry":"","_VenueProvince":"","_VenueState":"","_VenueZip":"","_VenuePhone":"","_VenueURL":"","_VenueStateProvince":"","_VenueLat":"","_VenueLng":"","_VenueShowMap":false,"_VenueShowMapLink":false,"footnotes":""},"class_list":["post-1221","page","type-page","status-publish","hentry"],"jetpack_shortlink":"https:\/\/wp.me\/P6fN6B-jH","jetpack_sharing_enabled":true,"_links":{"self":[{"href":"https:\/\/www.mairie-volonne.fr\/index.php\/wp-json\/wp\/v2\/pages\/1221","targetHints":{"allow":["GET"]}}],"collection":[{"href":"https:\/\/www.mairie-volonne.fr\/index.php\/wp-json\/wp\/v2\/pages"}],"about":[{"href":"https:\/\/www.mairie-volonne.fr\/index.php\/wp-json\/wp\/v2\/types\/page"}],"author":[{"embeddable":true,"href":"https:\/\/www.mairie-volonne.fr\/index.php\/wp-json\/wp\/v2\/users\/7"}],"replies":[{"embeddable":true,"href":"https:\/\/www.mairie-volonne.fr\/index.php\/wp-json\/wp\/v2\/comments?post=1221"}],"version-history":[{"count":1,"href":"https:\/\/www.mairie-volonne.fr\/index.php\/wp-json\/wp\/v2\/pages\/1221\/revisions"}],"predecessor-version":[{"id":1222,"href":"https:\/\/www.mairie-volonne.fr\/index.php\/wp-json\/wp\/v2\/pages\/1221\/revisions\/1222"}],"wp:attachment":[{"href":"https:\/\/www.mairie-volonne.fr\/index.php\/wp-json\/wp\/v2\/media?parent=1221"}],"curies":[{"name":"wp","href":"https:\/\/api.w.org\/{rel}","templated":true}]}}