{"id":12007,"date":"2022-04-08T20:01:28","date_gmt":"2022-04-08T18:01:28","guid":{"rendered":"https:\/\/www.mairie-volonne.fr\/?page_id=12007"},"modified":"2022-04-11T22:10:02","modified_gmt":"2022-04-11T20:10:02","slug":"leurope-accompagne-volonne","status":"publish","type":"page","link":"https:\/\/www.mairie-volonne.fr\/index.php\/leurope-accompagne-volonne\/","title":{"rendered":"L&rsquo;Europe accompagne Volonne&#8230;"},"content":{"rendered":"<table style=\"border-collapse: collapse; width: 63.0167%; height: 1507px;\">\n<tbody>\n<tr style=\"height: 202px;\">\n<td style=\"width: 50%; height: 202px;\"><img decoding=\"async\" class=\"aligncenter size-full wp-image-12009\" src=\"https:\/\/www.mairie-volonne.fr\/wp-content\/uploads\/2022\/04\/FEADER-com-autorite-coul-e1649438175386.png\" alt=\"\" width=\"488\" height=\"229\" \/><\/td>\n<td style=\"width: 50%; height: 202px;\">\n<p style=\"text-align: center;\"><span style=\"color: #339966;\"><strong>Dans un village comme Volonne, <\/strong><\/span><\/p>\n<p style=\"text-align: center;\"><span style=\"color: #339966;\"><strong>l\u2019Europe c\u2019est du concret\u00a0!<\/strong><\/span><\/p>\n<\/td>\n<\/tr>\n<tr style=\"height: 351px;\">\n<td style=\"width: 50%; height: 351px; text-align: center;\"><em>La Maire de Volonne t\u00e9moigne, <\/em><\/p>\n<p><em><span style=\"color: #339966;\"><strong>dans La Provence,<\/strong> <\/span><\/em><\/p>\n<p><em>des aides de l\u2019Europe <\/em><\/p>\n<p><em>dont sa commune a b\u00e9n\u00e9fici\u00e9.<\/em><\/td>\n<td style=\"width: 50%; height: 351px;\"><img decoding=\"async\" class=\"aligncenter size-full wp-image-12010\" src=\"https:\/\/www.mairie-volonne.fr\/wp-content\/uploads\/2022\/04\/LAPROVENCE-MSP.png\" alt=\"\" width=\"875\" height=\"649\" srcset=\"https:\/\/www.mairie-volonne.fr\/wp-content\/uploads\/2022\/04\/LAPROVENCE-MSP-200x148.png 200w, https:\/\/www.mairie-volonne.fr\/wp-content\/uploads\/2022\/04\/LAPROVENCE-MSP-300x223.png 300w, https:\/\/www.mairie-volonne.fr\/wp-content\/uploads\/2022\/04\/LAPROVENCE-MSP-400x297.png 400w, https:\/\/www.mairie-volonne.fr\/wp-content\/uploads\/2022\/04\/LAPROVENCE-MSP-600x445.png 600w, https:\/\/www.mairie-volonne.fr\/wp-content\/uploads\/2022\/04\/LAPROVENCE-MSP-768x570.png 768w, https:\/\/www.mairie-volonne.fr\/wp-content\/uploads\/2022\/04\/LAPROVENCE-MSP-800x593.png 800w, https:\/\/www.mairie-volonne.fr\/wp-content\/uploads\/2022\/04\/LAPROVENCE-MSP.png 875w\" sizes=\"(max-width: 875px) 100vw, 875px\" \/><\/td>\n<\/tr>\n<tr style=\"height: 359px;\">\n<td style=\"width: 50%; height: 359px;\">\n<p style=\"text-align: center;\"><strong><span style=\"color: #339966;\">L\u2019Europe a financ\u00e9, entre 2014 et 2020, <\/span><\/strong><\/p>\n<p style=\"text-align: center;\"><strong><span style=\"color: #339966;\">de nombreux programmes dans notre village.<\/span><br \/>\n<\/strong><br \/>\nElle aide nos agriculteurs avec<span style=\"color: #339966;\"><strong> la PAC. <\/strong><\/span><\/p>\n<p style=\"text-align: center;\">Elle a apport\u00e9 <span style=\"color: #339966;\"><strong>2 millions d\u2019euros<\/strong><\/span><\/p>\n<p style=\"text-align: center;\"><span style=\"color: #339966;\"><strong> pour moderniser notre agriculture <\/strong><\/span><\/p>\n<p style=\"text-align: center;\"><span style=\"color: #339966;\"><strong>et sauvegarder notre eau.<\/strong><\/span><\/p>\n<\/td>\n<td style=\"width: 50%; height: 359px;\"><span style=\"color: #00ff00;\"><strong><u>TRANCHE 1<\/u><\/strong><strong>:<\/strong><\/span><span style=\"color: #339966;\"><strong>\u00a0 2511 118,03 \u20acH.T.<\/strong><\/span><\/p>\n<ul>\n<li><span style=\"color: #339966;\"><strong>Agence de l\u2019eau : <\/strong><\/span>1 004 447,21 \u20acH.T.<\/li>\n<li><span style=\"color: #339966;\"><strong>FEADER (Europe)<\/strong> <strong>: 1 004 447,21 \u20acH.T.<\/strong><\/span><\/li>\n<li><span style=\"color: #339966;\"><strong>Autofinancement : <\/strong><\/span>502 223,61 \u20acH.T.<\/li>\n<\/ul>\n<p>&nbsp;<\/p>\n<p><span style=\"color: #339966;\"><strong><span style=\"color: #00ff00;\"><span style=\"text-decoration: underline;\">TRANCHE 2 \u00e0 4<\/span>:<\/span>\u00a0 2 339 932,30 \u20acH.T.<\/strong><\/span><\/p>\n<p><span style=\"color: #339966;\">\u2013<strong>R\u00e9gion PACA <\/strong>:<\/span> 112 035,78 \u20acH.T. (5 %)<\/p>\n<p>\u2013<strong><span style=\"color: #339966;\">Agence de l\u2019eau<\/span> <\/strong>: 860 313,90 \u20acH.T. (37 %)<\/p>\n<p><span style=\"color: #339966;\">\u2013<\/span><strong><span style=\"color: #339966;\">FEADER (Europe)<\/span> <\/strong>: 1 096 479,42 \u20acH.T. (47%)<\/p>\n<p>\u2013<span style=\"color: #339966;\"><strong>Autofinancement<\/strong>:<\/span> 229 869,90 \u20acH.T. (11%)<\/td>\n<\/tr>\n<tr style=\"height: 43px;\">\n<td style=\"width: 50%; height: 43px;\" colspan=\"2\">\n<p style=\"text-align: center;\">L\u2019Europe finance plus de <span style=\"color: #339966;\"><strong>150K\u20ac <\/strong><\/span><\/p>\n<p style=\"text-align: center;\">pour les nouveaux services dans l\u2019EcoQuartier de Volonne :<\/p>\n<\/td>\n<\/tr>\n<tr style=\"height: 10px;\">\n<td style=\"width: 50%; height: 10px; text-align: center;\"><span style=\"color: #339966;\"><strong>La Maison de Sant\u00e9 &#8211; FEADER<\/strong>\u00a0: <strong>114 640 \u20ac<\/strong><\/span><\/td>\n<td style=\"width: 50%; height: 10px; text-align: center;\"><strong>\u00a0<span style=\"color: #339966;\">la cantine &#8211; FEADER<\/span><\/strong><span style=\"color: #339966;\">\u00a0\u00a0: <strong>38 946 \u20ac<\/strong><\/span><\/td>\n<\/tr>\n<tr style=\"height: 22px;\">\n<td style=\"width: 50%; height: 22px;\"><img decoding=\"async\" class=\"aligncenter size-full wp-image-12011\" src=\"https:\/\/www.mairie-volonne.fr\/wp-content\/uploads\/2022\/04\/EUROPE-4.jpeg\" alt=\"\" width=\"896\" height=\"672\" srcset=\"https:\/\/www.mairie-volonne.fr\/wp-content\/uploads\/2022\/04\/EUROPE-4-200x150.jpeg 200w, https:\/\/www.mairie-volonne.fr\/wp-content\/uploads\/2022\/04\/EUROPE-4-300x225.jpeg 300w, https:\/\/www.mairie-volonne.fr\/wp-content\/uploads\/2022\/04\/EUROPE-4-400x300.jpeg 400w, https:\/\/www.mairie-volonne.fr\/wp-content\/uploads\/2022\/04\/EUROPE-4-600x450.jpeg 600w, https:\/\/www.mairie-volonne.fr\/wp-content\/uploads\/2022\/04\/EUROPE-4-768x576.jpeg 768w, https:\/\/www.mairie-volonne.fr\/wp-content\/uploads\/2022\/04\/EUROPE-4-800x600.jpeg 800w, https:\/\/www.mairie-volonne.fr\/wp-content\/uploads\/2022\/04\/EUROPE-4.jpeg 896w\" sizes=\"(max-width: 896px) 100vw, 896px\" \/><\/td>\n<td style=\"width: 50%; height: 22px;\"><img decoding=\"async\" class=\"aligncenter size-full wp-image-12012\" src=\"https:\/\/www.mairie-volonne.fr\/wp-content\/uploads\/2022\/04\/EUROPE-2.jpeg\" alt=\"\" width=\"896\" height=\"672\" srcset=\"https:\/\/www.mairie-volonne.fr\/wp-content\/uploads\/2022\/04\/EUROPE-2-200x150.jpeg 200w, https:\/\/www.mairie-volonne.fr\/wp-content\/uploads\/2022\/04\/EUROPE-2-300x225.jpeg 300w, https:\/\/www.mairie-volonne.fr\/wp-content\/uploads\/2022\/04\/EUROPE-2-400x300.jpeg 400w, https:\/\/www.mairie-volonne.fr\/wp-content\/uploads\/2022\/04\/EUROPE-2-600x450.jpeg 600w, https:\/\/www.mairie-volonne.fr\/wp-content\/uploads\/2022\/04\/EUROPE-2-768x576.jpeg 768w, https:\/\/www.mairie-volonne.fr\/wp-content\/uploads\/2022\/04\/EUROPE-2-800x600.jpeg 800w, https:\/\/www.mairie-volonne.fr\/wp-content\/uploads\/2022\/04\/EUROPE-2.jpeg 896w\" sizes=\"(max-width: 896px) 100vw, 896px\" \/><\/td>\n<\/tr>\n<tr>\n<td style=\"width: 50%;\"><img decoding=\"async\" class=\"aligncenter size-full wp-image-12037\" src=\"https:\/\/www.mairie-volonne.fr\/wp-content\/uploads\/2022\/04\/MAISON-DE-SANTE-modifee-420-x-300-mm.jpg\" alt=\"\" width=\"896\" height=\"640\" srcset=\"https:\/\/www.mairie-volonne.fr\/wp-content\/uploads\/2022\/04\/MAISON-DE-SANTE-modifee-420-x-300-mm-200x143.jpg 200w, https:\/\/www.mairie-volonne.fr\/wp-content\/uploads\/2022\/04\/MAISON-DE-SANTE-modifee-420-x-300-mm-300x214.jpg 300w, https:\/\/www.mairie-volonne.fr\/wp-content\/uploads\/2022\/04\/MAISON-DE-SANTE-modifee-420-x-300-mm-400x286.jpg 400w, https:\/\/www.mairie-volonne.fr\/wp-content\/uploads\/2022\/04\/MAISON-DE-SANTE-modifee-420-x-300-mm-600x429.jpg 600w, https:\/\/www.mairie-volonne.fr\/wp-content\/uploads\/2022\/04\/MAISON-DE-SANTE-modifee-420-x-300-mm-768x549.jpg 768w, https:\/\/www.mairie-volonne.fr\/wp-content\/uploads\/2022\/04\/MAISON-DE-SANTE-modifee-420-x-300-mm-800x571.jpg 800w, https:\/\/www.mairie-volonne.fr\/wp-content\/uploads\/2022\/04\/MAISON-DE-SANTE-modifee-420-x-300-mm.jpg 896w\" sizes=\"(max-width: 896px) 100vw, 896px\" \/><\/td>\n<td style=\"width: 50%;\"><img decoding=\"async\" class=\"aligncenter size-full wp-image-12038\" src=\"https:\/\/www.mairie-volonne.fr\/wp-content\/uploads\/2022\/04\/volonne-plaque-cantine-modifee-420-x-300-mm.jpg\" alt=\"\" width=\"896\" height=\"640\" srcset=\"https:\/\/www.mairie-volonne.fr\/wp-content\/uploads\/2022\/04\/volonne-plaque-cantine-modifee-420-x-300-mm-200x143.jpg 200w, https:\/\/www.mairie-volonne.fr\/wp-content\/uploads\/2022\/04\/volonne-plaque-cantine-modifee-420-x-300-mm-300x214.jpg 300w, https:\/\/www.mairie-volonne.fr\/wp-content\/uploads\/2022\/04\/volonne-plaque-cantine-modifee-420-x-300-mm-400x286.jpg 400w, https:\/\/www.mairie-volonne.fr\/wp-content\/uploads\/2022\/04\/volonne-plaque-cantine-modifee-420-x-300-mm-600x429.jpg 600w, https:\/\/www.mairie-volonne.fr\/wp-content\/uploads\/2022\/04\/volonne-plaque-cantine-modifee-420-x-300-mm-768x549.jpg 768w, https:\/\/www.mairie-volonne.fr\/wp-content\/uploads\/2022\/04\/volonne-plaque-cantine-modifee-420-x-300-mm-800x571.jpg 800w, https:\/\/www.mairie-volonne.fr\/wp-content\/uploads\/2022\/04\/volonne-plaque-cantine-modifee-420-x-300-mm.jpg 896w\" sizes=\"(max-width: 896px) 100vw, 896px\" \/><\/td>\n<\/tr>\n<tr style=\"height: 35px;\">\n<td style=\"width: 100%; height: 35px;\" colspan=\"2\">\n<p style=\"text-align: center;\"><strong><span style=\"color: #339966;\">&#8230;<\/span><\/strong><\/p>\n<p style=\"text-align: center;\">L\u2019Europe finance 5 projets, <span style=\"color: #339966;\"><strong>pr\u00e8s de 200k\u20ac,<\/strong><\/span><\/p>\n<p style=\"text-align: center;\">port\u00e9s par des entreprises ou des associations du village,<\/p>\n<p style=\"text-align: center;\">dans le cadre de notre programme LEADER DURANCE PROVENCE<\/p>\n<\/td>\n<\/tr>\n<tr style=\"height: 22px;\">\n<td style=\"width: 100%; height: 22px;\" colspan=\"2\"><img decoding=\"async\" class=\"aligncenter size-full wp-image-12013\" src=\"https:\/\/www.mairie-volonne.fr\/wp-content\/uploads\/2022\/04\/tableau.jpg\" alt=\"\" width=\"893\" height=\"273\" srcset=\"https:\/\/www.mairie-volonne.fr\/wp-content\/uploads\/2022\/04\/tableau-200x61.jpg 200w, https:\/\/www.mairie-volonne.fr\/wp-content\/uploads\/2022\/04\/tableau-300x92.jpg 300w, https:\/\/www.mairie-volonne.fr\/wp-content\/uploads\/2022\/04\/tableau-400x122.jpg 400w, https:\/\/www.mairie-volonne.fr\/wp-content\/uploads\/2022\/04\/tableau-600x183.jpg 600w, https:\/\/www.mairie-volonne.fr\/wp-content\/uploads\/2022\/04\/tableau-768x235.jpg 768w, https:\/\/www.mairie-volonne.fr\/wp-content\/uploads\/2022\/04\/tableau-800x245.jpg 800w, https:\/\/www.mairie-volonne.fr\/wp-content\/uploads\/2022\/04\/tableau.jpg 893w\" sizes=\"(max-width: 893px) 100vw, 893px\" \/><\/td>\n<\/tr>\n<tr style=\"height: 22px;\">\n<td style=\"width: 50%; height: 22px;\"><img decoding=\"async\" class=\"aligncenter size-full wp-image-12014\" src=\"https:\/\/www.mairie-volonne.fr\/wp-content\/uploads\/2022\/04\/signature-convention-leader-MSP-2.jpg\" alt=\"\" width=\"860\" height=\"645\" srcset=\"https:\/\/www.mairie-volonne.fr\/wp-content\/uploads\/2022\/04\/signature-convention-leader-MSP-2-200x150.jpg 200w, https:\/\/www.mairie-volonne.fr\/wp-content\/uploads\/2022\/04\/signature-convention-leader-MSP-2-300x225.jpg 300w, https:\/\/www.mairie-volonne.fr\/wp-content\/uploads\/2022\/04\/signature-convention-leader-MSP-2-400x300.jpg 400w, https:\/\/www.mairie-volonne.fr\/wp-content\/uploads\/2022\/04\/signature-convention-leader-MSP-2-600x450.jpg 600w, https:\/\/www.mairie-volonne.fr\/wp-content\/uploads\/2022\/04\/signature-convention-leader-MSP-2-768x576.jpg 768w, https:\/\/www.mairie-volonne.fr\/wp-content\/uploads\/2022\/04\/signature-convention-leader-MSP-2-800x600.jpg 800w, https:\/\/www.mairie-volonne.fr\/wp-content\/uploads\/2022\/04\/signature-convention-leader-MSP-2.jpg 860w\" sizes=\"(max-width: 860px) 100vw, 860px\" \/><\/td>\n<td style=\"width: 50%; height: 22px; text-align: center;\"><em><span style=\"color: #339966;\"><strong>Inauguration de l\u2019EcoQuartier<\/strong><\/span> de Volonne<\/em><\/p>\n<p><em> et de la Maison de Sant\u00e9, <\/em><\/p>\n<p><em>le 21 juin 2019<\/em><\/td>\n<\/tr>\n<tr style=\"height: 419px;\">\n<td style=\"width: 100%; height: 419px;\" colspan=\"2\">\n<p style=\"text-align: left;\"><span style=\"color: #339966;\"><strong>&#8230;<\/strong><\/span><\/p>\n<p><span style=\"color: #339966;\"><strong>Mais aussi, sur des projets du territoire Durance Provence\u00a0:<\/strong><\/span><\/p>\n<p>&#8211; programme d\u2019am\u00e9lioration de tri des d\u00e9chets,<br \/>\n&#8211; actions pour la biodiversit\u00e9,<\/p>\n<p>L\u2019Europe a rendu possible <span style=\"color: #339966;\"><strong>l\u2019exp\u00e9rimentation des CLASSES DURANCE,<\/strong><\/span> \u00e0 Volonne,<\/p>\n<p>gr\u00e2ce au programme ESPACES VALLEENS \u2013 <span style=\"color: #339966;\"><strong>env. 30k\u20ac<\/strong><\/span><\/p>\n<p>L\u2019Europe finance <span style=\"color: #339966;\"><strong>l\u2019arriv\u00e9e de la fibre<\/strong>,<\/span> avec des <span style=\"color: #339966;\"><strong>fonds FEDER..<\/strong>.<\/span><\/p>\n<p style=\"text-align: justify;\">Ce sont plusieurs millions d\u2019euros qui sont, sur le mandat 2014-2020, orient\u00e9s vers notre village et notre territoire, car nous faisons vivre, sur le terrain, les politiques de l\u2019Europe.<br \/>\nIci, sur nos territoires, nous trouvons des solutions pour les circuits courts, nous \u0153uvrons pour r\u00e9duire nos impacts sur l\u2019environnement, nous trouvons des solutions pour plus de services pour les habitants, pour cr\u00e9er de l\u2019emploi, nous agissons pour plus de parit\u00e9\u2026 toutes ces orientations, l\u2019Europe veut les soutenir et c\u2019est pour cela qu\u2019elle investit dans nos villages.<\/p>\n<\/td>\n<\/tr>\n<tr style=\"height: 22px;\">\n<td style=\"width: 100%; text-align: center; height: 22px;\" colspan=\"2\"><span style=\"color: #339966;\"><strong>&#8230;\\\/*\\&lt;&gt;\/*\\\/&#8230;<\/strong><\/span><\/td>\n<\/tr>\n<\/tbody>\n<\/table>\n<p>&nbsp;<\/p>\n","protected":false},"excerpt":{"rendered":"<p>Dans un village comme Volonne, l\u2019Europe c\u2019est du concret\u00a0! La Maire de Volonne t\u00e9moigne, dans La Provence, des aides de l\u2019Europe dont sa commune a b\u00e9n\u00e9fici\u00e9. L\u2019Europe a financ\u00e9, entre 2014 et 2020, de nombreux programmes dans notre village. Elle aide nos agriculteurs avec la PAC. Elle a apport\u00e9 2 millions d\u2019euros pour moderniser notre [&#8230;]<\/p>\n","protected":false},"author":7,"featured_media":0,"parent":0,"menu_order":0,"comment_status":"closed","ping_status":"closed","template":"","meta":{"_EventAllDay":false,"_EventTimezone":"","_EventStartDate":"","_EventEndDate":"","_EventStartDateUTC":"","_EventEndDateUTC":"","_EventShowMap":false,"_EventShowMapLink":false,"_EventURL":"","_EventCost":"","_EventCostDescription":"","_EventCurrencySymbol":"","_EventCurrencyCode":"","_EventCurrencyPosition":"","_EventDateTimeSeparator":"","_EventTimeRangeSeparator":"","_EventOrganizerID":[],"_EventVenueID":[],"_OrganizerEmail":"","_OrganizerPhone":"","_OrganizerWebsite":"","_VenueAddress":"","_VenueCity":"","_VenueCountry":"","_VenueProvince":"","_VenueState":"","_VenueZip":"","_VenuePhone":"","_VenueURL":"","_VenueStateProvince":"","_VenueLat":"","_VenueLng":"","_VenueShowMap":false,"_VenueShowMapLink":false,"jetpack_post_was_ever_published":false,"footnotes":""},"class_list":["post-12007","page","type-page","status-publish","hentry"],"jetpack_shortlink":"https:\/\/wp.me\/P6fN6B-37F","jetpack_sharing_enabled":true,"_links":{"self":[{"href":"https:\/\/www.mairie-volonne.fr\/index.php\/wp-json\/wp\/v2\/pages\/12007","targetHints":{"allow":["GET"]}}],"collection":[{"href":"https:\/\/www.mairie-volonne.fr\/index.php\/wp-json\/wp\/v2\/pages"}],"about":[{"href":"https:\/\/www.mairie-volonne.fr\/index.php\/wp-json\/wp\/v2\/types\/page"}],"author":[{"embeddable":true,"href":"https:\/\/www.mairie-volonne.fr\/index.php\/wp-json\/wp\/v2\/users\/7"}],"replies":[{"embeddable":true,"href":"https:\/\/www.mairie-volonne.fr\/index.php\/wp-json\/wp\/v2\/comments?post=12007"}],"version-history":[{"count":20,"href":"https:\/\/www.mairie-volonne.fr\/index.php\/wp-json\/wp\/v2\/pages\/12007\/revisions"}],"predecessor-version":[{"id":12039,"href":"https:\/\/www.mairie-volonne.fr\/index.php\/wp-json\/wp\/v2\/pages\/12007\/revisions\/12039"}],"wp:attachment":[{"href":"https:\/\/www.mairie-volonne.fr\/index.php\/wp-json\/wp\/v2\/media?parent=12007"}],"curies":[{"name":"wp","href":"https:\/\/api.w.org\/{rel}","templated":true}]}}