{"id":10695,"date":"2020-12-09T14:55:09","date_gmt":"2020-12-09T13:55:09","guid":{"rendered":"https:\/\/www.mairie-volonne.fr\/?page_id=10695"},"modified":"2020-12-09T21:21:53","modified_gmt":"2020-12-09T20:21:53","slug":"plan-communal-de-sauvegarde-p-c-s-et-document-dinformation-communal-sur-les-risques-majeurs-dicrim","status":"publish","type":"page","link":"https:\/\/www.mairie-volonne.fr\/index.php\/plan-communal-de-sauvegarde-p-c-s-et-document-dinformation-communal-sur-les-risques-majeurs-dicrim\/","title":{"rendered":"P.C.S. et  DICRIM:"},"content":{"rendered":"<p><span style=\"color: #000000;\">Plan Communal de Sauvegarde<strong> (P.C.S.) <\/strong>et Document d\u2019Information Communal sur les Risques Majeurs<strong> (DICRIM):<\/strong><\/span><\/p>\n<p style=\"margin: 0cm 0cm 15.0pt 0cm;\"><span style=\"font-size: 12pt;\"><span style=\"font-family: 'PT Sans'; color: #000000;\">Le Gouvernement a encourag\u00e9 chaque commune \u00e0 \u00e9tablir et mettre \u00e0 jour <strong>ces 2 documents <\/strong>\u00e0\u00a0la suite<\/span><\/span><\/p>\n<p style=\"margin: 0cm 0cm 15.0pt 0cm;\"><span style=\"font-size: 12pt;\"><span style=\"font-family: 'PT Sans'; color: #000000;\">des catastrophes technologiques et climatiques ayant touch\u00e9 notre pays.<\/span><\/span><\/p>\n<p><span style=\"font-size: 12pt;\"><span style=\"font-family: 'PT Sans'; color: #000000;\">Votre\u00a0s\u00e9curit\u00e9 \u00e9tant une priorit\u00e9 de la Municipalit\u00e9, les pr\u00e9c\u00e9dents PCS et DICRIM\u00a0\u00e9tablis ont\u00a0 \u00e9t\u00e9\u00a0 r\u00e9actualis\u00e9s.<\/span><\/span><\/p>\n<p><span style=\"font-size: 12pt;\"><strong><span style=\"font-family: 'PT Sans'; color: #000000;\">Ces\u00a0 guides\u00a0 r\u00e9glementaires\u00a0 vous\u00a0 rappellent\u00a0 les pr\u00e9cautions \u00e0 adopter et les conduites \u00e0 tenir en cas d\u2019\u00e9v\u00e8nement grave.\u00a0<\/span><\/strong><\/span><\/p>\n<h3><strong><span style=\"color: #008000;\"><a style=\"color: #008000;\" href=\"https:\/\/www.mairie-volonne.fr\/wp-content\/uploads\/2020\/12\/Plan-Communal-de-Sauvegarde-de-Volonne.pdf\" target=\"_blank\" rel=\"noopener noreferrer\">Lire ici\u00a0 le PCS de Volonne<\/a><\/span><\/strong><\/h3>\n<h3><strong><span style=\"color: #008000;\"><a style=\"color: #008000;\" href=\"https:\/\/www.mairie-volonne.fr\/wp-content\/uploads\/2020\/12\/DICRIM_Volonne-juin-2020.pdf\" target=\"_blank\" rel=\"noopener noreferrer\">Lire ici le DICRIM de Volonne<\/a><\/span><\/strong><\/h3>\n<p><span style=\"color: #ff6600;\"><strong><u>Lisez-les,<\/u><u> et expliquez-en le contenu \u00e0 vos enfants et \u00e0 vos proches<\/u><\/strong><\/span><\/p>\n<p><img decoding=\"async\" class=\"size-full wp-image-10691 alignleft\" src=\"https:\/\/www.mairie-volonne.fr\/wp-content\/uploads\/2020\/12\/sssssssssssss.jpg\" alt=\"\" width=\"439\" height=\"454\" srcset=\"https:\/\/www.mairie-volonne.fr\/wp-content\/uploads\/2020\/12\/sssssssssssss-200x207.jpg 200w, https:\/\/www.mairie-volonne.fr\/wp-content\/uploads\/2020\/12\/sssssssssssss-290x300.jpg 290w, https:\/\/www.mairie-volonne.fr\/wp-content\/uploads\/2020\/12\/sssssssssssss-400x414.jpg 400w, https:\/\/www.mairie-volonne.fr\/wp-content\/uploads\/2020\/12\/sssssssssssss.jpg 439w\" sizes=\"(max-width: 439px) 100vw, 439px\" \/><img decoding=\"async\" class=\"size-full wp-image-10692 alignleft\" src=\"https:\/\/www.mairie-volonne.fr\/wp-content\/uploads\/2020\/12\/ccc.jpg\" alt=\"\" width=\"361\" height=\"435\" srcset=\"https:\/\/www.mairie-volonne.fr\/wp-content\/uploads\/2020\/12\/ccc-200x241.jpg 200w, https:\/\/www.mairie-volonne.fr\/wp-content\/uploads\/2020\/12\/ccc-249x300.jpg 249w, https:\/\/www.mairie-volonne.fr\/wp-content\/uploads\/2020\/12\/ccc.jpg 361w\" sizes=\"(max-width: 361px) 100vw, 361px\" \/><\/p>\n","protected":false},"excerpt":{"rendered":"<p>Plan Communal de Sauvegarde (P.C.S.) et Document d\u2019Information Communal sur les Risques Majeurs (DICRIM): Le Gouvernement a encourag\u00e9 chaque commune \u00e0 \u00e9tablir et mettre \u00e0 jour ces 2 documents \u00e0\u00a0la suite des catastrophes technologiques et climatiques ayant touch\u00e9 notre pays. Votre\u00a0s\u00e9curit\u00e9 \u00e9tant une priorit\u00e9 de la Municipalit\u00e9, les pr\u00e9c\u00e9dents PCS et DICRIM\u00a0\u00e9tablis ont\u00a0 \u00e9t\u00e9\u00a0 r\u00e9actualis\u00e9s. [&#8230;]<\/p>\n","protected":false},"author":7,"featured_media":0,"parent":0,"menu_order":0,"comment_status":"closed","ping_status":"closed","template":"","meta":{"_EventAllDay":false,"_EventTimezone":"","_EventStartDate":"","_EventEndDate":"","_EventStartDateUTC":"","_EventEndDateUTC":"","_EventShowMap":false,"_EventShowMapLink":false,"_EventURL":"","_EventCost":"","_EventCostDescription":"","_EventCurrencySymbol":"","_EventCurrencyCode":"","_EventCurrencyPosition":"","_EventDateTimeSeparator":"","_EventTimeRangeSeparator":"","_EventOrganizerID":[],"_EventVenueID":[],"_OrganizerEmail":"","_OrganizerPhone":"","_OrganizerWebsite":"","_VenueAddress":"","_VenueCity":"","_VenueCountry":"","_VenueProvince":"","_VenueState":"","_VenueZip":"","_VenuePhone":"","_VenueURL":"","_VenueStateProvince":"","_VenueLat":"","_VenueLng":"","_VenueShowMap":false,"_VenueShowMapLink":false,"jetpack_post_was_ever_published":false,"footnotes":""},"class_list":["post-10695","page","type-page","status-publish","hentry"],"jetpack_shortlink":"https:\/\/wp.me\/P6fN6B-2Mv","jetpack_sharing_enabled":true,"_links":{"self":[{"href":"https:\/\/www.mairie-volonne.fr\/index.php\/wp-json\/wp\/v2\/pages\/10695","targetHints":{"allow":["GET"]}}],"collection":[{"href":"https:\/\/www.mairie-volonne.fr\/index.php\/wp-json\/wp\/v2\/pages"}],"about":[{"href":"https:\/\/www.mairie-volonne.fr\/index.php\/wp-json\/wp\/v2\/types\/page"}],"author":[{"embeddable":true,"href":"https:\/\/www.mairie-volonne.fr\/index.php\/wp-json\/wp\/v2\/users\/7"}],"replies":[{"embeddable":true,"href":"https:\/\/www.mairie-volonne.fr\/index.php\/wp-json\/wp\/v2\/comments?post=10695"}],"version-history":[{"count":10,"href":"https:\/\/www.mairie-volonne.fr\/index.php\/wp-json\/wp\/v2\/pages\/10695\/revisions"}],"predecessor-version":[{"id":10713,"href":"https:\/\/www.mairie-volonne.fr\/index.php\/wp-json\/wp\/v2\/pages\/10695\/revisions\/10713"}],"wp:attachment":[{"href":"https:\/\/www.mairie-volonne.fr\/index.php\/wp-json\/wp\/v2\/media?parent=10695"}],"curies":[{"name":"wp","href":"https:\/\/api.w.org\/{rel}","templated":true}]}}