{"id":10124,"date":"2020-08-05T22:39:17","date_gmt":"2020-08-05T20:39:17","guid":{"rendered":"https:\/\/www.mairie-volonne.fr\/?page_id=10124"},"modified":"2024-07-12T11:34:11","modified_gmt":"2024-07-12T09:34:11","slug":"la-chareirrasse","status":"publish","type":"page","link":"https:\/\/www.mairie-volonne.fr\/index.php\/la-chareirrasse\/","title":{"rendered":"La Chareirrasse (2020\/2026)"},"content":{"rendered":"<p>&nbsp;<\/p>\n<p><img decoding=\"async\" class=\"wp-image-13303 aligncenter\" src=\"https:\/\/www.mairie-volonne.fr\/wp-content\/uploads\/2024\/07\/Design-sans-titre-6-e1720705308844.png\" alt=\"\" width=\"841\" height=\"296\" srcset=\"https:\/\/www.mairie-volonne.fr\/wp-content\/uploads\/2024\/07\/Design-sans-titre-6-e1720705308844-200x70.png 200w, https:\/\/www.mairie-volonne.fr\/wp-content\/uploads\/2024\/07\/Design-sans-titre-6-e1720705308844-300x105.png 300w, https:\/\/www.mairie-volonne.fr\/wp-content\/uploads\/2024\/07\/Design-sans-titre-6-e1720705308844-400x141.png 400w, https:\/\/www.mairie-volonne.fr\/wp-content\/uploads\/2024\/07\/Design-sans-titre-6-e1720705308844-600x211.png 600w, https:\/\/www.mairie-volonne.fr\/wp-content\/uploads\/2024\/07\/Design-sans-titre-6-e1720705308844-768x270.png 768w, https:\/\/www.mairie-volonne.fr\/wp-content\/uploads\/2024\/07\/Design-sans-titre-6-e1720705308844-800x281.png 800w, https:\/\/www.mairie-volonne.fr\/wp-content\/uploads\/2024\/07\/Design-sans-titre-6-e1720705308844-1024x360.png 1024w, https:\/\/www.mairie-volonne.fr\/wp-content\/uploads\/2024\/07\/Design-sans-titre-6-e1720705308844-1200x422.png 1200w, https:\/\/www.mairie-volonne.fr\/wp-content\/uploads\/2024\/07\/Design-sans-titre-6-e1720705308844-1320x464.png 1320w, https:\/\/www.mairie-volonne.fr\/wp-content\/uploads\/2024\/07\/Design-sans-titre-6-e1720705308844-1536x540.png 1536w, https:\/\/www.mairie-volonne.fr\/wp-content\/uploads\/2024\/07\/Design-sans-titre-6-e1720705308844.png 1747w\" sizes=\"(max-width: 841px) 100vw, 841px\" \/><\/p>\n<h3>Appr\u00e9ci\u00e9 des habitants, le chemin de chareirrasse fait partie du circuit \u00ab\u00a0Au fil de l&rsquo;Eau\u00a0\u00bb qui permet de d\u00e9couvrir le patrimoine hydraulique du Village. Il est aussi un passage incontournable des touristes qui se rendent au village depuis le camping, mais aussi celui des villageois qui rejoignent la promenade autour du lac.<\/h3>\n<h3>\u201cL\u2019Association pour la Participation et l\u2019Action R\u00e9gionale (APARE) s\u2019investit depuis de nombreuses ann\u00e9es dans la valorisation et la pr\u00e9servation des ouvrages en pierre s\u00e8che. Des chantiers b\u00e9n\u00e9voles sont notamment organis\u00e9s en Provence et dans le bassin m\u00e9diterran\u00e9en.<\/h3>\n<h3>D\u00e9s le 20 Juillet et ce jusqu&rsquo;au 09 ao\u00fbt 2024, les volontaires vivront en groupe et participeront \u00e0 un programme de travaux au cours duquel ils continueront le pavage du chemin de la Chareirrasse. Avec la pierre s\u00e8che qu\u2019ils taillent et installent, le chemin rena\u00eet et le r\u00e9sultat est prometteur. Il reste encore 1 an pour en appr\u00e9cier la beaut\u00e9 finale. Ces b\u00e9n\u00e9voles viennent de France, d\u2019Espagne, du Mexique et de Russie.<\/h3>\n<h3>Pour les accueillir, la Mairie organise un petit d\u00e9jeuner d\u2019accueil au stade Richaud Tamietti <strong>le lundi 22 juillet 2024 \u00e0 partir de 8h30.<\/strong><\/h3>\n<h3>Le Mercreid31 Juillet, la Vielle Pierre organise et offre la soupe au pistou aux jeunes internationaux au Bar de l&rsquo;industrie et un pot de d\u00e9part est offert par la Mairie sur la place du ch\u00e2teau le jeudi 08 Ao\u00fbt.<\/h3>\n<p>&nbsp;<\/p>\n<h3><iframe style=\"width: 100%; height: 500px;\" src=\"http:\/\/docs.google.com\/gview?url=https:\/\/www.mairie-volonne.fr\/wp-content\/uploads\/2024\/07\/2020-06-30-Fiche-A3-Presentation-Projet-Chareirasse.pdf&amp;embedded=true\" frameborder=\"0\"><\/iframe><\/h3>\n<p>&nbsp;<\/p>\n","protected":false},"excerpt":{"rendered":"<p>&nbsp; Appr\u00e9ci\u00e9 des habitants, le chemin de chareirrasse fait partie du circuit \u00ab\u00a0Au fil de l&rsquo;Eau\u00a0\u00bb qui permet de d\u00e9couvrir le patrimoine hydraulique du Village. Il est aussi un passage incontournable des touristes qui se rendent au village depuis le camping, mais aussi celui des villageois qui rejoignent la promenade autour du lac. \u201cL\u2019Association pour [&#8230;]<\/p>\n","protected":false},"author":7,"featured_media":0,"parent":0,"menu_order":0,"comment_status":"closed","ping_status":"closed","template":"","meta":{"_EventAllDay":false,"_EventTimezone":"","_EventStartDate":"","_EventEndDate":"","_EventStartDateUTC":"","_EventEndDateUTC":"","_EventShowMap":false,"_EventShowMapLink":false,"_EventURL":"","_EventCost":"","_EventCostDescription":"","_EventCurrencySymbol":"","_EventCurrencyCode":"","_EventCurrencyPosition":"","_EventDateTimeSeparator":"","_EventTimeRangeSeparator":"","_EventOrganizerID":[],"_EventVenueID":[],"_OrganizerEmail":"","_OrganizerPhone":"","_OrganizerWebsite":"","_VenueAddress":"","_VenueCity":"","_VenueCountry":"","_VenueProvince":"","_VenueState":"","_VenueZip":"","_VenuePhone":"","_VenueURL":"","_VenueStateProvince":"","_VenueLat":"","_VenueLng":"","_VenueShowMap":false,"_VenueShowMapLink":false,"jetpack_post_was_ever_published":false,"footnotes":""},"class_list":["post-10124","page","type-page","status-publish","hentry"],"jetpack_shortlink":"https:\/\/wp.me\/P6fN6B-2Di","jetpack_sharing_enabled":true,"_links":{"self":[{"href":"https:\/\/www.mairie-volonne.fr\/index.php\/wp-json\/wp\/v2\/pages\/10124","targetHints":{"allow":["GET"]}}],"collection":[{"href":"https:\/\/www.mairie-volonne.fr\/index.php\/wp-json\/wp\/v2\/pages"}],"about":[{"href":"https:\/\/www.mairie-volonne.fr\/index.php\/wp-json\/wp\/v2\/types\/page"}],"author":[{"embeddable":true,"href":"https:\/\/www.mairie-volonne.fr\/index.php\/wp-json\/wp\/v2\/users\/7"}],"replies":[{"embeddable":true,"href":"https:\/\/www.mairie-volonne.fr\/index.php\/wp-json\/wp\/v2\/comments?post=10124"}],"version-history":[{"count":19,"href":"https:\/\/www.mairie-volonne.fr\/index.php\/wp-json\/wp\/v2\/pages\/10124\/revisions"}],"predecessor-version":[{"id":13324,"href":"https:\/\/www.mairie-volonne.fr\/index.php\/wp-json\/wp\/v2\/pages\/10124\/revisions\/13324"}],"wp:attachment":[{"href":"https:\/\/www.mairie-volonne.fr\/index.php\/wp-json\/wp\/v2\/media?parent=10124"}],"curies":[{"name":"wp","href":"https:\/\/api.w.org\/{rel}","templated":true}]}}